{"id":12,"date":"2023-07-28T09:47:38","date_gmt":"2023-07-28T09:47:38","guid":{"rendered":"https:\/\/stgolympia.wpenginepowered.com\/?page_id=12"},"modified":"2026-03-12T14:31:55","modified_gmt":"2026-03-12T14:31:55","slug":"diversity-in-clinical-studies","status":"publish","type":"page","link":"https:\/\/olympiastudies.com\/cs-cz\/diversity-in-clinical-studies\/","title":{"rendered":"Rozmanitost v\u202fklinick\u00fdch studi\u00edch"},"content":{"rendered":"<div data-elementor-type=\"wp-page\" data-elementor-id=\"12\" class=\"elementor elementor-12\" data-elementor-post-type=\"page\">\n\t\t\t\t\t\t<section class=\"elementor-section elementor-top-section elementor-element elementor-element-65969d3 elementor-section-content-middle elementor-section-boxed elementor-section-height-default elementor-section-height-default\" data-id=\"65969d3\" data-element_type=\"section\" data-e-type=\"section\" data-settings=\"{&quot;background_background&quot;:&quot;classic&quot;}\">\n\t\t\t\t\t\t<div class=\"elementor-container elementor-column-gap-default\">\n\t\t\t\t\t<div class=\"elementor-column elementor-col-50 elementor-top-column elementor-element elementor-element-7627144\" data-id=\"7627144\" data-element_type=\"column\" data-e-type=\"column\">\n\t\t\t<div class=\"elementor-widget-wrap elementor-element-populated\">\n\t\t\t\t\t\t<div class=\"elementor-element elementor-element-0c41c73 elementor-widget elementor-widget-heading\" data-id=\"0c41c73\" data-element_type=\"widget\" data-e-type=\"widget\" data-widget_type=\"heading.default\">\n\t\t\t\t<div class=\"elementor-widget-container\">\n\t\t\t\t\t<h1 class=\"elementor-heading-title elementor-size-default\">Rozmanitost v\u202fklinick\u00fdch studi\u00edch<\/h1>\t\t\t\t<\/div>\n\t\t\t\t<\/div>\n\t\t\t\t<div class=\"elementor-element elementor-element-54cc092 elementor-widget elementor-widget-heading\" data-id=\"54cc092\" data-element_type=\"widget\" data-e-type=\"widget\" data-widget_type=\"heading.default\">\n\t\t\t\t<div class=\"elementor-widget-container\">\n\t\t\t\t\t<style>.elementor-element-54cc092{display:none !important}<\/style>\t\t\t\t<\/div>\n\t\t\t\t<\/div>\n\t\t\t\t<div class=\"elementor-element elementor-element-174e170 elementor-widget elementor-widget-text-editor\" data-id=\"174e170\" data-element_type=\"widget\" data-e-type=\"widget\" data-widget_type=\"text-editor.default\">\n\t\t\t\t<div class=\"elementor-widget-container\">\n\t\t\t\t\t\t\t\t\t<p>Pro\u010d je zastoupen\u00ed d\u016fle\u017eit\u00e9 pro vytvo\u0159en\u00ed lep\u0161\u00edch mo\u017enost\u00ed pro v\u0161echny, kdo trp\u00ed lymfomem<\/p>\t\t\t\t\t\t\t\t<\/div>\n\t\t\t\t<\/div>\n\t\t\t\t\t<\/div>\n\t\t<\/div>\n\t\t\t\t<div class=\"elementor-column elementor-col-50 elementor-top-column elementor-element elementor-element-500e49a\" data-id=\"500e49a\" data-element_type=\"column\" data-e-type=\"column\">\n\t\t\t<div class=\"elementor-widget-wrap elementor-element-populated\">\n\t\t\t\t\t\t<div class=\"elementor-element elementor-element-55ab6ee elementor-widget elementor-widget-image\" data-id=\"55ab6ee\" data-element_type=\"widget\" data-e-type=\"widget\" data-widget_type=\"image.default\">\n\t\t\t\t<div class=\"elementor-widget-container\">\n\t\t\t\t\t\t\t\t\t\t\t\t\t\t\t<img fetchpriority=\"high\" decoding=\"async\" width=\"567\" height=\"475\" src=\"https:\/\/olympiastudies.com\/wp-content\/uploads\/2023\/07\/DEI_header-1.png\" class=\"attachment-large size-large wp-image-84\" alt=\"\" srcset=\"https:\/\/olympiastudies.com\/wp-content\/uploads\/2023\/07\/DEI_header-1.png 567w, https:\/\/olympiastudies.com\/wp-content\/uploads\/2023\/07\/DEI_header-1-300x251.png 300w\" sizes=\"(max-width: 567px) 100vw, 567px\" \/>\t\t\t\t\t\t\t\t\t\t\t\t\t\t\t<\/div>\n\t\t\t\t<\/div>\n\t\t\t\t\t<\/div>\n\t\t<\/div>\n\t\t\t\t\t<\/div>\n\t\t<\/section>\n\t\t\t\t<section class=\"elementor-section elementor-top-section elementor-element elementor-element-99f1869 elementor-section-boxed elementor-section-height-default elementor-section-height-default\" data-id=\"99f1869\" data-element_type=\"section\" data-e-type=\"section\">\n\t\t\t\t\t\t<div class=\"elementor-container elementor-column-gap-default\">\n\t\t\t\t\t<div class=\"elementor-column elementor-col-50 elementor-top-column elementor-element elementor-element-294864d\" data-id=\"294864d\" data-element_type=\"column\" data-e-type=\"column\">\n\t\t\t<div class=\"elementor-widget-wrap elementor-element-populated\">\n\t\t\t\t\t\t<div class=\"elementor-element elementor-element-45c9de0 elementor-widget elementor-widget-image\" data-id=\"45c9de0\" data-element_type=\"widget\" data-e-type=\"widget\" data-widget_type=\"image.default\">\n\t\t\t\t<div class=\"elementor-widget-container\">\n\t\t\t\t\t\t\t\t\t\t\t\t\t\t\t<img decoding=\"async\" width=\"520\" height=\"527\" src=\"https:\/\/olympiastudies.com\/wp-content\/uploads\/2023\/07\/DEI_01.png\" class=\"attachment-large size-large wp-image-86\" alt=\"\" srcset=\"https:\/\/olympiastudies.com\/wp-content\/uploads\/2023\/07\/DEI_01.png 520w, https:\/\/olympiastudies.com\/wp-content\/uploads\/2023\/07\/DEI_01-296x300.png 296w\" sizes=\"(max-width: 520px) 100vw, 520px\" \/>\t\t\t\t\t\t\t\t\t\t\t\t\t\t\t<\/div>\n\t\t\t\t<\/div>\n\t\t\t\t\t<\/div>\n\t\t<\/div>\n\t\t\t\t<div class=\"elementor-column elementor-col-50 elementor-top-column elementor-element elementor-element-dcd87a3\" data-id=\"dcd87a3\" data-element_type=\"column\" data-e-type=\"column\">\n\t\t\t<div class=\"elementor-widget-wrap elementor-element-populated\">\n\t\t\t\t\t\t<div class=\"elementor-element elementor-element-e9dd02a elementor-widget elementor-widget-text-editor\" data-id=\"e9dd02a\" data-element_type=\"widget\" data-e-type=\"widget\" data-widget_type=\"text-editor.default\">\n\t\t\t\t<div class=\"elementor-widget-container\">\n\t\t\t\t\t\t\t\t\tPokud byl v\u00e1m nebo n\u011bkomu z\u202fva\u0161ich zn\u00e1m\u00fdch diagnostikov\u00e1n lymfom, mo\u017en\u00e1 jste sly\u0161eli o\u202fmo\u017enosti klinick\u00fdch v\u00fdzkumn\u00fdch studi\u00ed. Klinick\u00e9 studie jsou v\u00fdzkumn\u00e9 studie, kter\u00e9 testuj\u00ed nov\u00e9 mo\u017enosti l\u00e9\u010dby nebo zdravotnick\u00fdch prost\u0159edk\u016f a\u202ftak\u00e9 zkoumaj\u00ed nov\u00e9 zp\u016fsoby vyu\u017eit\u00ed st\u00e1vaj\u00edc\u00edch typ\u016f l\u00e9\u010dby. Jsou d\u016fle\u017eitou sou\u010d\u00e1st\u00ed v\u00fdvoje nov\u00fdch typ\u016f terapi\u00ed pro lymfom.\t\t\t\t\t\t\t\t<\/div>\n\t\t\t\t<\/div>\n\t\t\t\t<div class=\"elementor-element elementor-element-cd30330 elementor-widget elementor-widget-text-editor\" data-id=\"cd30330\" data-element_type=\"widget\" data-e-type=\"widget\" data-widget_type=\"text-editor.default\">\n\t\t\t\t<div class=\"elementor-widget-container\">\n\t\t\t\t\t\t\t\t\tJe d\u016fle\u017eit\u00e9 ch\u00e1pat, pro\u010d je d\u016fle\u017eit\u00e1 rozmanitost v\u202fklinick\u00fdch studi\u00edch lymfomu. Lymfom m\u00e1 nep\u0159\u00edzniv\u00e9 \u00fa\u010dinky na r\u016fzn\u00e9 populace. Vliv maj\u00ed pohlav\u00ed, v\u011bk a\u202fgeografick\u00e1 lokalita, p\u0159i\u010dem\u017e v\u011bt\u0161ina p\u0159\u00edpad\u016f se vyskytuje mezi star\u0161\u00edmi mu\u017ei (v\u011bk &gt;60\u202flet).<sup>1, 2<\/sup>  U\u202fmu\u017e\u016f existuje v\u011bt\u0161\u00ed pravd\u011bpodobnost, \u017ee se u\u202fnich vyvine Non-Hodgkin\u016fv lymfom ne\u017e u\u202f\u017een,<sup>2<\/sup> a\u202fp\u0159\u00edtomnost p\u0159edchoz\u00edch onemocn\u011bn\u00ed a\u202finfekc\u00ed, jako je HIV, lidsk\u00fd T-bun\u011b\u010dn\u00fd lymfotropn\u00ed virus a\u202fvirus Epsteina-Barrov\u00e9, mohou tak\u00e9 ovlivnit pravd\u011bpodobnost rozvoje lymfomu.<sup>3<\/sup>\t\t\t\t\t\t\t\t<\/div>\n\t\t\t\t<\/div>\n\t\t\t\t<div class=\"elementor-element elementor-element-1555b01 elementor-widget elementor-widget-text-editor\" data-id=\"1555b01\" data-element_type=\"widget\" data-e-type=\"widget\" data-widget_type=\"text-editor.default\">\n\t\t\t\t<div class=\"elementor-widget-container\">\n\t\t\t\t\t<style>.elementor-element-1555b01{display:none !important}<\/style>\t\t\t\t<\/div>\n\t\t\t\t<\/div>\n\t\t\t\t\t<\/div>\n\t\t<\/div>\n\t\t\t\t\t<\/div>\n\t\t<\/section>\n\t\t\t\t<section class=\"elementor-section elementor-top-section elementor-element elementor-element-c0870b9 elementor-section-content-middle elementor-section-boxed elementor-section-height-default elementor-section-height-default\" data-id=\"c0870b9\" data-element_type=\"section\" data-e-type=\"section\">\n\t\t\t\t\t\t<div class=\"elementor-container elementor-column-gap-default\">\n\t\t\t\t\t<div class=\"elementor-column elementor-col-50 elementor-top-column elementor-element elementor-element-0a32869\" data-id=\"0a32869\" data-element_type=\"column\" data-e-type=\"column\">\n\t\t\t<div class=\"elementor-widget-wrap elementor-element-populated\">\n\t\t\t\t\t\t<div class=\"elementor-element elementor-element-4473d4a elementor-widget__width-initial elementor-widget elementor-widget-text-editor\" data-id=\"4473d4a\" data-element_type=\"widget\" data-e-type=\"widget\" data-widget_type=\"text-editor.default\">\n\t\t\t\t<div class=\"elementor-widget-container\">\n\t\t\t\t\t\t\t\t\t<p>V\u202fUSA je v\u011bt\u0161\u00ed pravd\u011bpodobnost rozvoje lymfomu u\u202fb\u011bloch\u016f ne\u017e u\u202fAfroameri\u010dan\u016f a\u202fAmeri\u010dan\u016f asijsk\u00e9ho p\u016fvodu.<sup>2<\/sup> U\u202fn\u011bkter\u00fdch typ\u016f lymfomu jsou p\u0159esto hor\u0161\u00ed v\u00fdsledky mezi skupinami men\u0161in,<sup>4<\/sup> a\u202fje t\u0159eba dal\u0161\u00ed v\u00fdzkum, aby se zlep\u0161ila l\u00e9\u010dba pro v\u0161echny.<\/p>\t\t\t\t\t\t\t\t<\/div>\n\t\t\t\t<\/div>\n\t\t\t\t<div class=\"elementor-element elementor-element-ab76bbc elementor-widget elementor-widget-text-editor\" data-id=\"ab76bbc\" data-element_type=\"widget\" data-e-type=\"widget\" data-widget_type=\"text-editor.default\">\n\t\t\t\t<div class=\"elementor-widget-container\">\n\t\t\t\t\t\t\t\t\t\u00da\u010dastn\u00edci klinick\u00fdch studi\u00ed by m\u011bli zahrnovat osoby r\u016fzn\u00e9ho rasov\u00e9ho a\u202fetnick\u00e9ho p\u016fvodu, pohlav\u00ed, v\u011bku, z\u202fr\u016fzn\u00fdch p\u0159\u00edjmov\u00fdch skupin a\u202fgeografick\u00fdch lokalit. Kdy\u017e klinick\u00e9 studie zahrnuj\u00ed rozmanitou skupinu \u00fa\u010dastn\u00edk\u016f, mohou v\u00fdzkumn\u00edci p\u0159esn\u011bji ur\u010dit, jak efektivn\u00ed je l\u00e9\u010dba v\u202fr\u016fzn\u00fdch populac\u00edch, a\u202fidentifikovat potenci\u00e1ln\u00ed vedlej\u0161\u00ed \u00fa\u010dinky nebo komplikace, kter\u00e9 mohou b\u00fdt jedine\u010dn\u00e9 pro ur\u010dit\u00e9 populace.\t\t\t\t\t\t\t\t<\/div>\n\t\t\t\t<\/div>\n\t\t\t\t<div class=\"elementor-element elementor-element-e80214c elementor-widget elementor-widget-text-editor\" data-id=\"e80214c\" data-element_type=\"widget\" data-e-type=\"widget\" data-widget_type=\"text-editor.default\">\n\t\t\t\t<div class=\"elementor-widget-container\">\n\t\t\t\t\t\t\t\t\tPokud m\u00e1te z\u00e1jem o\u202f\u00fa\u010dast v\u202fklinick\u00e9 studii, promluvte si se sv\u00fdm l\u00e9ka\u0159em o\u202fdostupn\u00fdch mo\u017enostech a\u202fd\u016fle\u017eitosti rozmanitosti ve v\u00fdzkumu. Spole\u010dn\u011b m\u016f\u017eeme pracovat na v\u00fdvoji \u00fa\u010dinn\u011bj\u0161\u00ed a\u202fspravedliv\u00e9 l\u00e9\u010dby lymfomu.\t\t\t\t\t\t\t\t<\/div>\n\t\t\t\t<\/div>\n\t\t\t\t\t<\/div>\n\t\t<\/div>\n\t\t\t\t<div class=\"elementor-column elementor-col-50 elementor-top-column elementor-element elementor-element-5a630bb\" data-id=\"5a630bb\" data-element_type=\"column\" data-e-type=\"column\">\n\t\t\t<div class=\"elementor-widget-wrap elementor-element-populated\">\n\t\t\t\t\t\t<div class=\"elementor-element elementor-element-1a905b0 elementor-widget elementor-widget-image\" data-id=\"1a905b0\" data-element_type=\"widget\" data-e-type=\"widget\" data-widget_type=\"image.default\">\n\t\t\t\t<div class=\"elementor-widget-container\">\n\t\t\t\t\t\t\t\t\t\t\t\t\t\t\t<img decoding=\"async\" width=\"519\" height=\"449\" src=\"https:\/\/olympiastudies.com\/wp-content\/uploads\/2023\/07\/DEI_02.png\" class=\"attachment-large size-large wp-image-87\" alt=\"\" srcset=\"https:\/\/olympiastudies.com\/wp-content\/uploads\/2023\/07\/DEI_02.png 519w, https:\/\/olympiastudies.com\/wp-content\/uploads\/2023\/07\/DEI_02-300x260.png 300w\" sizes=\"(max-width: 519px) 100vw, 519px\" \/>\t\t\t\t\t\t\t\t\t\t\t\t\t\t\t<\/div>\n\t\t\t\t<\/div>\n\t\t\t\t\t<\/div>\n\t\t<\/div>\n\t\t\t\t\t<\/div>\n\t\t<\/section>\n\t\t\t\t<section class=\"elementor-section elementor-top-section elementor-element elementor-element-7fc85b5 elementor-section-boxed elementor-section-height-default elementor-section-height-default\" data-id=\"7fc85b5\" data-element_type=\"section\" data-e-type=\"section\" data-settings=\"{&quot;background_background&quot;:&quot;classic&quot;}\">\n\t\t\t\t\t\t<div class=\"elementor-container elementor-column-gap-default\">\n\t\t\t\t\t<div class=\"elementor-column elementor-col-50 elementor-top-column elementor-element elementor-element-808b66d\" data-id=\"808b66d\" data-element_type=\"column\" data-e-type=\"column\" data-settings=\"{&quot;background_background&quot;:&quot;classic&quot;}\">\n\t\t\t<div class=\"elementor-widget-wrap elementor-element-populated\">\n\t\t\t\t\t\t<div class=\"elementor-element elementor-element-63f3c28 elementor-widget elementor-widget-heading\" data-id=\"63f3c28\" data-element_type=\"widget\" data-e-type=\"widget\" data-widget_type=\"heading.default\">\n\t\t\t\t<div class=\"elementor-widget-container\">\n\t\t\t\t\t<h2 class=\"elementor-heading-title elementor-size-default\">Kroky, kter\u00e9 podnik\u00e1me k\u202fpodpo\u0159e rozmanitosti v\u202fklinick\u00fdch studi\u00edch.<\/h2>\t\t\t\t<\/div>\n\t\t\t\t<\/div>\n\t\t\t\t<div class=\"elementor-element elementor-element-465e866 elementor-widget elementor-widget-button\" data-id=\"465e866\" data-element_type=\"widget\" data-e-type=\"widget\" data-widget_type=\"button.default\">\n\t\t\t\t<div class=\"elementor-widget-container\">\n\t\t\t\t\t\t\t\t\t<div class=\"elementor-button-wrapper\">\n\t\t\t\t\t<a class=\"elementor-button elementor-button-link elementor-size-sm\" href=\"https:\/\/www.regeneron.com\/downloads\/regeneron-position-ethics-clinical-studies.pdf\" target=\"_blank\" rel=\"noopener\">\n\t\t\t\t\t\t<span class=\"elementor-button-content-wrapper\">\n\t\t\t\t\t\t\t\t\t<span class=\"elementor-button-text\">Dal\u0161\u00ed informace z\u00edsk\u00e1te zde<\/span>\n\t\t\t\t\t<\/span>\n\t\t\t\t\t<\/a>\n\t\t\t\t<\/div>\n\t\t\t\t\t\t\t\t<\/div>\n\t\t\t\t<\/div>\n\t\t\t\t<div class=\"elementor-element elementor-element-f2959ba elementor-widget elementor-widget-button\" data-id=\"f2959ba\" data-element_type=\"widget\" data-e-type=\"widget\" data-widget_type=\"button.default\">\n\t\t\t\t<div class=\"elementor-widget-container\">\n\t\t\t\t\t<style>.elementor-element-f2959ba{display:none !important}<\/style>\t\t\t\t<\/div>\n\t\t\t\t<\/div>\n\t\t\t\t\t<\/div>\n\t\t<\/div>\n\t\t\t\t<div class=\"elementor-column elementor-col-50 elementor-top-column elementor-element elementor-element-6a6da49\" data-id=\"6a6da49\" data-element_type=\"column\" data-e-type=\"column\">\n\t\t\t<div class=\"elementor-widget-wrap elementor-element-populated\">\n\t\t\t\t\t\t<div class=\"elementor-element elementor-element-a9e76bd elementor-widget elementor-widget-text-editor\" data-id=\"a9e76bd\" data-element_type=\"widget\" data-e-type=\"widget\" data-widget_type=\"text-editor.default\">\n\t\t\t\t<div class=\"elementor-widget-container\">\n\t\t\t\t\t\t\t\t\t<p><span style=\"white-space-collapse: preserve;\">Chcete-li z\u00edskat dal\u0161\u00ed informace rozmanitosti v\u202fklinick\u00fdch studi\u00edch a\u202fpro\u010d je d\u016fle\u017eit\u00e1, st\u00e1hn\u011bte si n\u00ed\u017ee uveden\u00e9 bro\u017eury.<\/span><\/p>\t\t\t\t\t\t\t\t<\/div>\n\t\t\t\t<\/div>\n\t\t\t\t<div class=\"elementor-element elementor-element-10754d2 diversityLinks elementor-icon-list--layout-traditional elementor-list-item-link-full_width elementor-widget elementor-widget-icon-list\" data-id=\"10754d2\" data-element_type=\"widget\" data-e-type=\"widget\" data-widget_type=\"icon-list.default\">\n\t\t\t\t<div class=\"elementor-widget-container\">\n\t\t\t\t\t\t\t<ul class=\"elementor-icon-list-items\">\n\t\t\t\t\t\t\t<li class=\"elementor-icon-list-item\">\n\t\t\t\t\t\t\t\t\t\t\t<a href=\"https:\/\/olympiastudies.com\/wp-content\/uploads\/2024\/02\/A-guide-to-the-importance-of-diversity-in-clinical-trials.pdf\" target=\"_blank\">\n\n\t\t\t\t\t\t\t\t\t\t\t\t<span class=\"elementor-icon-list-icon\">\n\t\t\t\t\t\t\t<i aria-hidden=\"true\" class=\"fas fa-chevron-circle-down\"><\/i>\t\t\t\t\t\t<\/span>\n\t\t\t\t\t\t\t\t\t\t<span class=\"elementor-icon-list-text\">Pr\u016fvodce d\u016fle\u017eitost\u00ed rozmanitosti v\u202fklinick\u00fdch studi\u00edch<\/span>\n\t\t\t\t\t\t\t\t\t\t\t<\/a>\n\t\t\t\t\t\t\t\t\t<\/li>\n\t\t\t\t\t\t\t\t<li class=\"elementor-icon-list-item\">\n\t\t\t\t\t\t\t\t\t\t\t<a href=\"https:\/\/olympiastudies.com\/wp-content\/uploads\/2024\/02\/Information-about-clinical-research-participation-for-Black-and-African-American-people-.pdf\" target=\"_blank\">\n\n\t\t\t\t\t\t\t\t\t\t\t\t<span class=\"elementor-icon-list-icon\">\n\t\t\t\t\t\t\t<i aria-hidden=\"true\" class=\"fas fa-chevron-circle-down\"><\/i>\t\t\t\t\t\t<\/span>\n\t\t\t\t\t\t\t\t\t\t<span class=\"elementor-icon-list-text\">Informace o\u202f\u00fa\u010dasti v\u202fklinick\u00e9m v\u00fdzkumu pro osoby s\u202f\u010dernou barvou pleti a\u202fAfroameri\u010dany<\/span>\n\t\t\t\t\t\t\t\t\t\t\t<\/a>\n\t\t\t\t\t\t\t\t\t<\/li>\n\t\t\t\t\t\t\t\t<li class=\"elementor-icon-list-item\">\n\t\t\t\t\t\t\t\t\t\t\t<a href=\"https:\/\/olympiastudies.com\/wp-content\/uploads\/2024\/02\/An-introduction-to-clinical-trials-for-Hispanics-and-Latinos-.pdf\" target=\"_blank\">\n\n\t\t\t\t\t\t\t\t\t\t\t\t<span class=\"elementor-icon-list-icon\">\n\t\t\t\t\t\t\t<i aria-hidden=\"true\" class=\"fas fa-chevron-circle-down\"><\/i>\t\t\t\t\t\t<\/span>\n\t\t\t\t\t\t\t\t\t\t<span class=\"elementor-icon-list-text\">\u00davod ke klinick\u00fdm zkou\u0161k\u00e1m pro osoby hisp\u00e1nsk\u00e9ho a\u202flatinskoamerick\u00e9ho p\u016fvodu<\/span>\n\t\t\t\t\t\t\t\t\t\t\t<\/a>\n\t\t\t\t\t\t\t\t\t<\/li>\n\t\t\t\t\t\t<\/ul>\n\t\t\t\t\t\t<\/div>\n\t\t\t\t<\/div>\n\t\t\t\t<div class=\"elementor-element elementor-element-93c7abe diversityLinks elementor-icon-list--layout-traditional elementor-list-item-link-full_width elementor-widget elementor-widget-icon-list\" data-id=\"93c7abe\" data-element_type=\"widget\" data-e-type=\"widget\" data-widget_type=\"icon-list.default\">\n\t\t\t\t<div class=\"elementor-widget-container\">\n\t\t\t\t\t<style>.elementor-element-93c7abe{display:none !important}<\/style>\t\t\t\t<\/div>\n\t\t\t\t<\/div>\n\t\t\t\t\t<\/div>\n\t\t<\/div>\n\t\t\t\t\t<\/div>\n\t\t<\/section>\n\t\t\t\t<section class=\"elementor-section elementor-top-section elementor-element elementor-element-972ed3f citations elementor-section-boxed elementor-section-height-default elementor-section-height-default\" data-id=\"972ed3f\" data-element_type=\"section\" data-e-type=\"section\">\n\t\t\t\t\t\t<div class=\"elementor-container elementor-column-gap-default\">\n\t\t\t\t\t<div class=\"elementor-column elementor-col-100 elementor-top-column elementor-element elementor-element-a7a47ea\" data-id=\"a7a47ea\" data-element_type=\"column\" data-e-type=\"column\">\n\t\t\t<div class=\"elementor-widget-wrap elementor-element-populated\">\n\t\t\t\t\t\t<div class=\"elementor-element elementor-element-cd9da40 elementor-widget elementor-widget-text-editor\" data-id=\"cd9da40\" data-element_type=\"widget\" data-e-type=\"widget\" data-widget_type=\"text-editor.default\">\n\t\t\t\t<div class=\"elementor-widget-container\">\n\t\t\t\t\t\t\t\t\t<strong>Citace<\/strong>\t\t\t\t\t\t\t\t<\/div>\n\t\t\t\t<\/div>\n\t\t\t\t<div class=\"elementor-element elementor-element-286b906 citations elementor-widget elementor-widget-text-editor\" data-id=\"286b906\" data-element_type=\"widget\" data-e-type=\"widget\" data-widget_type=\"text-editor.default\">\n\t\t\t\t<div class=\"elementor-widget-container\">\n\t\t\t\t\t\t\t\t\t<ol><li>Bray, F., Ferlay, J., Soerjomataram, I., Siegel, R. L., Torre, L. A., &amp; Jemal, A. (2018). Global cancer statistics 2018: GLOBOCAN estimates of incidence and mortality worldwide for 36 cancers in 185 countries. <em>CA: a cancer journal for clinicians, 68(6), 394\u2013424.<\/em> <a href=\"https:\/\/doi.org\/10.3322\/caac.21492 \" target=\"_blank\" rel=\"noopener\">https:\/\/doi.org\/10.3322\/caac.21492<\/a><br \/><br \/><\/li><li>American Cancer Society. Non-Hodgkin Lymphoma Risk Factors. Retrieved May 16, 2023, from <a href=\"https:\/\/www.cancer.org\/cancer\/types\/non-hodgkin-lymphoma\/causes-risks-prevention\/risk-factors.html \" target=\"_blank\" rel=\"noopener\">https:\/\/www.cancer.org\/cancer\/types\/non-hodgkin-lymphoma\/causes-risks-prevention\/risk-factors.html<\/a><br \/><br \/><\/li><li>Centers for Disease Control and Prevention. Lymphoma. Retrieved May 16, 2023 from <a href=\"https:\/\/www.cdc.gov\/cancer\/lymphoma\/index.htm \" target=\"_blank\" rel=\"noopener\">https:\/\/www.cdc.gov\/cancer\/lymphoma\/index.htm<\/a><br \/><br \/><\/li><li>MacDougall, K., Day, S., Hall, S., Zhao, D., Pandey, M., Ibrahimi, S., Khawandanah, M., Chakrabarty, J.H., Asch, A., Nipp, R., Al-Juhaishi, T. (2023). Impact of Race and Age and their Interactions on Survival Outcomes in Patients With Diffuse Large B-Cell Lymphoma. <em>Clinical Lymphoma, Myeloma and Leukemia, 23<\/em>(5), 379\u2013384. <a href=\"https:\/\/doi.org\/10.1016\/j.clml.2023.01.015 \" target=\"_blank\" rel=\"noopener\">https:\/\/doi.org\/10.1016\/j.clml.2023.01.015<\/a><\/li><\/ol>\t\t\t\t\t\t\t\t<\/div>\n\t\t\t\t<\/div>\n\t\t\t\t<div class=\"elementor-element elementor-element-a6993c2 citations elementor-widget elementor-widget-text-editor\" data-id=\"a6993c2\" data-element_type=\"widget\" data-e-type=\"widget\" data-widget_type=\"text-editor.default\">\n\t\t\t\t<div class=\"elementor-widget-container\">\n\t\t\t\t\t<style>.elementor-element-a6993c2{display:none !important}<\/style>\t\t\t\t<\/div>\n\t\t\t\t<\/div>\n\t\t\t\t\t<\/div>\n\t\t<\/div>\n\t\t\t\t\t<\/div>\n\t\t<\/section>\n\t\t\t\t<\/div>","protected":false},"excerpt":{"rendered":"<p>Diversity in clinical studies Why representation is essential for creating better options for everyone with lymphoma If you or someone you know has been diagnosed with lymphoma, you may have heard about clinical research studies as an option. Clinical studies are research studies that test new treatments or medical devices, as well as investigate new [&hellip;]<\/p>\n","protected":false},"author":2,"featured_media":0,"parent":0,"menu_order":0,"comment_status":"closed","ping_status":"closed","template":"","meta":{"footnotes":""},"class_list":["post-12","page","type-page","status-publish","hentry"],"_links":{"self":[{"href":"https:\/\/olympiastudies.com\/cs-cz\/wp-json\/wp\/v2\/pages\/12","targetHints":{"allow":["GET"]}}],"collection":[{"href":"https:\/\/olympiastudies.com\/cs-cz\/wp-json\/wp\/v2\/pages"}],"about":[{"href":"https:\/\/olympiastudies.com\/cs-cz\/wp-json\/wp\/v2\/types\/page"}],"author":[{"embeddable":true,"href":"https:\/\/olympiastudies.com\/cs-cz\/wp-json\/wp\/v2\/users\/2"}],"replies":[{"embeddable":true,"href":"https:\/\/olympiastudies.com\/cs-cz\/wp-json\/wp\/v2\/comments?post=12"}],"version-history":[{"count":0,"href":"https:\/\/olympiastudies.com\/cs-cz\/wp-json\/wp\/v2\/pages\/12\/revisions"}],"wp:attachment":[{"href":"https:\/\/olympiastudies.com\/cs-cz\/wp-json\/wp\/v2\/media?parent=12"}],"curies":[{"name":"wp","href":"https:\/\/api.w.org\/{rel}","templated":true}]}}