{"id":14,"date":"2023-07-28T09:48:16","date_gmt":"2023-07-28T09:48:16","guid":{"rendered":"https:\/\/stgolympia.wpenginepowered.com\/?page_id=14"},"modified":"2026-03-12T14:47:38","modified_gmt":"2026-03-12T14:47:38","slug":"faqs","status":"publish","type":"page","link":"https:\/\/olympiastudies.com\/cs-cz\/faqs\/","title":{"rendered":"\u010cast\u00e9 dotazy"},"content":{"rendered":"<div data-elementor-type=\"wp-page\" data-elementor-id=\"14\" class=\"elementor elementor-14\" data-elementor-post-type=\"page\">\n\t\t\t\t\t\t<section class=\"elementor-section elementor-top-section elementor-element elementor-element-c1025a4 headerDivider elementor-section-height-min-height elementor-section-boxed elementor-section-height-default elementor-section-items-middle\" data-id=\"c1025a4\" data-element_type=\"section\" data-e-type=\"section\" data-settings=\"{&quot;background_background&quot;:&quot;classic&quot;}\">\n\t\t\t\t\t\t\t<div class=\"elementor-background-overlay\"><\/div>\n\t\t\t\t\t\t\t<div class=\"elementor-container elementor-column-gap-no\">\n\t\t\t\t\t<div class=\"elementor-column elementor-col-33 elementor-top-column elementor-element elementor-element-59953f9 elementor-hidden-desktop elementor-hidden-tablet\" data-id=\"59953f9\" data-element_type=\"column\" data-e-type=\"column\">\n\t\t\t<div class=\"elementor-widget-wrap elementor-element-populated\">\n\t\t\t\t\t\t<div class=\"elementor-element elementor-element-3a03e36 elementor-widget elementor-widget-heading\" data-id=\"3a03e36\" data-element_type=\"widget\" data-e-type=\"widget\" data-widget_type=\"heading.default\">\n\t\t\t\t<div class=\"elementor-widget-container\">\n\t\t\t\t\t<h2 class=\"elementor-heading-title elementor-size-default\">\u010cast\u00e9 dotazy<\/h2>\t\t\t\t<\/div>\n\t\t\t\t<\/div>\n\t\t\t\t\t<\/div>\n\t\t<\/div>\n\t\t\t\t<div class=\"elementor-column elementor-col-33 elementor-top-column elementor-element elementor-element-2a4135b\" data-id=\"2a4135b\" data-element_type=\"column\" data-e-type=\"column\">\n\t\t\t<div class=\"elementor-widget-wrap\">\n\t\t\t\t\t\t\t<\/div>\n\t\t<\/div>\n\t\t\t\t<div class=\"elementor-column elementor-col-33 elementor-top-column elementor-element elementor-element-9292bd9\" data-id=\"9292bd9\" data-element_type=\"column\" data-e-type=\"column\" data-settings=\"{&quot;background_background&quot;:&quot;classic&quot;}\">\n\t\t\t<div class=\"elementor-widget-wrap\">\n\t\t\t\t\t\t\t<\/div>\n\t\t<\/div>\n\t\t\t\t\t<\/div>\n\t\t<\/section>\n\t\t\t\t<section class=\"elementor-section elementor-top-section elementor-element elementor-element-d307362 elementor-section-height-min-height header1 elementor-section-boxed elementor-section-height-default elementor-section-items-middle\" data-id=\"d307362\" data-element_type=\"section\" data-e-type=\"section\" data-settings=\"{&quot;background_background&quot;:&quot;classic&quot;}\">\n\t\t\t\t\t\t\t<div class=\"elementor-background-overlay\"><\/div>\n\t\t\t\t\t\t\t<div class=\"elementor-container elementor-column-gap-no\">\n\t\t\t\t\t<div class=\"elementor-column elementor-col-50 elementor-top-column elementor-element elementor-element-72aaadd\" data-id=\"72aaadd\" data-element_type=\"column\" data-e-type=\"column\">\n\t\t\t<div class=\"elementor-widget-wrap elementor-element-populated\">\n\t\t\t\t\t\t<div class=\"elementor-element elementor-element-32448f9 elementor-hidden-mobile elementor-widget elementor-widget-heading\" data-id=\"32448f9\" data-element_type=\"widget\" data-e-type=\"widget\" data-widget_type=\"heading.default\">\n\t\t\t\t<div class=\"elementor-widget-container\">\n\t\t\t\t\t<h2 class=\"elementor-heading-title elementor-size-default\">\u010cast\u00e9 dotazy<\/h2>\t\t\t\t<\/div>\n\t\t\t\t<\/div>\n\t\t\t\t\t<\/div>\n\t\t<\/div>\n\t\t\t\t<div class=\"elementor-column elementor-col-50 elementor-top-column elementor-element elementor-element-c9d0515\" data-id=\"c9d0515\" data-element_type=\"column\" data-e-type=\"column\" data-settings=\"{&quot;background_background&quot;:&quot;classic&quot;}\">\n\t\t\t<div class=\"elementor-widget-wrap\">\n\t\t\t\t\t\t\t<\/div>\n\t\t<\/div>\n\t\t\t\t\t<\/div>\n\t\t<\/section>\n\t\t\t\t<section class=\"elementor-section elementor-top-section elementor-element elementor-element-3b6ebec elementor-section-boxed elementor-section-height-default elementor-section-height-default\" data-id=\"3b6ebec\" data-element_type=\"section\" data-e-type=\"section\">\n\t\t\t\t\t\t<div class=\"elementor-container elementor-column-gap-default\">\n\t\t\t\t\t<div class=\"elementor-column elementor-col-100 elementor-top-column elementor-element elementor-element-559d089\" data-id=\"559d089\" data-element_type=\"column\" data-e-type=\"column\">\n\t\t\t<div class=\"elementor-widget-wrap elementor-element-populated\">\n\t\t\t\t\t\t<div class=\"elementor-element elementor-element-700530c olympiafaq elementor-widget elementor-widget-toggle\" data-id=\"700530c\" data-element_type=\"widget\" data-e-type=\"widget\" data-widget_type=\"toggle.default\">\n\t\t\t\t<div class=\"elementor-widget-container\">\n\t\t\t\t\t<style>.elementor-element-700530c{display:none !important}<\/style>\t\t\t\t<\/div>\n\t\t\t\t<\/div>\n\t\t\t\t<div class=\"elementor-element elementor-element-eda5769 olympiafaq elementor-widget elementor-widget-toggle\" data-id=\"eda5769\" data-element_type=\"widget\" data-e-type=\"widget\" data-widget_type=\"toggle.default\">\n\t\t\t\t<div class=\"elementor-widget-container\">\n\t\t\t\t\t\t\t<div class=\"elementor-toggle\">\n\t\t\t\t\t\t\t<div class=\"elementor-toggle-item\">\n\t\t\t\t\t<div id=\"elementor-tab-title-2491\" class=\"elementor-tab-title\" data-tab=\"1\" role=\"button\" aria-controls=\"elementor-tab-content-2491\" aria-expanded=\"false\">\n\t\t\t\t\t\t\t\t\t\t\t\t<span class=\"elementor-toggle-icon elementor-toggle-icon-right\" aria-hidden=\"true\">\n\t\t\t\t\t\t\t\t\t\t\t\t\t\t\t<span class=\"elementor-toggle-icon-closed\"><i class=\"fas fa-chevron-down\"><\/i><\/span>\n\t\t\t\t\t\t\t\t<span class=\"elementor-toggle-icon-opened\"><i class=\"elementor-toggle-icon-opened fas fa-chevron-up\"><\/i><\/span>\n\t\t\t\t\t\t\t\t\t\t\t\t\t<\/span>\n\t\t\t\t\t\t\t\t\t\t\t\t<a class=\"elementor-toggle-title\" tabindex=\"0\">Kde najdu dal\u0161\u00ed zdroje informac\u00ed o\u202flymfomu a\u202fklinick\u00fdch studi\u00edch?<\/a>\n\t\t\t\t\t<\/div>\n\n\t\t\t\t\t<div id=\"elementor-tab-content-2491\" class=\"elementor-tab-content elementor-clearfix\" data-tab=\"1\" role=\"region\" aria-labelledby=\"elementor-tab-title-2491\"><p>K\u202fdispozici je n\u011bkolik online zdroj\u016f, kde m\u016f\u017eete z\u00edskat informace o\u202flymfomu a\u202fva\u0161ich mo\u017enostech, od skupin zast\u00e1nc\u016f pr\u00e1v a\u017e po v\u00fdzkumn\u00e9 nadace. Chcete-li se dozv\u011bd\u011bt v\u00edce, pod\u00edvejte se na n\u011bkter\u00e9 n\u00ed\u017ee uveden\u00e9 zdroje.<\/p><ul><li><a href=\"https:\/\/lymphoma.org\/resources\/supportservices\/lsn\/\" target=\"_blank\" rel=\"noopener\">Podp\u016frn\u00e1 s\u00ed\u0165 pro lymfom <\/a><\/li><li><a href=\"https:\/\/www.lls.org\/support-resources\" target=\"_blank\" rel=\"noopener\">Spole\u010dnost pro leukemii a\u202flymfom<\/a><\/li><li><a href=\"https:\/\/www.cancercare.org\/diagnosis\/lymphoma\" target=\"_blank\" rel=\"noopener\">CancerCare<\/a><\/li><li><a href=\"http:\/\/www.cancer.org\" target=\"_blank\" rel=\"noopener\">Americk\u00e1 spole\u010dnost pro v\u00fdzkum rakoviny<\/a><\/li><li><a href=\"https:\/\/lymphoma.org\/\" target=\"_blank\" rel=\"noopener\">Nadace pro v\u00fdzkum lymfomu<\/a><\/li><li><a href=\"https:\/\/lymphomacoalition.org\/\" target=\"_blank\" rel=\"noopener\">Koalice pro lymfom<\/a><\/li><li><a href=\"https:\/\/www.europeancancer.org\/patients\" target=\"_blank\" rel=\"noopener\">Pacienti\u202f\u2013 Evropsk\u00e1 spole\u010dnost pro v\u00fdzkum rakoviny<\/a><\/li><li><a href=\"https:\/\/cancer101.org\/\" target=\"_blank\" rel=\"noopener\">C101\u202f\u2013 Jedine\u010dn\u00fd zdroj pro osoby trp\u00edc\u00ed rakovinou<\/a><\/li><\/ul><p>Diagn\u00f3za lymfomu m\u016f\u017ee b\u00fdt zdrcuj\u00edc\u00ed\u202f\u2013 je d\u016fle\u017eit\u00e9 naj\u00edt podporu. Chcete-li z\u00edskat dal\u0161\u00ed informace o\u202fzvl\u00e1d\u00e1n\u00ed depres\u00ed a\u202f\u00fazkosti souvisej\u00edc\u00edch s\u202fva\u0161\u00ed diagn\u00f3zou, pod\u00edvejte se na tyto dal\u0161\u00ed zdroje.<\/p><ul><li><a href=\"https:\/\/nami.org\/Home\" target=\"_blank\" rel=\"noopener\">N\u00e1rodn\u00ed aliance pro du\u0161evn\u00ed choroby<\/a><\/li><li><a href=\"https:\/\/www.nimh.nih.gov\/\" target=\"_blank\" rel=\"noopener\">N\u00e1rodn\u00ed institut pro du\u0161evn\u00ed zdrav\u00ed<\/a><\/li><li><a href=\"https:\/\/www.cancer.org\/cancer\/managing-cancer\/side-effects\/emotional-mood-changes.html\" target=\"_blank\" rel=\"noopener\">Americk\u00e1 spole\u010dnost pro v\u00fdzkum rakoviny<\/a><\/li><\/ul><\/div>\n\t\t\t\t<\/div>\n\t\t\t\t\t\t\t<div class=\"elementor-toggle-item\">\n\t\t\t\t\t<div id=\"elementor-tab-title-2492\" class=\"elementor-tab-title\" data-tab=\"2\" role=\"button\" aria-controls=\"elementor-tab-content-2492\" aria-expanded=\"false\">\n\t\t\t\t\t\t\t\t\t\t\t\t<span class=\"elementor-toggle-icon elementor-toggle-icon-right\" aria-hidden=\"true\">\n\t\t\t\t\t\t\t\t\t\t\t\t\t\t\t<span class=\"elementor-toggle-icon-closed\"><i class=\"fas fa-chevron-down\"><\/i><\/span>\n\t\t\t\t\t\t\t\t<span class=\"elementor-toggle-icon-opened\"><i class=\"elementor-toggle-icon-opened fas fa-chevron-up\"><\/i><\/span>\n\t\t\t\t\t\t\t\t\t\t\t\t\t<\/span>\n\t\t\t\t\t\t\t\t\t\t\t\t<a class=\"elementor-toggle-title\" tabindex=\"0\">Co je to klinick\u00e1 v\u00fdzkumn\u00e1 studie?<\/a>\n\t\t\t\t\t<\/div>\n\n\t\t\t\t\t<div id=\"elementor-tab-content-2492\" class=\"elementor-tab-content elementor-clearfix\" data-tab=\"2\" role=\"region\" aria-labelledby=\"elementor-tab-title-2492\"><p>Klinick\u00e1 v\u00fdzkumn\u00e1 studie je v\u011bdeck\u00fd v\u00fdzkum prov\u00e1d\u011bn\u00fd u\u202flidsk\u00fdch dobrovoln\u00edk\u016f s\u202fc\u00edlem zodpov\u011bd\u011bt konkr\u00e9tn\u00ed ot\u00e1zky t\u00fdkaj\u00edc\u00ed se zdrav\u00ed. Interven\u010dn\u00ed studie stanovuj\u00ed, zda jsou experiment\u00e1ln\u00ed zp\u016fsoby l\u00e9\u010dby nebo nov\u00e9 zp\u016fsoby vyu\u017eit\u00ed zn\u00e1m\u00fdch terapi\u00ed bezpe\u010dn\u00e9 a\u202f\u00fa\u010dinn\u00e9 v\u202fkontrolovan\u00e9m prost\u0159ed\u00ed.\u202fKlinick\u00e9 v\u00fdzkumn\u00e9 studie se tak\u00e9 ozna\u010duj\u00ed jako klinick\u00e9 zkou\u0161ky.<\/p><\/div>\n\t\t\t\t<\/div>\n\t\t\t\t\t\t\t<div class=\"elementor-toggle-item\">\n\t\t\t\t\t<div id=\"elementor-tab-title-2493\" class=\"elementor-tab-title\" data-tab=\"3\" role=\"button\" aria-controls=\"elementor-tab-content-2493\" aria-expanded=\"false\">\n\t\t\t\t\t\t\t\t\t\t\t\t<span class=\"elementor-toggle-icon elementor-toggle-icon-right\" aria-hidden=\"true\">\n\t\t\t\t\t\t\t\t\t\t\t\t\t\t\t<span class=\"elementor-toggle-icon-closed\"><i class=\"fas fa-chevron-down\"><\/i><\/span>\n\t\t\t\t\t\t\t\t<span class=\"elementor-toggle-icon-opened\"><i class=\"elementor-toggle-icon-opened fas fa-chevron-up\"><\/i><\/span>\n\t\t\t\t\t\t\t\t\t\t\t\t\t<\/span>\n\t\t\t\t\t\t\t\t\t\t\t\t<a class=\"elementor-toggle-title\" tabindex=\"0\">Co jsou studie OLYMPIA?<\/a>\n\t\t\t\t\t<\/div>\n\n\t\t\t\t\t<div id=\"elementor-tab-content-2493\" class=\"elementor-tab-content elementor-clearfix\" data-tab=\"3\" role=\"region\" aria-labelledby=\"elementor-tab-title-2493\"><p>Studie OLYMPIA jsou klinick\u00e9 v\u00fdzkumn\u00e9 studie pro osoby trp\u00edc\u00ed lymfomem. C\u00edlem studi\u00ed OLYMPIA je vyhodnotit \u00fa\u010dinnost a\u202fbezpe\u010dnost hodnocen\u00e9ho l\u00e9ku p\u0159i l\u00e9\u010db\u011b lymfomu ve srovn\u00e1n\u00ed s\u202fjin\u00fdmi typy l\u00e9\u010dby, kter\u00e9 jsou ji\u017e pro lymfom schv\u00e1leny.<\/p><p>Klinick\u00e9 studie jsou pro v\u00fdzkum potenci\u00e1ln\u00edch mo\u017enost\u00ed l\u00e9\u010dby z\u00e1sadn\u00ed. \u017dijete-li s\u202flymfomem, m\u016f\u017ee v\u00e1m to p\u0159ipadat ne\u00fanosn\u00e9 a\u202fm\u016f\u017eete m\u00edt pocit, \u017ee m\u00e1te dost starost\u00ed i\u202fbez toho, \u017ee se zapoj\u00edte do klinick\u00e9 studie. Av\u0161ak ka\u017ed\u00fd, kdo se \u00fa\u010dastn\u00ed t\u011bchto klinick\u00fdch studi\u00ed, hraje d\u016fle\u017eitou roli v\u202froz\u0161i\u0159ov\u00e1n\u00ed na\u0161ich znalost\u00ed o\u202flymfomu, co\u017e m\u016f\u017ee v\u202fbudoucnu pomoci dal\u0161\u00edm lidem s\u202ft\u00edmto onemocn\u011bn\u00edm. Ka\u017ed\u00e1 l\u00e9\u010dba, kter\u00e1 dnes existuje, je k\u202fdispozici d\u00edky \u00fa\u010dastn\u00edk\u016fm studi\u00ed, kte\u0159\u00ed se zapojili do v\u00fdzkumn\u00fdch studi\u00ed.<\/p><\/div>\n\t\t\t\t<\/div>\n\t\t\t\t\t\t\t<div class=\"elementor-toggle-item\">\n\t\t\t\t\t<div id=\"elementor-tab-title-2494\" class=\"elementor-tab-title\" data-tab=\"4\" role=\"button\" aria-controls=\"elementor-tab-content-2494\" aria-expanded=\"false\">\n\t\t\t\t\t\t\t\t\t\t\t\t<span class=\"elementor-toggle-icon elementor-toggle-icon-right\" aria-hidden=\"true\">\n\t\t\t\t\t\t\t\t\t\t\t\t\t\t\t<span class=\"elementor-toggle-icon-closed\"><i class=\"fas fa-chevron-down\"><\/i><\/span>\n\t\t\t\t\t\t\t\t<span class=\"elementor-toggle-icon-opened\"><i class=\"elementor-toggle-icon-opened fas fa-chevron-up\"><\/i><\/span>\n\t\t\t\t\t\t\t\t\t\t\t\t\t<\/span>\n\t\t\t\t\t\t\t\t\t\t\t\t<a class=\"elementor-toggle-title\" tabindex=\"0\">Jsem zp\u016fsobil\u00fd (zp\u016fsobil\u00e1) k\u202f\u00fa\u010dasti ve studi\u00edch OLYMPIA?<\/a>\n\t\t\t\t\t<\/div>\n\n\t\t\t\t\t<div id=\"elementor-tab-content-2494\" class=\"elementor-tab-content elementor-clearfix\" data-tab=\"4\" role=\"region\" aria-labelledby=\"elementor-tab-title-2494\"><p>Zp\u016fsobilost se bude li\u0161it podle toho, do kter\u00e9 studie OLYMPIA se zapoj\u00edte. Z\u00edskejte dal\u0161\u00ed informace o\u202fklinick\u00fdch zkou\u0161k\u00e1ch OLYMPIA a\u202fzjist\u011bte, zda jste zp\u016fsobil\u00ed.<br \/><a class=\"faqbtn\" role=\"button\" href=\"\/cs-cz\/home\/#olympiaStudies\">Dal\u0161\u00ed informace z\u00edsk\u00e1te zde<\/a><\/p><\/div>\n\t\t\t\t<\/div>\n\t\t\t\t\t\t\t<div class=\"elementor-toggle-item\">\n\t\t\t\t\t<div id=\"elementor-tab-title-2495\" class=\"elementor-tab-title\" data-tab=\"5\" role=\"button\" aria-controls=\"elementor-tab-content-2495\" aria-expanded=\"false\">\n\t\t\t\t\t\t\t\t\t\t\t\t<span class=\"elementor-toggle-icon elementor-toggle-icon-right\" aria-hidden=\"true\">\n\t\t\t\t\t\t\t\t\t\t\t\t\t\t\t<span class=\"elementor-toggle-icon-closed\"><i class=\"fas fa-chevron-down\"><\/i><\/span>\n\t\t\t\t\t\t\t\t<span class=\"elementor-toggle-icon-opened\"><i class=\"elementor-toggle-icon-opened fas fa-chevron-up\"><\/i><\/span>\n\t\t\t\t\t\t\t\t\t\t\t\t\t<\/span>\n\t\t\t\t\t\t\t\t\t\t\t\t<a class=\"elementor-toggle-title\" tabindex=\"0\">Jak\u00e9 jsou m\u00e9 povinnosti, pokud se z\u00fa\u010dastn\u00edm?<\/a>\n\t\t\t\t\t<\/div>\n\n\t\t\t\t\t<div id=\"elementor-tab-content-2495\" class=\"elementor-tab-content elementor-clearfix\" data-tab=\"5\" role=\"region\" aria-labelledby=\"elementor-tab-title-2495\"><p>Pokud se do studie zapoj\u00edte, budou se od v\u00e1s o\u010dek\u00e1vat ur\u010dit\u00e9 \u00fakony. Pat\u0159\u00ed mezi n\u011b \u00fa\u010dast na n\u00e1v\u0161t\u011bv\u00e1ch studie a\u202fpodstoupen\u00ed ur\u010dit\u00fdch vy\u0161et\u0159en\u00ed a\u202fpostup\u016f, jako jsou zobrazovac\u00ed vy\u0161et\u0159en\u00ed, biopsie a\u202fodb\u011bry krve. D\u00e9lka va\u0161\u00ed \u00fa\u010dasti bude z\u00e1viset na tom, kter\u00e9 ze studi\u00ed OLYMPIA se z\u00fa\u010dastn\u00edte a\u202fjak budete reagovat na hodnocen\u00e9 l\u00e9ky.<\/p><\/div>\n\t\t\t\t<\/div>\n\t\t\t\t\t\t\t<div class=\"elementor-toggle-item\">\n\t\t\t\t\t<div id=\"elementor-tab-title-2496\" class=\"elementor-tab-title\" data-tab=\"6\" role=\"button\" aria-controls=\"elementor-tab-content-2496\" aria-expanded=\"false\">\n\t\t\t\t\t\t\t\t\t\t\t\t<span class=\"elementor-toggle-icon elementor-toggle-icon-right\" aria-hidden=\"true\">\n\t\t\t\t\t\t\t\t\t\t\t\t\t\t\t<span class=\"elementor-toggle-icon-closed\"><i class=\"fas fa-chevron-down\"><\/i><\/span>\n\t\t\t\t\t\t\t\t<span class=\"elementor-toggle-icon-opened\"><i class=\"elementor-toggle-icon-opened fas fa-chevron-up\"><\/i><\/span>\n\t\t\t\t\t\t\t\t\t\t\t\t\t<\/span>\n\t\t\t\t\t\t\t\t\t\t\t\t<a class=\"elementor-toggle-title\" tabindex=\"0\">Jak dlouho studie potrv\u00e1?<\/a>\n\t\t\t\t\t<\/div>\n\n\t\t\t\t\t<div id=\"elementor-tab-content-2496\" class=\"elementor-tab-content elementor-clearfix\" data-tab=\"6\" role=\"region\" aria-labelledby=\"elementor-tab-title-2496\"><p>D\u00e9lka va\u0161\u00ed \u00fa\u010dasti bude z\u00e1viset na n\u011bkolika faktorech v\u010detn\u011b toho, kter\u00e9 studie se z\u00fa\u010dastn\u00edte a\u202fjak budete reagovat na hodnocen\u00fd l\u00e9k.<\/p><\/div>\n\t\t\t\t<\/div>\n\t\t\t\t\t\t\t<div class=\"elementor-toggle-item\">\n\t\t\t\t\t<div id=\"elementor-tab-title-2497\" class=\"elementor-tab-title\" data-tab=\"7\" role=\"button\" aria-controls=\"elementor-tab-content-2497\" aria-expanded=\"false\">\n\t\t\t\t\t\t\t\t\t\t\t\t<span class=\"elementor-toggle-icon elementor-toggle-icon-right\" aria-hidden=\"true\">\n\t\t\t\t\t\t\t\t\t\t\t\t\t\t\t<span class=\"elementor-toggle-icon-closed\"><i class=\"fas fa-chevron-down\"><\/i><\/span>\n\t\t\t\t\t\t\t\t<span class=\"elementor-toggle-icon-opened\"><i class=\"elementor-toggle-icon-opened fas fa-chevron-up\"><\/i><\/span>\n\t\t\t\t\t\t\t\t\t\t\t\t\t<\/span>\n\t\t\t\t\t\t\t\t\t\t\t\t<a class=\"elementor-toggle-title\" tabindex=\"0\">Jak\u00fd budu m\u00edt prosp\u011bch ze zapojen\u00ed do studie?<\/a>\n\t\t\t\t\t<\/div>\n\n\t\t\t\t\t<div id=\"elementor-tab-content-2497\" class=\"elementor-tab-content elementor-clearfix\" data-tab=\"7\" role=\"region\" aria-labelledby=\"elementor-tab-title-2497\"><p>M\u016f\u017eete m\u00edt prosp\u011bch z\u202fdal\u0161\u00edch prohl\u00eddek proveden\u00fdch nad r\u00e1mec va\u0161\u00ed obvykl\u00e9 zdravotn\u00ed p\u00e9\u010de a\u202ftak\u00e9 z\u202fp\u0159\u00edstupu ke specialist\u016fm na lymfom. Nen\u00ed zaru\u010deno, \u017ee \u00fa\u010dast v\u202ft\u00e9to studii pro V\u00e1s bude m\u00edt zdravotn\u00ed p\u0159\u00ednos. V\u00e1\u0161 stav se m\u016f\u017ee zlep\u0161it, m\u016f\u017ee z\u016fstat stejn\u00fd, nebo se m\u016f\u017ee i\u202fzhor\u0161it.<\/p><\/div>\n\t\t\t\t<\/div>\n\t\t\t\t\t\t\t<div class=\"elementor-toggle-item\">\n\t\t\t\t\t<div id=\"elementor-tab-title-2498\" class=\"elementor-tab-title\" data-tab=\"8\" role=\"button\" aria-controls=\"elementor-tab-content-2498\" aria-expanded=\"false\">\n\t\t\t\t\t\t\t\t\t\t\t\t<span class=\"elementor-toggle-icon elementor-toggle-icon-right\" aria-hidden=\"true\">\n\t\t\t\t\t\t\t\t\t\t\t\t\t\t\t<span class=\"elementor-toggle-icon-closed\"><i class=\"fas fa-chevron-down\"><\/i><\/span>\n\t\t\t\t\t\t\t\t<span class=\"elementor-toggle-icon-opened\"><i class=\"elementor-toggle-icon-opened fas fa-chevron-up\"><\/i><\/span>\n\t\t\t\t\t\t\t\t\t\t\t\t\t<\/span>\n\t\t\t\t\t\t\t\t\t\t\t\t<a class=\"elementor-toggle-title\" tabindex=\"0\">Jak\u00e1 jsou potenci\u00e1ln\u00ed rizika \u00fa\u010dasti?<\/a>\n\t\t\t\t\t<\/div>\n\n\t\t\t\t\t<div id=\"elementor-tab-content-2498\" class=\"elementor-tab-content elementor-clearfix\" data-tab=\"8\" role=\"region\" aria-labelledby=\"elementor-tab-title-2498\"><p>Jako u\u202fv\u0161ech l\u00e9k\u016f existuj\u00ed p\u0159i jejich u\u017e\u00edv\u00e1n\u00ed mo\u017en\u00e1 rizika. Obdr\u017e\u00edte Formul\u00e1\u0159 informovan\u00e9ho souhlasu, kter\u00fd v\u00e1m vysv\u011btl\u00ed rizika pozorovan\u00e1 v\u202fjin\u00fdch klinick\u00fdch studi\u00edch, kter\u00e9 zkoumaly hodnocen\u00fd studijn\u00ed l\u00e9k. L\u00e9k na v\u00e1s tak\u00e9 m\u016f\u017ee p\u016fsobit nezn\u00e1m\u00fdm zp\u016fsobem. Pokud byste zpozorovali jak\u00e9koli zm\u011bny sv\u00e9ho zdrav\u00ed, jakkoli by se zd\u00e1lo, \u017ee se studi\u00ed nesouvisej\u00ed, m\u011bli byste o\u202fnich \u0159\u00edci sv\u00e9mu l\u00e9ka\u0159i studie a\u202ft\u00fdmu studie.<\/p><\/div>\n\t\t\t\t<\/div>\n\t\t\t\t\t\t\t<div class=\"elementor-toggle-item\">\n\t\t\t\t\t<div id=\"elementor-tab-title-2499\" class=\"elementor-tab-title\" data-tab=\"9\" role=\"button\" aria-controls=\"elementor-tab-content-2499\" aria-expanded=\"false\">\n\t\t\t\t\t\t\t\t\t\t\t\t<span class=\"elementor-toggle-icon elementor-toggle-icon-right\" aria-hidden=\"true\">\n\t\t\t\t\t\t\t\t\t\t\t\t\t\t\t<span class=\"elementor-toggle-icon-closed\"><i class=\"fas fa-chevron-down\"><\/i><\/span>\n\t\t\t\t\t\t\t\t<span class=\"elementor-toggle-icon-opened\"><i class=\"elementor-toggle-icon-opened fas fa-chevron-up\"><\/i><\/span>\n\t\t\t\t\t\t\t\t\t\t\t\t\t<\/span>\n\t\t\t\t\t\t\t\t\t\t\t\t<a class=\"elementor-toggle-title\" tabindex=\"0\">Kde studie prob\u00edh\u00e1?<\/a>\n\t\t\t\t\t<\/div>\n\n\t\t\t\t\t<div id=\"elementor-tab-content-2499\" class=\"elementor-tab-content elementor-clearfix\" data-tab=\"9\" role=\"region\" aria-labelledby=\"elementor-tab-title-2499\"><p>Studie OLYMPIA se konaj\u00ed v\u202fcentrech pro studie na cel\u00e9m sv\u011bt\u011b. Z\u00edskejte dal\u0161\u00ed informace o\u202fstudi\u00edch OLYMPIA a\u202fnajd\u011bte si centrum pro studie bl\u00edzko v\u00e1s.<br \/><a class=\"faqbtn\" role=\"button\" href=\"\/cs-cz\/home\/#olympiaStudies\">Dal\u0161\u00ed informace z\u00edsk\u00e1te zde<\/a><\/p><\/div>\n\t\t\t\t<\/div>\n\t\t\t\t\t\t\t\t<\/div>\n\t\t\t\t\t\t<\/div>\n\t\t\t\t<\/div>\n\t\t\t\t<div class=\"elementor-element elementor-element-4eff222 olympiafaq elementor-widget elementor-widget-toggle\" data-id=\"4eff222\" data-element_type=\"widget\" data-e-type=\"widget\" data-widget_type=\"toggle.default\">\n\t\t\t\t<div class=\"elementor-widget-container\">\n\t\t\t\t\t<style>.elementor-element-4eff222{display:none !important}<\/style>\t\t\t\t<\/div>\n\t\t\t\t<\/div>\n\t\t\t\t<div class=\"elementor-element elementor-element-aec2501 olympiafaq elementor-widget elementor-widget-toggle\" data-id=\"aec2501\" data-element_type=\"widget\" data-e-type=\"widget\" data-widget_type=\"toggle.default\">\n\t\t\t\t<div class=\"elementor-widget-container\">\n\t\t\t\t\t<style>.elementor-element-aec2501{display:none !important}<\/style>\t\t\t\t<\/div>\n\t\t\t\t<\/div>\n\t\t\t\t\t<\/div>\n\t\t<\/div>\n\t\t\t\t\t<\/div>\n\t\t<\/section>\n\t\t\t\t<section class=\"elementor-section elementor-top-section elementor-element elementor-element-dca6840 elementor-section-boxed elementor-section-height-default elementor-section-height-default\" data-id=\"dca6840\" data-element_type=\"section\" data-e-type=\"section\">\n\t\t\t\t\t\t<div class=\"elementor-container elementor-column-gap-default\">\n\t\t\t\t\t<div class=\"elementor-column elementor-col-33 elementor-top-column elementor-element elementor-element-986f8aa\" data-id=\"986f8aa\" data-element_type=\"column\" data-e-type=\"column\">\n\t\t\t<div class=\"elementor-widget-wrap elementor-element-populated\">\n\t\t\t\t\t\t<div class=\"elementor-element elementor-element-a07b5a8 elementor-widget elementor-widget-image\" data-id=\"a07b5a8\" data-element_type=\"widget\" data-e-type=\"widget\" data-widget_type=\"image.default\">\n\t\t\t\t<div class=\"elementor-widget-container\">\n\t\t\t\t\t\t\t\t\t\t\t\t\t\t\t<img decoding=\"async\" width=\"117\" height=\"133\" src=\"https:\/\/olympiastudies.com\/wp-content\/uploads\/2023\/07\/question-icon.png\" class=\"attachment-large size-large wp-image-64\" alt=\"\" \/>\t\t\t\t\t\t\t\t\t\t\t\t\t\t\t<\/div>\n\t\t\t\t<\/div>\n\t\t\t\t\t<\/div>\n\t\t<\/div>\n\t\t\t\t<div class=\"elementor-column elementor-col-66 elementor-top-column elementor-element elementor-element-5cdcd68\" data-id=\"5cdcd68\" data-element_type=\"column\" data-e-type=\"column\">\n\t\t\t<div class=\"elementor-widget-wrap elementor-element-populated\">\n\t\t\t\t\t\t<div class=\"elementor-element elementor-element-66e4487 elementor-widget elementor-widget-heading\" data-id=\"66e4487\" data-element_type=\"widget\" data-e-type=\"widget\" data-widget_type=\"heading.default\">\n\t\t\t\t<div class=\"elementor-widget-container\">\n\t\t\t\t\t<h2 class=\"elementor-heading-title elementor-size-default\">Co m\u00e1m d\u011blat, pokud m\u00e1m dal\u0161\u00ed <br>ot\u00e1zky?<\/h2>\t\t\t\t<\/div>\n\t\t\t\t<\/div>\n\t\t\t\t<div class=\"elementor-element elementor-element-c677884 elementor-widget elementor-widget-text-editor\" data-id=\"c677884\" data-element_type=\"widget\" data-e-type=\"widget\" data-widget_type=\"text-editor.default\">\n\t\t\t\t<div class=\"elementor-widget-container\">\n\t\t\t\t\t\t\t\t\t<p>M\u00e1te-li dal\u0161\u00ed ot\u00e1zky o\u202fstudi\u00edch OLYMPIA, kontaktujte nejbli\u017e\u0161\u00ed pracovi\u0161t\u011b. Pracovi\u0161t\u011b, kter\u00e9 je v\u00e1m nejbl\u00ed\u017ee, naleznete pomoc\u00ed na\u0161eho n\u00e1stroje pro vyhled\u00e1v\u00e1n\u00ed pracovi\u0161\u0165.\u202f<br \/><a class=\"faqbtn\" role=\"button\" href=\"\/cs-cz\/home\/#olympiaStudies\">Dal\u0161\u00ed informace z\u00edsk\u00e1te zde<\/a><\/p>\t\t\t\t\t\t\t\t<\/div>\n\t\t\t\t<\/div>\n\t\t\t\t<div class=\"elementor-element elementor-element-d3317dd elementor-widget elementor-widget-text-editor\" data-id=\"d3317dd\" data-element_type=\"widget\" data-e-type=\"widget\" data-widget_type=\"text-editor.default\">\n\t\t\t\t<div class=\"elementor-widget-container\">\n\t\t\t\t\t<style>.elementor-element-d3317dd{display:none !important}<\/style>\t\t\t\t<\/div>\n\t\t\t\t<\/div>\n\t\t\t\t\t<\/div>\n\t\t<\/div>\n\t\t\t\t\t<\/div>\n\t\t<\/section>\n\t\t\t\t<\/div>","protected":false},"excerpt":{"rendered":"<p>FAQs FAQs Where can I find additional resources on lymphoma and clinical studies? There are several online resources to learn more about lymphoma and your options, from advocacy groups to research foundations. If you would like to learn more, please take a look at some of the resources listed below. The Lymphoma Support Network Leukemia [&hellip;]<\/p>\n","protected":false},"author":2,"featured_media":0,"parent":0,"menu_order":0,"comment_status":"closed","ping_status":"closed","template":"","meta":{"footnotes":""},"class_list":["post-14","page","type-page","status-publish","hentry"],"_links":{"self":[{"href":"https:\/\/olympiastudies.com\/cs-cz\/wp-json\/wp\/v2\/pages\/14","targetHints":{"allow":["GET"]}}],"collection":[{"href":"https:\/\/olympiastudies.com\/cs-cz\/wp-json\/wp\/v2\/pages"}],"about":[{"href":"https:\/\/olympiastudies.com\/cs-cz\/wp-json\/wp\/v2\/types\/page"}],"author":[{"embeddable":true,"href":"https:\/\/olympiastudies.com\/cs-cz\/wp-json\/wp\/v2\/users\/2"}],"replies":[{"embeddable":true,"href":"https:\/\/olympiastudies.com\/cs-cz\/wp-json\/wp\/v2\/comments?post=14"}],"version-history":[{"count":0,"href":"https:\/\/olympiastudies.com\/cs-cz\/wp-json\/wp\/v2\/pages\/14\/revisions"}],"wp:attachment":[{"href":"https:\/\/olympiastudies.com\/cs-cz\/wp-json\/wp\/v2\/media?parent=14"}],"curies":[{"name":"wp","href":"https:\/\/api.w.org\/{rel}","templated":true}]}}