{"id":14,"date":"2023-07-28T09:48:16","date_gmt":"2023-07-28T09:48:16","guid":{"rendered":"https:\/\/stgolympia.wpenginepowered.com\/?page_id=14"},"modified":"2026-03-12T14:47:38","modified_gmt":"2026-03-12T14:47:38","slug":"faqs","status":"publish","type":"page","link":"https:\/\/olympiastudies.com\/de-ch\/faqs\/","title":{"rendered":"H\u00e4ufig gestellte Fragen"},"content":{"rendered":"<div data-elementor-type=\"wp-page\" data-elementor-id=\"14\" class=\"elementor elementor-14\" data-elementor-post-type=\"page\">\n\t\t\t\t\t\t<section class=\"elementor-section elementor-top-section elementor-element elementor-element-c1025a4 headerDivider elementor-section-height-min-height elementor-section-boxed elementor-section-height-default elementor-section-items-middle\" data-id=\"c1025a4\" data-element_type=\"section\" data-e-type=\"section\" data-settings=\"{&quot;background_background&quot;:&quot;classic&quot;}\">\n\t\t\t\t\t\t\t<div class=\"elementor-background-overlay\"><\/div>\n\t\t\t\t\t\t\t<div class=\"elementor-container elementor-column-gap-no\">\n\t\t\t\t\t<div class=\"elementor-column elementor-col-33 elementor-top-column elementor-element elementor-element-59953f9 elementor-hidden-desktop elementor-hidden-tablet\" data-id=\"59953f9\" data-element_type=\"column\" data-e-type=\"column\">\n\t\t\t<div class=\"elementor-widget-wrap elementor-element-populated\">\n\t\t\t\t\t\t<div class=\"elementor-element elementor-element-3a03e36 elementor-widget elementor-widget-heading\" data-id=\"3a03e36\" data-element_type=\"widget\" data-e-type=\"widget\" data-widget_type=\"heading.default\">\n\t\t\t\t<div class=\"elementor-widget-container\">\n\t\t\t\t\t<h2 class=\"elementor-heading-title elementor-size-default\">H\u00e4ufig gestellte Fragen<\/h2>\t\t\t\t<\/div>\n\t\t\t\t<\/div>\n\t\t\t\t\t<\/div>\n\t\t<\/div>\n\t\t\t\t<div class=\"elementor-column elementor-col-33 elementor-top-column elementor-element elementor-element-2a4135b\" data-id=\"2a4135b\" data-element_type=\"column\" data-e-type=\"column\">\n\t\t\t<div class=\"elementor-widget-wrap\">\n\t\t\t\t\t\t\t<\/div>\n\t\t<\/div>\n\t\t\t\t<div class=\"elementor-column elementor-col-33 elementor-top-column elementor-element elementor-element-9292bd9\" data-id=\"9292bd9\" data-element_type=\"column\" data-e-type=\"column\" data-settings=\"{&quot;background_background&quot;:&quot;classic&quot;}\">\n\t\t\t<div class=\"elementor-widget-wrap\">\n\t\t\t\t\t\t\t<\/div>\n\t\t<\/div>\n\t\t\t\t\t<\/div>\n\t\t<\/section>\n\t\t\t\t<section class=\"elementor-section elementor-top-section elementor-element elementor-element-d307362 elementor-section-height-min-height header1 elementor-section-boxed elementor-section-height-default elementor-section-items-middle\" data-id=\"d307362\" data-element_type=\"section\" data-e-type=\"section\" data-settings=\"{&quot;background_background&quot;:&quot;classic&quot;}\">\n\t\t\t\t\t\t\t<div class=\"elementor-background-overlay\"><\/div>\n\t\t\t\t\t\t\t<div class=\"elementor-container elementor-column-gap-no\">\n\t\t\t\t\t<div class=\"elementor-column elementor-col-50 elementor-top-column elementor-element elementor-element-72aaadd\" data-id=\"72aaadd\" data-element_type=\"column\" data-e-type=\"column\">\n\t\t\t<div class=\"elementor-widget-wrap elementor-element-populated\">\n\t\t\t\t\t\t<div class=\"elementor-element elementor-element-32448f9 elementor-hidden-mobile elementor-widget elementor-widget-heading\" data-id=\"32448f9\" data-element_type=\"widget\" data-e-type=\"widget\" data-widget_type=\"heading.default\">\n\t\t\t\t<div class=\"elementor-widget-container\">\n\t\t\t\t\t<h2 class=\"elementor-heading-title elementor-size-default\">H\u00e4ufig gestellte Fragen<\/h2>\t\t\t\t<\/div>\n\t\t\t\t<\/div>\n\t\t\t\t\t<\/div>\n\t\t<\/div>\n\t\t\t\t<div class=\"elementor-column elementor-col-50 elementor-top-column elementor-element elementor-element-c9d0515\" data-id=\"c9d0515\" data-element_type=\"column\" data-e-type=\"column\" data-settings=\"{&quot;background_background&quot;:&quot;classic&quot;}\">\n\t\t\t<div class=\"elementor-widget-wrap\">\n\t\t\t\t\t\t\t<\/div>\n\t\t<\/div>\n\t\t\t\t\t<\/div>\n\t\t<\/section>\n\t\t\t\t<section class=\"elementor-section elementor-top-section elementor-element elementor-element-3b6ebec elementor-section-boxed elementor-section-height-default elementor-section-height-default\" data-id=\"3b6ebec\" data-element_type=\"section\" data-e-type=\"section\">\n\t\t\t\t\t\t<div class=\"elementor-container elementor-column-gap-default\">\n\t\t\t\t\t<div class=\"elementor-column elementor-col-100 elementor-top-column elementor-element elementor-element-559d089\" data-id=\"559d089\" data-element_type=\"column\" data-e-type=\"column\">\n\t\t\t<div class=\"elementor-widget-wrap elementor-element-populated\">\n\t\t\t\t\t\t<div class=\"elementor-element elementor-element-700530c olympiafaq elementor-widget elementor-widget-toggle\" data-id=\"700530c\" data-element_type=\"widget\" data-e-type=\"widget\" data-widget_type=\"toggle.default\">\n\t\t\t\t<div class=\"elementor-widget-container\">\n\t\t\t\t\t<style>.elementor-element-700530c{display:none !important}<\/style>\t\t\t\t<\/div>\n\t\t\t\t<\/div>\n\t\t\t\t<div class=\"elementor-element elementor-element-eda5769 olympiafaq elementor-widget elementor-widget-toggle\" data-id=\"eda5769\" data-element_type=\"widget\" data-e-type=\"widget\" data-widget_type=\"toggle.default\">\n\t\t\t\t<div class=\"elementor-widget-container\">\n\t\t\t\t\t\t\t<div class=\"elementor-toggle\">\n\t\t\t\t\t\t\t<div class=\"elementor-toggle-item\">\n\t\t\t\t\t<div id=\"elementor-tab-title-2491\" class=\"elementor-tab-title\" data-tab=\"1\" role=\"button\" aria-controls=\"elementor-tab-content-2491\" aria-expanded=\"false\">\n\t\t\t\t\t\t\t\t\t\t\t\t<span class=\"elementor-toggle-icon elementor-toggle-icon-right\" aria-hidden=\"true\">\n\t\t\t\t\t\t\t\t\t\t\t\t\t\t\t<span class=\"elementor-toggle-icon-closed\"><i class=\"fas fa-chevron-down\"><\/i><\/span>\n\t\t\t\t\t\t\t\t<span class=\"elementor-toggle-icon-opened\"><i class=\"elementor-toggle-icon-opened fas fa-chevron-up\"><\/i><\/span>\n\t\t\t\t\t\t\t\t\t\t\t\t\t<\/span>\n\t\t\t\t\t\t\t\t\t\t\t\t<a class=\"elementor-toggle-title\" tabindex=\"0\">Wo finde ich weitere Ressourcen zu Lymphomen und klinischen Studien?<\/a>\n\t\t\t\t\t<\/div>\n\n\t\t\t\t\t<div id=\"elementor-tab-content-2491\" class=\"elementor-tab-content elementor-clearfix\" data-tab=\"1\" role=\"region\" aria-labelledby=\"elementor-tab-title-2491\"><p>Es gibt verschiedene Onlinequellen, \u00fcber die Sie mehr \u00fcber Lymphome und Ihre Behandlungsm\u00f6glichkeiten erfahren k\u00f6nnen, von Interessenverb\u00e4nden bis hin zu Forschungsstiftungen. Wenn Sie mehr erfahren m\u00f6chten, sehen Sie sich die unten aufgef\u00fchrten Ressourcen an.<\/p><ul><li><a href=\"https:\/\/lymphoma.org\/resources\/supportservices\/lsn\/\" target=\"_blank\" rel=\"noopener\">The Lymphoma Support Network <\/a><\/li><li><a href=\"https:\/\/www.lls.org\/support-resources\" target=\"_blank\" rel=\"noopener\">Leukemia and Lymphoma Society<\/a><\/li><li><a href=\"https:\/\/www.cancercare.org\/diagnosis\/lymphoma\" target=\"_blank\" rel=\"noopener\">CancerCare<\/a><\/li><li><a href=\"http:\/\/www.cancer.org\" target=\"_blank\" rel=\"noopener\">American Cancer Society<\/a><\/li><li><a href=\"https:\/\/lymphoma.org\/\" target=\"_blank\" rel=\"noopener\">Lymphoma Research Foundation<\/a><\/li><li><a href=\"https:\/\/lymphomacoalition.org\/\" target=\"_blank\" rel=\"noopener\">Lymphoma Coalition<\/a><\/li><li><a href=\"https:\/\/www.europeancancer.org\/patients\" target=\"_blank\" rel=\"noopener\">PatientInnen \u2013 Europ\u00e4ische Krebsorganisation<\/a><\/li><li><a href=\"https:\/\/cancer101.org\/\" target=\"_blank\" rel=\"noopener\">C101 \u2013 eine einzigartige Ressource f\u00fcr Krebskranke<\/a><\/li><\/ul><p>Eine Lymphom-Diagnose kann \u00fcberw\u00e4ltigend sein \u2013 es ist wichtig, dass Sie Unterst\u00fctzung finden. Wenn Sie weitere Informationen \u00fcber den Umgang mit Depressionen und \u00c4ngsten im Zusammenhang mit Ihrer Diagnose w\u00fcnschen, sehen Sie sich bitte diese zus\u00e4tzlichen Ressourcen an.<\/p><ul><li><a href=\"https:\/\/nami.org\/Home\" target=\"_blank\" rel=\"noopener\">National Alliance on Mental Illness<\/a><\/li><li><a href=\"https:\/\/www.nimh.nih.gov\/\" target=\"_blank\" rel=\"noopener\">National Institute of Mental Health<\/a><\/li><li><a href=\"https:\/\/www.cancer.org\/cancer\/managing-cancer\/side-effects\/emotional-mood-changes.html\" target=\"_blank\" rel=\"noopener\">American Cancer Society<\/a><\/li><\/ul><\/div>\n\t\t\t\t<\/div>\n\t\t\t\t\t\t\t<div class=\"elementor-toggle-item\">\n\t\t\t\t\t<div id=\"elementor-tab-title-2492\" class=\"elementor-tab-title\" data-tab=\"2\" role=\"button\" aria-controls=\"elementor-tab-content-2492\" aria-expanded=\"false\">\n\t\t\t\t\t\t\t\t\t\t\t\t<span class=\"elementor-toggle-icon elementor-toggle-icon-right\" aria-hidden=\"true\">\n\t\t\t\t\t\t\t\t\t\t\t\t\t\t\t<span class=\"elementor-toggle-icon-closed\"><i class=\"fas fa-chevron-down\"><\/i><\/span>\n\t\t\t\t\t\t\t\t<span class=\"elementor-toggle-icon-opened\"><i class=\"elementor-toggle-icon-opened fas fa-chevron-up\"><\/i><\/span>\n\t\t\t\t\t\t\t\t\t\t\t\t\t<\/span>\n\t\t\t\t\t\t\t\t\t\t\t\t<a class=\"elementor-toggle-title\" tabindex=\"0\">Was ist eine klinische Forschungsstudie?<\/a>\n\t\t\t\t\t<\/div>\n\n\t\t\t\t\t<div id=\"elementor-tab-content-2492\" class=\"elementor-tab-content elementor-clearfix\" data-tab=\"2\" role=\"region\" aria-labelledby=\"elementor-tab-title-2492\"><p>Eine klinische Studie ist eine wissenschaftliche Untersuchung, die an Freiwilligen durchgef\u00fchrt wird, um bestimmte gesundheitliche Fragen zu beantworten. In interventionellen Studien wird unter kontrollierten Bedingungen untersucht, ob experimentelle Behandlungen oder neue Wege der Anwendung bekannter Therapien sicher und wirksam sind.\u202fKlinische Forschungsstudien werden auch als klinische Pr\u00fcfungen bezeichnet.<\/p><\/div>\n\t\t\t\t<\/div>\n\t\t\t\t\t\t\t<div class=\"elementor-toggle-item\">\n\t\t\t\t\t<div id=\"elementor-tab-title-2493\" class=\"elementor-tab-title\" data-tab=\"3\" role=\"button\" aria-controls=\"elementor-tab-content-2493\" aria-expanded=\"false\">\n\t\t\t\t\t\t\t\t\t\t\t\t<span class=\"elementor-toggle-icon elementor-toggle-icon-right\" aria-hidden=\"true\">\n\t\t\t\t\t\t\t\t\t\t\t\t\t\t\t<span class=\"elementor-toggle-icon-closed\"><i class=\"fas fa-chevron-down\"><\/i><\/span>\n\t\t\t\t\t\t\t\t<span class=\"elementor-toggle-icon-opened\"><i class=\"elementor-toggle-icon-opened fas fa-chevron-up\"><\/i><\/span>\n\t\t\t\t\t\t\t\t\t\t\t\t\t<\/span>\n\t\t\t\t\t\t\t\t\t\t\t\t<a class=\"elementor-toggle-title\" tabindex=\"0\">Was sind die OLYMPIA-Studien?<\/a>\n\t\t\t\t\t<\/div>\n\n\t\t\t\t\t<div id=\"elementor-tab-content-2493\" class=\"elementor-tab-content elementor-clearfix\" data-tab=\"3\" role=\"region\" aria-labelledby=\"elementor-tab-title-2493\"><p>Die OLYMPIA-Studien sind klinische Forschungsstudien f\u00fcr PatientInnen mit Lymphomen. Im Rahmen der OLYMPIA-Studien werden die Wirksamkeit und Sicherheit eines Pr\u00fcfpr\u00e4parats zur Behandlung von Lymphomen im Vergleich zu anderen bereits f\u00fcr Lymphome zugelassenen Behandlungen beurteilt.<\/p><p>Klinische Studien sind unentbehrlich f\u00fcr die Erforschung von Behandlungsm\u00f6glichkeiten. Vielleicht haben Sie als Lymphom-PatientIn das Gef\u00fchl, dass Sie schon genug zu tun haben, ohne sich auf eine klinische Studie einzulassen. Alle an diesen klinischen Studien Beteiligten spielen jedoch eine wichtige Rolle dabei, unser Wissen \u00fcber Lymphome zu erweitern, was anderen mit dieser Erkrankung in der Zukunft helfen k\u00f6nnte. Jede Behandlung, die uns heute zur Verf\u00fcgung steht, haben wir PatientInnen zu verdanken, die an Forschungsstudien teilgenommen haben.<\/p><\/div>\n\t\t\t\t<\/div>\n\t\t\t\t\t\t\t<div class=\"elementor-toggle-item\">\n\t\t\t\t\t<div id=\"elementor-tab-title-2494\" class=\"elementor-tab-title\" data-tab=\"4\" role=\"button\" aria-controls=\"elementor-tab-content-2494\" aria-expanded=\"false\">\n\t\t\t\t\t\t\t\t\t\t\t\t<span class=\"elementor-toggle-icon elementor-toggle-icon-right\" aria-hidden=\"true\">\n\t\t\t\t\t\t\t\t\t\t\t\t\t\t\t<span class=\"elementor-toggle-icon-closed\"><i class=\"fas fa-chevron-down\"><\/i><\/span>\n\t\t\t\t\t\t\t\t<span class=\"elementor-toggle-icon-opened\"><i class=\"elementor-toggle-icon-opened fas fa-chevron-up\"><\/i><\/span>\n\t\t\t\t\t\t\t\t\t\t\t\t\t<\/span>\n\t\t\t\t\t\t\t\t\t\t\t\t<a class=\"elementor-toggle-title\" tabindex=\"0\">Kann ich an den OLYMPIA-Studien teilnehmen?<\/a>\n\t\t\t\t\t<\/div>\n\n\t\t\t\t\t<div id=\"elementor-tab-content-2494\" class=\"elementor-tab-content elementor-clearfix\" data-tab=\"4\" role=\"region\" aria-labelledby=\"elementor-tab-title-2494\"><p>Welche Voraussetzungen Sie erf\u00fcllen m\u00fcssen, h\u00e4ngt davon ab, an welcher OLYMPIA-Studie Sie teilnehmen. Erfahren Sie mehr \u00fcber die OLYMPIA-Studien und finden Sie heraus, ob eine Teilnahme f\u00fcr Sie infrage kommt.<br \/><a class=\"faqbtn\" role=\"button\" href=\"\/de-ch\/home\/#olympiaStudies\">Weitere Informationen<\/a><\/p><\/div>\n\t\t\t\t<\/div>\n\t\t\t\t\t\t\t<div class=\"elementor-toggle-item\">\n\t\t\t\t\t<div id=\"elementor-tab-title-2495\" class=\"elementor-tab-title\" data-tab=\"5\" role=\"button\" aria-controls=\"elementor-tab-content-2495\" aria-expanded=\"false\">\n\t\t\t\t\t\t\t\t\t\t\t\t<span class=\"elementor-toggle-icon elementor-toggle-icon-right\" aria-hidden=\"true\">\n\t\t\t\t\t\t\t\t\t\t\t\t\t\t\t<span class=\"elementor-toggle-icon-closed\"><i class=\"fas fa-chevron-down\"><\/i><\/span>\n\t\t\t\t\t\t\t\t<span class=\"elementor-toggle-icon-opened\"><i class=\"elementor-toggle-icon-opened fas fa-chevron-up\"><\/i><\/span>\n\t\t\t\t\t\t\t\t\t\t\t\t\t<\/span>\n\t\t\t\t\t\t\t\t\t\t\t\t<a class=\"elementor-toggle-title\" tabindex=\"0\">Welche Pflichten habe ich bei einer Teilnahme?<\/a>\n\t\t\t\t\t<\/div>\n\n\t\t\t\t\t<div id=\"elementor-tab-content-2495\" class=\"elementor-tab-content elementor-clearfix\" data-tab=\"5\" role=\"region\" aria-labelledby=\"elementor-tab-title-2495\"><p>Wenn Sie an der Studie teilnehmen, wird ein bestimmter Beitrag von Ihnen erwartet. Dazu geh\u00f6ren die Wahrnehmung von Studienterminen sowie die Teilnahme an bestimmten Untersuchungen und Verfahren, wie Bildgebungsscans, Biopsien und Blutentnahmen. Die Dauer Ihrer Teilnahme h\u00e4ngt davon ab, an welcher der OLYMPIA-Studien Sie teilnehmen und wie Sie auf die Pr\u00fcfpr\u00e4parate ansprechen.<\/p><\/div>\n\t\t\t\t<\/div>\n\t\t\t\t\t\t\t<div class=\"elementor-toggle-item\">\n\t\t\t\t\t<div id=\"elementor-tab-title-2496\" class=\"elementor-tab-title\" data-tab=\"6\" role=\"button\" aria-controls=\"elementor-tab-content-2496\" aria-expanded=\"false\">\n\t\t\t\t\t\t\t\t\t\t\t\t<span class=\"elementor-toggle-icon elementor-toggle-icon-right\" aria-hidden=\"true\">\n\t\t\t\t\t\t\t\t\t\t\t\t\t\t\t<span class=\"elementor-toggle-icon-closed\"><i class=\"fas fa-chevron-down\"><\/i><\/span>\n\t\t\t\t\t\t\t\t<span class=\"elementor-toggle-icon-opened\"><i class=\"elementor-toggle-icon-opened fas fa-chevron-up\"><\/i><\/span>\n\t\t\t\t\t\t\t\t\t\t\t\t\t<\/span>\n\t\t\t\t\t\t\t\t\t\t\t\t<a class=\"elementor-toggle-title\" tabindex=\"0\">Wie lange dauert die Studie?<\/a>\n\t\t\t\t\t<\/div>\n\n\t\t\t\t\t<div id=\"elementor-tab-content-2496\" class=\"elementor-tab-content elementor-clearfix\" data-tab=\"6\" role=\"region\" aria-labelledby=\"elementor-tab-title-2496\"><p>Die Dauer Ihrer Teilnahme h\u00e4ngt von verschiedenen Faktoren ab, unter anderem davon, an welcher Studie Sie teilnehmen und wie Sie auf das Pr\u00fcfpr\u00e4parat ansprechen.<\/p><\/div>\n\t\t\t\t<\/div>\n\t\t\t\t\t\t\t<div class=\"elementor-toggle-item\">\n\t\t\t\t\t<div id=\"elementor-tab-title-2497\" class=\"elementor-tab-title\" data-tab=\"7\" role=\"button\" aria-controls=\"elementor-tab-content-2497\" aria-expanded=\"false\">\n\t\t\t\t\t\t\t\t\t\t\t\t<span class=\"elementor-toggle-icon elementor-toggle-icon-right\" aria-hidden=\"true\">\n\t\t\t\t\t\t\t\t\t\t\t\t\t\t\t<span class=\"elementor-toggle-icon-closed\"><i class=\"fas fa-chevron-down\"><\/i><\/span>\n\t\t\t\t\t\t\t\t<span class=\"elementor-toggle-icon-opened\"><i class=\"elementor-toggle-icon-opened fas fa-chevron-up\"><\/i><\/span>\n\t\t\t\t\t\t\t\t\t\t\t\t\t<\/span>\n\t\t\t\t\t\t\t\t\t\t\t\t<a class=\"elementor-toggle-title\" tabindex=\"0\">Welchen potenziellen Nutzen bringt eine Teilnahme?<\/a>\n\t\t\t\t\t<\/div>\n\n\t\t\t\t\t<div id=\"elementor-tab-content-2497\" class=\"elementor-tab-content elementor-clearfix\" data-tab=\"7\" role=\"region\" aria-labelledby=\"elementor-tab-title-2497\"><p>Sie k\u00f6nnen von zus\u00e4tzlichen Untersuchungen ausserhalb Ihrer regul\u00e4ren Versorgung profitieren und Zugang zu Spezialisten f\u00fcr Lymphom erhalten. Ein medizinischer Nutzen durch Ihre Teilnahme an der Studie kann nicht garantiert werden. Ihre Erkrankung kann sich verbessern, unver\u00e4ndert bleiben oder sich verschlechtern.<\/p><\/div>\n\t\t\t\t<\/div>\n\t\t\t\t\t\t\t<div class=\"elementor-toggle-item\">\n\t\t\t\t\t<div id=\"elementor-tab-title-2498\" class=\"elementor-tab-title\" data-tab=\"8\" role=\"button\" aria-controls=\"elementor-tab-content-2498\" aria-expanded=\"false\">\n\t\t\t\t\t\t\t\t\t\t\t\t<span class=\"elementor-toggle-icon elementor-toggle-icon-right\" aria-hidden=\"true\">\n\t\t\t\t\t\t\t\t\t\t\t\t\t\t\t<span class=\"elementor-toggle-icon-closed\"><i class=\"fas fa-chevron-down\"><\/i><\/span>\n\t\t\t\t\t\t\t\t<span class=\"elementor-toggle-icon-opened\"><i class=\"elementor-toggle-icon-opened fas fa-chevron-up\"><\/i><\/span>\n\t\t\t\t\t\t\t\t\t\t\t\t\t<\/span>\n\t\t\t\t\t\t\t\t\t\t\t\t<a class=\"elementor-toggle-title\" tabindex=\"0\">Was sind die m\u00f6glichen Risiken einer Teilnahme?<\/a>\n\t\t\t\t\t<\/div>\n\n\t\t\t\t\t<div id=\"elementor-tab-content-2498\" class=\"elementor-tab-content elementor-clearfix\" data-tab=\"8\" role=\"region\" aria-labelledby=\"elementor-tab-title-2498\"><p>Wie bei allen Medikamenten ist die Einnahme\/Anwendung mit m\u00f6glichen Risiken verbunden. Sie erhalten eine Patienteninformation und Einwilligungserkl\u00e4rung, in der die Risiken erl\u00e4utert werden, die in anderen klinischen Studien zur Erprobung des Pr\u00fcfpr\u00e4parats aufgetreten sind. Es besteht auch die M\u00f6glichkeit, dass das Pr\u00fcfpr\u00e4parat in bisher unbekannter Weise bei Ihnen wirkt. Wenn Sie gesundheitliche Ver\u00e4nderungen bemerken, unabh\u00e4ngig davon, wie unbedeutend diese Ihrer Meinung nach sind, informieren Sie bitte Ihren Pr\u00fcfarzt\/Ihre Pr\u00fcf\u00e4rztin und das Studienteam.<\/p><\/div>\n\t\t\t\t<\/div>\n\t\t\t\t\t\t\t<div class=\"elementor-toggle-item\">\n\t\t\t\t\t<div id=\"elementor-tab-title-2499\" class=\"elementor-tab-title\" data-tab=\"9\" role=\"button\" aria-controls=\"elementor-tab-content-2499\" aria-expanded=\"false\">\n\t\t\t\t\t\t\t\t\t\t\t\t<span class=\"elementor-toggle-icon elementor-toggle-icon-right\" aria-hidden=\"true\">\n\t\t\t\t\t\t\t\t\t\t\t\t\t\t\t<span class=\"elementor-toggle-icon-closed\"><i class=\"fas fa-chevron-down\"><\/i><\/span>\n\t\t\t\t\t\t\t\t<span class=\"elementor-toggle-icon-opened\"><i class=\"elementor-toggle-icon-opened fas fa-chevron-up\"><\/i><\/span>\n\t\t\t\t\t\t\t\t\t\t\t\t\t<\/span>\n\t\t\t\t\t\t\t\t\t\t\t\t<a class=\"elementor-toggle-title\" tabindex=\"0\">Wo wird die Studie durchgef\u00fchrt?<\/a>\n\t\t\t\t\t<\/div>\n\n\t\t\t\t\t<div id=\"elementor-tab-content-2499\" class=\"elementor-tab-content elementor-clearfix\" data-tab=\"9\" role=\"region\" aria-labelledby=\"elementor-tab-title-2499\"><p>Die OLYMPIA-Studien finden in Pr\u00fcfzentren auf der ganzen Welt statt. Erfahren Sie mehr \u00fcber die OLYMPIA-Studien und finden Sie heraus, welches Pr\u00fcfzentrum sich in Ihrer N\u00e4he befindet.<br \/><a class=\"faqbtn\" role=\"button\" href=\"\/de-ch\/home\/#olympiaStudies\">Weitere Informationen<\/a><\/p><\/div>\n\t\t\t\t<\/div>\n\t\t\t\t\t\t\t\t<\/div>\n\t\t\t\t\t\t<\/div>\n\t\t\t\t<\/div>\n\t\t\t\t<div class=\"elementor-element elementor-element-4eff222 olympiafaq elementor-widget elementor-widget-toggle\" data-id=\"4eff222\" data-element_type=\"widget\" data-e-type=\"widget\" data-widget_type=\"toggle.default\">\n\t\t\t\t<div class=\"elementor-widget-container\">\n\t\t\t\t\t<style>.elementor-element-4eff222{display:none !important}<\/style>\t\t\t\t<\/div>\n\t\t\t\t<\/div>\n\t\t\t\t<div class=\"elementor-element elementor-element-aec2501 olympiafaq elementor-widget elementor-widget-toggle\" data-id=\"aec2501\" data-element_type=\"widget\" data-e-type=\"widget\" data-widget_type=\"toggle.default\">\n\t\t\t\t<div class=\"elementor-widget-container\">\n\t\t\t\t\t<style>.elementor-element-aec2501{display:none !important}<\/style>\t\t\t\t<\/div>\n\t\t\t\t<\/div>\n\t\t\t\t\t<\/div>\n\t\t<\/div>\n\t\t\t\t\t<\/div>\n\t\t<\/section>\n\t\t\t\t<section class=\"elementor-section elementor-top-section elementor-element elementor-element-dca6840 elementor-section-boxed elementor-section-height-default elementor-section-height-default\" data-id=\"dca6840\" data-element_type=\"section\" data-e-type=\"section\">\n\t\t\t\t\t\t<div class=\"elementor-container elementor-column-gap-default\">\n\t\t\t\t\t<div class=\"elementor-column elementor-col-33 elementor-top-column elementor-element elementor-element-986f8aa\" data-id=\"986f8aa\" data-element_type=\"column\" data-e-type=\"column\">\n\t\t\t<div class=\"elementor-widget-wrap elementor-element-populated\">\n\t\t\t\t\t\t<div class=\"elementor-element elementor-element-a07b5a8 elementor-widget elementor-widget-image\" data-id=\"a07b5a8\" data-element_type=\"widget\" data-e-type=\"widget\" data-widget_type=\"image.default\">\n\t\t\t\t<div class=\"elementor-widget-container\">\n\t\t\t\t\t\t\t\t\t\t\t\t\t\t\t<img decoding=\"async\" width=\"117\" height=\"133\" src=\"https:\/\/olympiastudies.com\/wp-content\/uploads\/2023\/07\/question-icon.png\" class=\"attachment-large size-large wp-image-64\" alt=\"\" \/>\t\t\t\t\t\t\t\t\t\t\t\t\t\t\t<\/div>\n\t\t\t\t<\/div>\n\t\t\t\t\t<\/div>\n\t\t<\/div>\n\t\t\t\t<div class=\"elementor-column elementor-col-66 elementor-top-column elementor-element elementor-element-5cdcd68\" data-id=\"5cdcd68\" data-element_type=\"column\" data-e-type=\"column\">\n\t\t\t<div class=\"elementor-widget-wrap elementor-element-populated\">\n\t\t\t\t\t\t<div class=\"elementor-element elementor-element-66e4487 elementor-widget elementor-widget-heading\" data-id=\"66e4487\" data-element_type=\"widget\" data-e-type=\"widget\" data-widget_type=\"heading.default\">\n\t\t\t\t<div class=\"elementor-widget-container\">\n\t\t\t\t\t<h2 class=\"elementor-heading-title elementor-size-default\">An wen wende ich mich, wenn ich <br>weitere Fragen habe?<\/h2>\t\t\t\t<\/div>\n\t\t\t\t<\/div>\n\t\t\t\t<div class=\"elementor-element elementor-element-c677884 elementor-widget elementor-widget-text-editor\" data-id=\"c677884\" data-element_type=\"widget\" data-e-type=\"widget\" data-widget_type=\"text-editor.default\">\n\t\t\t\t<div class=\"elementor-widget-container\">\n\t\t\t\t\t\t\t\t\t<p>Wenn Sie weitere Fragen zu den OLYMPIA-Studien haben, wenden Sie sich bitte an das n\u00e4chstgelegene Pr\u00fcfzentrum. Das n\u00e4chstgelegene Pr\u00fcfzentrum finden Sie \u00fcber die Suche.\u202f<br \/><a class=\"faqbtn\" role=\"button\" href=\"\/de-ch\/home\/#olympiaStudies\">Weitere Informationen<\/a><\/p>\t\t\t\t\t\t\t\t<\/div>\n\t\t\t\t<\/div>\n\t\t\t\t<div class=\"elementor-element elementor-element-d3317dd elementor-widget elementor-widget-text-editor\" data-id=\"d3317dd\" data-element_type=\"widget\" data-e-type=\"widget\" data-widget_type=\"text-editor.default\">\n\t\t\t\t<div class=\"elementor-widget-container\">\n\t\t\t\t\t<style>.elementor-element-d3317dd{display:none !important}<\/style>\t\t\t\t<\/div>\n\t\t\t\t<\/div>\n\t\t\t\t\t<\/div>\n\t\t<\/div>\n\t\t\t\t\t<\/div>\n\t\t<\/section>\n\t\t\t\t<\/div>","protected":false},"excerpt":{"rendered":"<p>FAQs FAQs Where can I find additional resources on lymphoma and clinical studies? There are several online resources to learn more about lymphoma and your options, from advocacy groups to research foundations. If you would like to learn more, please take a look at some of the resources listed below. The Lymphoma Support Network Leukemia [&hellip;]<\/p>\n","protected":false},"author":2,"featured_media":0,"parent":0,"menu_order":0,"comment_status":"closed","ping_status":"closed","template":"","meta":{"footnotes":""},"class_list":["post-14","page","type-page","status-publish","hentry"],"_links":{"self":[{"href":"https:\/\/olympiastudies.com\/de-ch\/wp-json\/wp\/v2\/pages\/14","targetHints":{"allow":["GET"]}}],"collection":[{"href":"https:\/\/olympiastudies.com\/de-ch\/wp-json\/wp\/v2\/pages"}],"about":[{"href":"https:\/\/olympiastudies.com\/de-ch\/wp-json\/wp\/v2\/types\/page"}],"author":[{"embeddable":true,"href":"https:\/\/olympiastudies.com\/de-ch\/wp-json\/wp\/v2\/users\/2"}],"replies":[{"embeddable":true,"href":"https:\/\/olympiastudies.com\/de-ch\/wp-json\/wp\/v2\/comments?post=14"}],"version-history":[{"count":0,"href":"https:\/\/olympiastudies.com\/de-ch\/wp-json\/wp\/v2\/pages\/14\/revisions"}],"wp:attachment":[{"href":"https:\/\/olympiastudies.com\/de-ch\/wp-json\/wp\/v2\/media?parent=14"}],"curies":[{"name":"wp","href":"https:\/\/api.w.org\/{rel}","templated":true}]}}