{"id":12,"date":"2023-07-28T09:47:38","date_gmt":"2023-07-28T09:47:38","guid":{"rendered":"https:\/\/stgolympia.wpenginepowered.com\/?page_id=12"},"modified":"2026-03-12T14:31:55","modified_gmt":"2026-03-12T14:31:55","slug":"diversity-in-clinical-studies","status":"publish","type":"page","link":"https:\/\/olympiastudies.com\/it-ch\/diversity-in-clinical-studies\/","title":{"rendered":"Diversit\u00e0 negli studi clinici"},"content":{"rendered":"<div data-elementor-type=\"wp-page\" data-elementor-id=\"12\" class=\"elementor elementor-12\" data-elementor-post-type=\"page\">\n\t\t\t\t\t\t<section class=\"elementor-section elementor-top-section elementor-element elementor-element-65969d3 elementor-section-content-middle elementor-section-boxed elementor-section-height-default elementor-section-height-default\" data-id=\"65969d3\" data-element_type=\"section\" data-e-type=\"section\" data-settings=\"{&quot;background_background&quot;:&quot;classic&quot;}\">\n\t\t\t\t\t\t<div class=\"elementor-container elementor-column-gap-default\">\n\t\t\t\t\t<div class=\"elementor-column elementor-col-50 elementor-top-column elementor-element elementor-element-7627144\" data-id=\"7627144\" data-element_type=\"column\" data-e-type=\"column\">\n\t\t\t<div class=\"elementor-widget-wrap elementor-element-populated\">\n\t\t\t\t\t\t<div class=\"elementor-element elementor-element-0c41c73 elementor-widget elementor-widget-heading\" data-id=\"0c41c73\" data-element_type=\"widget\" data-e-type=\"widget\" data-widget_type=\"heading.default\">\n\t\t\t\t<div class=\"elementor-widget-container\">\n\t\t\t\t\t<h1 class=\"elementor-heading-title elementor-size-default\">Diversit\u00e0 negli studi clinici<\/h1>\t\t\t\t<\/div>\n\t\t\t\t<\/div>\n\t\t\t\t<div class=\"elementor-element elementor-element-54cc092 elementor-widget elementor-widget-heading\" data-id=\"54cc092\" data-element_type=\"widget\" data-e-type=\"widget\" data-widget_type=\"heading.default\">\n\t\t\t\t<div class=\"elementor-widget-container\">\n\t\t\t\t\t<style>.elementor-element-54cc092{display:none !important}<\/style>\t\t\t\t<\/div>\n\t\t\t\t<\/div>\n\t\t\t\t<div class=\"elementor-element elementor-element-174e170 elementor-widget elementor-widget-text-editor\" data-id=\"174e170\" data-element_type=\"widget\" data-e-type=\"widget\" data-widget_type=\"text-editor.default\">\n\t\t\t\t<div class=\"elementor-widget-container\">\n\t\t\t\t\t\t\t\t\t<p>Essere rappresentati \u00e8 essenziale per creare opzioni migliori per tutti coloro che sono affetti da linfoma<\/p>\t\t\t\t\t\t\t\t<\/div>\n\t\t\t\t<\/div>\n\t\t\t\t\t<\/div>\n\t\t<\/div>\n\t\t\t\t<div class=\"elementor-column elementor-col-50 elementor-top-column elementor-element elementor-element-500e49a\" data-id=\"500e49a\" data-element_type=\"column\" data-e-type=\"column\">\n\t\t\t<div class=\"elementor-widget-wrap elementor-element-populated\">\n\t\t\t\t\t\t<div class=\"elementor-element elementor-element-55ab6ee elementor-widget elementor-widget-image\" data-id=\"55ab6ee\" data-element_type=\"widget\" data-e-type=\"widget\" data-widget_type=\"image.default\">\n\t\t\t\t<div class=\"elementor-widget-container\">\n\t\t\t\t\t\t\t\t\t\t\t\t\t\t\t<img fetchpriority=\"high\" decoding=\"async\" width=\"567\" height=\"475\" src=\"https:\/\/olympiastudies.com\/wp-content\/uploads\/2023\/07\/DEI_header-1.png\" class=\"attachment-large size-large wp-image-84\" alt=\"\" srcset=\"https:\/\/olympiastudies.com\/wp-content\/uploads\/2023\/07\/DEI_header-1.png 567w, https:\/\/olympiastudies.com\/wp-content\/uploads\/2023\/07\/DEI_header-1-300x251.png 300w\" sizes=\"(max-width: 567px) 100vw, 567px\" \/>\t\t\t\t\t\t\t\t\t\t\t\t\t\t\t<\/div>\n\t\t\t\t<\/div>\n\t\t\t\t\t<\/div>\n\t\t<\/div>\n\t\t\t\t\t<\/div>\n\t\t<\/section>\n\t\t\t\t<section class=\"elementor-section elementor-top-section elementor-element elementor-element-99f1869 elementor-section-boxed elementor-section-height-default elementor-section-height-default\" data-id=\"99f1869\" data-element_type=\"section\" data-e-type=\"section\">\n\t\t\t\t\t\t<div class=\"elementor-container elementor-column-gap-default\">\n\t\t\t\t\t<div class=\"elementor-column elementor-col-50 elementor-top-column elementor-element elementor-element-294864d\" data-id=\"294864d\" data-element_type=\"column\" data-e-type=\"column\">\n\t\t\t<div class=\"elementor-widget-wrap elementor-element-populated\">\n\t\t\t\t\t\t<div class=\"elementor-element elementor-element-45c9de0 elementor-widget elementor-widget-image\" data-id=\"45c9de0\" data-element_type=\"widget\" data-e-type=\"widget\" data-widget_type=\"image.default\">\n\t\t\t\t<div class=\"elementor-widget-container\">\n\t\t\t\t\t\t\t\t\t\t\t\t\t\t\t<img decoding=\"async\" width=\"520\" height=\"527\" src=\"https:\/\/olympiastudies.com\/wp-content\/uploads\/2023\/07\/DEI_01.png\" class=\"attachment-large size-large wp-image-86\" alt=\"\" srcset=\"https:\/\/olympiastudies.com\/wp-content\/uploads\/2023\/07\/DEI_01.png 520w, https:\/\/olympiastudies.com\/wp-content\/uploads\/2023\/07\/DEI_01-296x300.png 296w\" sizes=\"(max-width: 520px) 100vw, 520px\" \/>\t\t\t\t\t\t\t\t\t\t\t\t\t\t\t<\/div>\n\t\t\t\t<\/div>\n\t\t\t\t\t<\/div>\n\t\t<\/div>\n\t\t\t\t<div class=\"elementor-column elementor-col-50 elementor-top-column elementor-element elementor-element-dcd87a3\" data-id=\"dcd87a3\" data-element_type=\"column\" data-e-type=\"column\">\n\t\t\t<div class=\"elementor-widget-wrap elementor-element-populated\">\n\t\t\t\t\t\t<div class=\"elementor-element elementor-element-e9dd02a elementor-widget elementor-widget-text-editor\" data-id=\"e9dd02a\" data-element_type=\"widget\" data-e-type=\"widget\" data-widget_type=\"text-editor.default\">\n\t\t\t\t<div class=\"elementor-widget-container\">\n\t\t\t\t\t\t\t\t\tSe a lei o a qualcuno che conosce \u00e8 stato diagnosticato un linfoma, potrebbe aver sentito parlare di studi di ricerca clinica come opzione. Gli studi clinici sono studi di ricerca in cui vengono eseguiti test su nuovi trattamenti o dispositivi medici e studiano nuovi modi di utilizzare i trattamenti esistenti. Costituiscono una parte importante dello sviluppo di nuove terapie per il linfoma.\t\t\t\t\t\t\t\t<\/div>\n\t\t\t\t<\/div>\n\t\t\t\t<div class=\"elementor-element elementor-element-cd30330 elementor-widget elementor-widget-text-editor\" data-id=\"cd30330\" data-element_type=\"widget\" data-e-type=\"widget\" data-widget_type=\"text-editor.default\">\n\t\t\t\t<div class=\"elementor-widget-container\">\n\t\t\t\t\t\t\t\t\t\u00c8 importante comprendere per quale motivo la diversit\u00e0 ha un certo peso negli studi clinici sul linfoma. Il linfoma colpisce diverse popolazioni. Sesso, et\u00e0 e posizione geografica rappresentano fattori con un certo impatto sull\u2019incidenza; la maggior parte dei casi si verifica tra gli uomini anziani (&gt;60\u202fanni).<sup>1, 2<\/sup>  Gli uomini hanno maggiori probabilit\u00e0 di sviluppare il linfoma non Hodgkin rispetto alle donne.<sup>2<\/sup> Inoltre la presenza di condizioni preesistenti e infezioni come l\u2019HIV, il virus linfotrofico delle cellule T umane e il virus Epstein-Barr, possono influenzare la probabilit\u00e0 di sviluppare un linfoma.<sup>3<\/sup>\t\t\t\t\t\t\t\t<\/div>\n\t\t\t\t<\/div>\n\t\t\t\t<div class=\"elementor-element elementor-element-1555b01 elementor-widget elementor-widget-text-editor\" data-id=\"1555b01\" data-element_type=\"widget\" data-e-type=\"widget\" data-widget_type=\"text-editor.default\">\n\t\t\t\t<div class=\"elementor-widget-container\">\n\t\t\t\t\t<style>.elementor-element-1555b01{display:none !important}<\/style>\t\t\t\t<\/div>\n\t\t\t\t<\/div>\n\t\t\t\t\t<\/div>\n\t\t<\/div>\n\t\t\t\t\t<\/div>\n\t\t<\/section>\n\t\t\t\t<section class=\"elementor-section elementor-top-section elementor-element elementor-element-c0870b9 elementor-section-content-middle elementor-section-boxed elementor-section-height-default elementor-section-height-default\" data-id=\"c0870b9\" data-element_type=\"section\" data-e-type=\"section\">\n\t\t\t\t\t\t<div class=\"elementor-container elementor-column-gap-default\">\n\t\t\t\t\t<div class=\"elementor-column elementor-col-50 elementor-top-column elementor-element elementor-element-0a32869\" data-id=\"0a32869\" data-element_type=\"column\" data-e-type=\"column\">\n\t\t\t<div class=\"elementor-widget-wrap elementor-element-populated\">\n\t\t\t\t\t\t<div class=\"elementor-element elementor-element-4473d4a elementor-widget__width-initial elementor-widget elementor-widget-text-editor\" data-id=\"4473d4a\" data-element_type=\"widget\" data-e-type=\"widget\" data-widget_type=\"text-editor.default\">\n\t\t\t\t<div class=\"elementor-widget-container\">\n\t\t\t\t\t\t\t\t\t<p>Negli Stati Uniti, la popolazione bianca ha maggiori probabilit\u00e0 di sviluppare il linfoma non Hodgkin rispetto a quella di afroamericani e asiatici americani.<sup>2<\/sup> Tuttavia, gli esiti peggiorano per alcuni tipi di linfoma tra i gruppi minoritari<sup>4<\/sup> e sono necessarie ulteriori ricerche per migliorare il trattamento di ogni individuo.\u00a0<\/p>\t\t\t\t\t\t\t\t<\/div>\n\t\t\t\t<\/div>\n\t\t\t\t<div class=\"elementor-element elementor-element-ab76bbc elementor-widget elementor-widget-text-editor\" data-id=\"ab76bbc\" data-element_type=\"widget\" data-e-type=\"widget\" data-widget_type=\"text-editor.default\">\n\t\t\t\t<div class=\"elementor-widget-container\">\n\t\t\t\t\t\t\t\t\tTra i partecipanti allo studio clinico dovrebbero essere inclusi soggetti provenienti da diversi contesti razziali ed etnici e con differenze di sesso, et\u00e0, fascia di reddito e posizione geografica. Quando gli studi clinici includono un gruppo eterogeneo di partecipanti, i ricercatori possono determinare con maggiore precisione l\u2019efficacia di un trattamento in popolazioni diverse e individuare potenziali effetti collaterali o complicanze che potrebbero essere specifici di determinate popolazioni.\t\t\t\t\t\t\t\t<\/div>\n\t\t\t\t<\/div>\n\t\t\t\t<div class=\"elementor-element elementor-element-e80214c elementor-widget elementor-widget-text-editor\" data-id=\"e80214c\" data-element_type=\"widget\" data-e-type=\"widget\" data-widget_type=\"text-editor.default\">\n\t\t\t\t<div class=\"elementor-widget-container\">\n\t\t\t\t\t\t\t\t\tSe lei \u00e8 interessata\/o a partecipare a uno studio clinico, discuta con il suo medico le opzioni disponibili e l\u2019importanza della diversit\u00e0 nella ricerca. Insieme possiamo lavorare per sviluppare trattamenti pi\u00f9 efficaci ed equi per il linfoma.\t\t\t\t\t\t\t\t<\/div>\n\t\t\t\t<\/div>\n\t\t\t\t\t<\/div>\n\t\t<\/div>\n\t\t\t\t<div class=\"elementor-column elementor-col-50 elementor-top-column elementor-element elementor-element-5a630bb\" data-id=\"5a630bb\" data-element_type=\"column\" data-e-type=\"column\">\n\t\t\t<div class=\"elementor-widget-wrap elementor-element-populated\">\n\t\t\t\t\t\t<div class=\"elementor-element elementor-element-1a905b0 elementor-widget elementor-widget-image\" data-id=\"1a905b0\" data-element_type=\"widget\" data-e-type=\"widget\" data-widget_type=\"image.default\">\n\t\t\t\t<div class=\"elementor-widget-container\">\n\t\t\t\t\t\t\t\t\t\t\t\t\t\t\t<img decoding=\"async\" width=\"519\" height=\"449\" src=\"https:\/\/olympiastudies.com\/wp-content\/uploads\/2023\/07\/DEI_02.png\" class=\"attachment-large size-large wp-image-87\" alt=\"\" srcset=\"https:\/\/olympiastudies.com\/wp-content\/uploads\/2023\/07\/DEI_02.png 519w, https:\/\/olympiastudies.com\/wp-content\/uploads\/2023\/07\/DEI_02-300x260.png 300w\" sizes=\"(max-width: 519px) 100vw, 519px\" \/>\t\t\t\t\t\t\t\t\t\t\t\t\t\t\t<\/div>\n\t\t\t\t<\/div>\n\t\t\t\t\t<\/div>\n\t\t<\/div>\n\t\t\t\t\t<\/div>\n\t\t<\/section>\n\t\t\t\t<section class=\"elementor-section elementor-top-section elementor-element elementor-element-7fc85b5 elementor-section-boxed elementor-section-height-default elementor-section-height-default\" data-id=\"7fc85b5\" data-element_type=\"section\" data-e-type=\"section\" data-settings=\"{&quot;background_background&quot;:&quot;classic&quot;}\">\n\t\t\t\t\t\t<div class=\"elementor-container elementor-column-gap-default\">\n\t\t\t\t\t<div class=\"elementor-column elementor-col-50 elementor-top-column elementor-element elementor-element-808b66d\" data-id=\"808b66d\" data-element_type=\"column\" data-e-type=\"column\" data-settings=\"{&quot;background_background&quot;:&quot;classic&quot;}\">\n\t\t\t<div class=\"elementor-widget-wrap elementor-element-populated\">\n\t\t\t\t\t\t<div class=\"elementor-element elementor-element-63f3c28 elementor-widget elementor-widget-heading\" data-id=\"63f3c28\" data-element_type=\"widget\" data-e-type=\"widget\" data-widget_type=\"heading.default\">\n\t\t\t\t<div class=\"elementor-widget-container\">\n\t\t\t\t\t<h2 class=\"elementor-heading-title elementor-size-default\">Misure che stiamo adottando per sostenere la diversit\u00e0 negli studi clinici.<\/h2>\t\t\t\t<\/div>\n\t\t\t\t<\/div>\n\t\t\t\t<div class=\"elementor-element elementor-element-465e866 elementor-widget elementor-widget-button\" data-id=\"465e866\" data-element_type=\"widget\" data-e-type=\"widget\" data-widget_type=\"button.default\">\n\t\t\t\t<div class=\"elementor-widget-container\">\n\t\t\t\t\t<style>.elementor-element-465e866{display:none !important}<\/style>\t\t\t\t<\/div>\n\t\t\t\t<\/div>\n\t\t\t\t<div class=\"elementor-element elementor-element-f2959ba elementor-widget elementor-widget-button\" data-id=\"f2959ba\" data-element_type=\"widget\" data-e-type=\"widget\" data-widget_type=\"button.default\">\n\t\t\t\t<div class=\"elementor-widget-container\">\n\t\t\t\t\t\t\t\t\t<div class=\"elementor-button-wrapper\">\n\t\t\t\t\t<a class=\"elementor-button elementor-button-link elementor-size-sm\" href=\"https:\/\/www.regeneron.com\/downloads\/regeneron-position-ethics-clinical-studies.pdf\" target=\"_blank\" rel=\"noopener\">\n\t\t\t\t\t\t<span class=\"elementor-button-content-wrapper\">\n\t\t\t\t\t\t\t\t\t<span class=\"elementor-button-text\">Maggiori informazioni<\/span>\n\t\t\t\t\t<\/span>\n\t\t\t\t\t<\/a>\n\t\t\t\t<\/div>\n\t\t\t\t\t\t\t\t<\/div>\n\t\t\t\t<\/div>\n\t\t\t\t\t<\/div>\n\t\t<\/div>\n\t\t\t\t<div class=\"elementor-column elementor-col-50 elementor-top-column elementor-element elementor-element-6a6da49\" data-id=\"6a6da49\" data-element_type=\"column\" data-e-type=\"column\">\n\t\t\t<div class=\"elementor-widget-wrap elementor-element-populated\">\n\t\t\t\t\t\t<div class=\"elementor-element elementor-element-a9e76bd elementor-widget elementor-widget-text-editor\" data-id=\"a9e76bd\" data-element_type=\"widget\" data-e-type=\"widget\" data-widget_type=\"text-editor.default\">\n\t\t\t\t<div class=\"elementor-widget-container\">\n\t\t\t\t\t\t\t\t\t<p><span style=\"white-space-collapse: preserve;\">Se desidera maggiori informazioni sulla diversit\u00e0 negli studi clinici e sul perch\u00e9 sia importante, scarichi le brochure di seguito.<\/span><\/p>\t\t\t\t\t\t\t\t<\/div>\n\t\t\t\t<\/div>\n\t\t\t\t<div class=\"elementor-element elementor-element-10754d2 diversityLinks elementor-icon-list--layout-traditional elementor-list-item-link-full_width elementor-widget elementor-widget-icon-list\" data-id=\"10754d2\" data-element_type=\"widget\" data-e-type=\"widget\" data-widget_type=\"icon-list.default\">\n\t\t\t\t<div class=\"elementor-widget-container\">\n\t\t\t\t\t\t\t<ul class=\"elementor-icon-list-items\">\n\t\t\t\t\t\t\t<li class=\"elementor-icon-list-item\">\n\t\t\t\t\t\t\t\t\t\t\t<a href=\"https:\/\/olympiastudies.com\/wp-content\/uploads\/2024\/02\/A-guide-to-the-importance-of-diversity-in-clinical-trials.pdf\" target=\"_blank\">\n\n\t\t\t\t\t\t\t\t\t\t\t\t<span class=\"elementor-icon-list-icon\">\n\t\t\t\t\t\t\t<i aria-hidden=\"true\" class=\"fas fa-chevron-circle-down\"><\/i>\t\t\t\t\t\t<\/span>\n\t\t\t\t\t\t\t\t\t\t<span class=\"elementor-icon-list-text\">Una guida sull\u2019importanza della diversit\u00e0 negli studi clinici<\/span>\n\t\t\t\t\t\t\t\t\t\t\t<\/a>\n\t\t\t\t\t\t\t\t\t<\/li>\n\t\t\t\t\t\t\t\t<li class=\"elementor-icon-list-item\">\n\t\t\t\t\t\t\t\t\t\t\t<a href=\"https:\/\/olympiastudies.com\/wp-content\/uploads\/2024\/02\/Information-about-clinical-research-participation-for-Black-and-African-American-people-.pdf\" target=\"_blank\">\n\n\t\t\t\t\t\t\t\t\t\t\t\t<span class=\"elementor-icon-list-icon\">\n\t\t\t\t\t\t\t<i aria-hidden=\"true\" class=\"fas fa-chevron-circle-down\"><\/i>\t\t\t\t\t\t<\/span>\n\t\t\t\t\t\t\t\t\t\t<span class=\"elementor-icon-list-text\">Informazioni sulla partecipazione alla ricerca clinica per la popolazione nera e afroamericana<\/span>\n\t\t\t\t\t\t\t\t\t\t\t<\/a>\n\t\t\t\t\t\t\t\t\t<\/li>\n\t\t\t\t\t\t\t\t<li class=\"elementor-icon-list-item\">\n\t\t\t\t\t\t\t\t\t\t\t<a href=\"https:\/\/olympiastudies.com\/wp-content\/uploads\/2024\/02\/An-introduction-to-clinical-trials-for-Hispanics-and-Latinos-.pdf\" target=\"_blank\">\n\n\t\t\t\t\t\t\t\t\t\t\t\t<span class=\"elementor-icon-list-icon\">\n\t\t\t\t\t\t\t<i aria-hidden=\"true\" class=\"fas fa-chevron-circle-down\"><\/i>\t\t\t\t\t\t<\/span>\n\t\t\t\t\t\t\t\t\t\t<span class=\"elementor-icon-list-text\">Un\u2019introduzione agli studi clinici per la popolazione ispanica e latina<\/span>\n\t\t\t\t\t\t\t\t\t\t\t<\/a>\n\t\t\t\t\t\t\t\t\t<\/li>\n\t\t\t\t\t\t<\/ul>\n\t\t\t\t\t\t<\/div>\n\t\t\t\t<\/div>\n\t\t\t\t<div class=\"elementor-element elementor-element-93c7abe diversityLinks elementor-icon-list--layout-traditional elementor-list-item-link-full_width elementor-widget elementor-widget-icon-list\" data-id=\"93c7abe\" data-element_type=\"widget\" data-e-type=\"widget\" data-widget_type=\"icon-list.default\">\n\t\t\t\t<div class=\"elementor-widget-container\">\n\t\t\t\t\t<style>.elementor-element-93c7abe{display:none !important}<\/style>\t\t\t\t<\/div>\n\t\t\t\t<\/div>\n\t\t\t\t\t<\/div>\n\t\t<\/div>\n\t\t\t\t\t<\/div>\n\t\t<\/section>\n\t\t\t\t<section class=\"elementor-section elementor-top-section elementor-element elementor-element-972ed3f citations elementor-section-boxed elementor-section-height-default elementor-section-height-default\" data-id=\"972ed3f\" data-element_type=\"section\" data-e-type=\"section\">\n\t\t\t\t\t\t<div class=\"elementor-container elementor-column-gap-default\">\n\t\t\t\t\t<div class=\"elementor-column elementor-col-100 elementor-top-column elementor-element elementor-element-a7a47ea\" data-id=\"a7a47ea\" data-element_type=\"column\" data-e-type=\"column\">\n\t\t\t<div class=\"elementor-widget-wrap elementor-element-populated\">\n\t\t\t\t\t\t<div class=\"elementor-element elementor-element-cd9da40 elementor-widget elementor-widget-text-editor\" data-id=\"cd9da40\" data-element_type=\"widget\" data-e-type=\"widget\" data-widget_type=\"text-editor.default\">\n\t\t\t\t<div class=\"elementor-widget-container\">\n\t\t\t\t\t\t\t\t\t<strong>Citazioni<\/strong>\t\t\t\t\t\t\t\t<\/div>\n\t\t\t\t<\/div>\n\t\t\t\t<div class=\"elementor-element elementor-element-286b906 citations elementor-widget elementor-widget-text-editor\" data-id=\"286b906\" data-element_type=\"widget\" data-e-type=\"widget\" data-widget_type=\"text-editor.default\">\n\t\t\t\t<div class=\"elementor-widget-container\">\n\t\t\t\t\t\t\t\t\t<ol><li>Bray, F., Ferlay, J., Soerjomataram, I., Siegel, R. L., Torre, L. A., &amp; Jemal, A. (2018). Global cancer statistics 2018: GLOBOCAN estimates of incidence and mortality worldwide for 36 cancers in 185 countries. <em>CA: a cancer journal for clinicians, 68(6), 394\u2013424.<\/em> <a href=\"https:\/\/doi.org\/10.3322\/caac.21492 \" target=\"_blank\" rel=\"noopener\">https:\/\/doi.org\/10.3322\/caac.21492<\/a><br \/><br \/><\/li><li>American Cancer Society. Non-Hodgkin Lymphoma Risk Factors. Retrieved May 16, 2023, from <a href=\"https:\/\/www.cancer.org\/cancer\/types\/non-hodgkin-lymphoma\/causes-risks-prevention\/risk-factors.html \" target=\"_blank\" rel=\"noopener\">https:\/\/www.cancer.org\/cancer\/types\/non-hodgkin-lymphoma\/causes-risks-prevention\/risk-factors.html<\/a><br \/><br \/><\/li><li>Centers for Disease Control and Prevention. Lymphoma. Retrieved May 16, 2023 from <a href=\"https:\/\/www.cdc.gov\/cancer\/lymphoma\/index.htm \" target=\"_blank\" rel=\"noopener\">https:\/\/www.cdc.gov\/cancer\/lymphoma\/index.htm<\/a><br \/><br \/><\/li><li>MacDougall, K., Day, S., Hall, S., Zhao, D., Pandey, M., Ibrahimi, S., Khawandanah, M., Chakrabarty, J.H., Asch, A., Nipp, R., Al-Juhaishi, T. (2023). Impact of Race and Age and their Interactions on Survival Outcomes in Patients With Diffuse Large B-Cell Lymphoma. <em>Clinical Lymphoma, Myeloma and Leukemia, 23<\/em>(5), 379\u2013384. <a href=\"https:\/\/doi.org\/10.1016\/j.clml.2023.01.015 \" target=\"_blank\" rel=\"noopener\">https:\/\/doi.org\/10.1016\/j.clml.2023.01.015<\/a><\/li><\/ol>\t\t\t\t\t\t\t\t<\/div>\n\t\t\t\t<\/div>\n\t\t\t\t<div class=\"elementor-element elementor-element-a6993c2 citations elementor-widget elementor-widget-text-editor\" data-id=\"a6993c2\" data-element_type=\"widget\" data-e-type=\"widget\" data-widget_type=\"text-editor.default\">\n\t\t\t\t<div class=\"elementor-widget-container\">\n\t\t\t\t\t<style>.elementor-element-a6993c2{display:none !important}<\/style>\t\t\t\t<\/div>\n\t\t\t\t<\/div>\n\t\t\t\t\t<\/div>\n\t\t<\/div>\n\t\t\t\t\t<\/div>\n\t\t<\/section>\n\t\t\t\t<\/div>","protected":false},"excerpt":{"rendered":"<p>Diversity in clinical studies Why representation is essential for creating better options for everyone with lymphoma If you or someone you know has been diagnosed with lymphoma, you may have heard about clinical research studies as an option. Clinical studies are research studies that test new treatments or medical devices, as well as investigate new [&hellip;]<\/p>\n","protected":false},"author":2,"featured_media":0,"parent":0,"menu_order":0,"comment_status":"closed","ping_status":"closed","template":"","meta":{"footnotes":""},"class_list":["post-12","page","type-page","status-publish","hentry"],"_links":{"self":[{"href":"https:\/\/olympiastudies.com\/it-ch\/wp-json\/wp\/v2\/pages\/12","targetHints":{"allow":["GET"]}}],"collection":[{"href":"https:\/\/olympiastudies.com\/it-ch\/wp-json\/wp\/v2\/pages"}],"about":[{"href":"https:\/\/olympiastudies.com\/it-ch\/wp-json\/wp\/v2\/types\/page"}],"author":[{"embeddable":true,"href":"https:\/\/olympiastudies.com\/it-ch\/wp-json\/wp\/v2\/users\/2"}],"replies":[{"embeddable":true,"href":"https:\/\/olympiastudies.com\/it-ch\/wp-json\/wp\/v2\/comments?post=12"}],"version-history":[{"count":0,"href":"https:\/\/olympiastudies.com\/it-ch\/wp-json\/wp\/v2\/pages\/12\/revisions"}],"wp:attachment":[{"href":"https:\/\/olympiastudies.com\/it-ch\/wp-json\/wp\/v2\/media?parent=12"}],"curies":[{"name":"wp","href":"https:\/\/api.w.org\/{rel}","templated":true}]}}