{"id":14,"date":"2023-07-28T09:48:16","date_gmt":"2023-07-28T09:48:16","guid":{"rendered":"https:\/\/stgolympia.wpenginepowered.com\/?page_id=14"},"modified":"2026-03-12T14:47:38","modified_gmt":"2026-03-12T14:47:38","slug":"faqs","status":"publish","type":"page","link":"https:\/\/olympiastudies.com\/pl-pl\/faqs\/","title":{"rendered":"Cz\u0119sto zadawane pytania"},"content":{"rendered":"<div data-elementor-type=\"wp-page\" data-elementor-id=\"14\" class=\"elementor elementor-14\" data-elementor-post-type=\"page\">\n\t\t\t\t\t\t<section class=\"elementor-section elementor-top-section elementor-element elementor-element-c1025a4 headerDivider elementor-section-height-min-height elementor-section-boxed elementor-section-height-default elementor-section-items-middle\" data-id=\"c1025a4\" data-element_type=\"section\" data-e-type=\"section\" data-settings=\"{&quot;background_background&quot;:&quot;classic&quot;}\">\n\t\t\t\t\t\t\t<div class=\"elementor-background-overlay\"><\/div>\n\t\t\t\t\t\t\t<div class=\"elementor-container elementor-column-gap-no\">\n\t\t\t\t\t<div class=\"elementor-column elementor-col-33 elementor-top-column elementor-element elementor-element-59953f9 elementor-hidden-desktop elementor-hidden-tablet\" data-id=\"59953f9\" data-element_type=\"column\" data-e-type=\"column\">\n\t\t\t<div class=\"elementor-widget-wrap elementor-element-populated\">\n\t\t\t\t\t\t<div class=\"elementor-element elementor-element-3a03e36 elementor-widget elementor-widget-heading\" data-id=\"3a03e36\" data-element_type=\"widget\" data-e-type=\"widget\" data-widget_type=\"heading.default\">\n\t\t\t\t<div class=\"elementor-widget-container\">\n\t\t\t\t\t<h2 class=\"elementor-heading-title elementor-size-default\">Cz\u0119sto zadawane pytania<\/h2>\t\t\t\t<\/div>\n\t\t\t\t<\/div>\n\t\t\t\t\t<\/div>\n\t\t<\/div>\n\t\t\t\t<div class=\"elementor-column elementor-col-33 elementor-top-column elementor-element elementor-element-2a4135b\" data-id=\"2a4135b\" data-element_type=\"column\" data-e-type=\"column\">\n\t\t\t<div class=\"elementor-widget-wrap\">\n\t\t\t\t\t\t\t<\/div>\n\t\t<\/div>\n\t\t\t\t<div class=\"elementor-column elementor-col-33 elementor-top-column elementor-element elementor-element-9292bd9\" data-id=\"9292bd9\" data-element_type=\"column\" data-e-type=\"column\" data-settings=\"{&quot;background_background&quot;:&quot;classic&quot;}\">\n\t\t\t<div class=\"elementor-widget-wrap\">\n\t\t\t\t\t\t\t<\/div>\n\t\t<\/div>\n\t\t\t\t\t<\/div>\n\t\t<\/section>\n\t\t\t\t<section class=\"elementor-section elementor-top-section elementor-element elementor-element-d307362 elementor-section-height-min-height header1 elementor-section-boxed elementor-section-height-default elementor-section-items-middle\" data-id=\"d307362\" data-element_type=\"section\" data-e-type=\"section\" data-settings=\"{&quot;background_background&quot;:&quot;classic&quot;}\">\n\t\t\t\t\t\t\t<div class=\"elementor-background-overlay\"><\/div>\n\t\t\t\t\t\t\t<div class=\"elementor-container elementor-column-gap-no\">\n\t\t\t\t\t<div class=\"elementor-column elementor-col-50 elementor-top-column elementor-element elementor-element-72aaadd\" data-id=\"72aaadd\" data-element_type=\"column\" data-e-type=\"column\">\n\t\t\t<div class=\"elementor-widget-wrap elementor-element-populated\">\n\t\t\t\t\t\t<div class=\"elementor-element elementor-element-32448f9 elementor-hidden-mobile elementor-widget elementor-widget-heading\" data-id=\"32448f9\" data-element_type=\"widget\" data-e-type=\"widget\" data-widget_type=\"heading.default\">\n\t\t\t\t<div class=\"elementor-widget-container\">\n\t\t\t\t\t<h2 class=\"elementor-heading-title elementor-size-default\">Cz\u0119sto zadawane pytania<\/h2>\t\t\t\t<\/div>\n\t\t\t\t<\/div>\n\t\t\t\t\t<\/div>\n\t\t<\/div>\n\t\t\t\t<div class=\"elementor-column elementor-col-50 elementor-top-column elementor-element elementor-element-c9d0515\" data-id=\"c9d0515\" data-element_type=\"column\" data-e-type=\"column\" data-settings=\"{&quot;background_background&quot;:&quot;classic&quot;}\">\n\t\t\t<div class=\"elementor-widget-wrap\">\n\t\t\t\t\t\t\t<\/div>\n\t\t<\/div>\n\t\t\t\t\t<\/div>\n\t\t<\/section>\n\t\t\t\t<section class=\"elementor-section elementor-top-section elementor-element elementor-element-3b6ebec elementor-section-boxed elementor-section-height-default elementor-section-height-default\" data-id=\"3b6ebec\" data-element_type=\"section\" data-e-type=\"section\">\n\t\t\t\t\t\t<div class=\"elementor-container elementor-column-gap-default\">\n\t\t\t\t\t<div class=\"elementor-column elementor-col-100 elementor-top-column elementor-element elementor-element-559d089\" data-id=\"559d089\" data-element_type=\"column\" data-e-type=\"column\">\n\t\t\t<div class=\"elementor-widget-wrap elementor-element-populated\">\n\t\t\t\t\t\t<div class=\"elementor-element elementor-element-700530c olympiafaq elementor-widget elementor-widget-toggle\" data-id=\"700530c\" data-element_type=\"widget\" data-e-type=\"widget\" data-widget_type=\"toggle.default\">\n\t\t\t\t<div class=\"elementor-widget-container\">\n\t\t\t\t\t<style>.elementor-element-700530c{display:none !important}<\/style>\t\t\t\t<\/div>\n\t\t\t\t<\/div>\n\t\t\t\t<div class=\"elementor-element elementor-element-eda5769 olympiafaq elementor-widget elementor-widget-toggle\" data-id=\"eda5769\" data-element_type=\"widget\" data-e-type=\"widget\" data-widget_type=\"toggle.default\">\n\t\t\t\t<div class=\"elementor-widget-container\">\n\t\t\t\t\t\t\t<div class=\"elementor-toggle\">\n\t\t\t\t\t\t\t<div class=\"elementor-toggle-item\">\n\t\t\t\t\t<div id=\"elementor-tab-title-2491\" class=\"elementor-tab-title\" data-tab=\"1\" role=\"button\" aria-controls=\"elementor-tab-content-2491\" aria-expanded=\"false\">\n\t\t\t\t\t\t\t\t\t\t\t\t<span class=\"elementor-toggle-icon elementor-toggle-icon-right\" aria-hidden=\"true\">\n\t\t\t\t\t\t\t\t\t\t\t\t\t\t\t<span class=\"elementor-toggle-icon-closed\"><i class=\"fas fa-chevron-down\"><\/i><\/span>\n\t\t\t\t\t\t\t\t<span class=\"elementor-toggle-icon-opened\"><i class=\"elementor-toggle-icon-opened fas fa-chevron-up\"><\/i><\/span>\n\t\t\t\t\t\t\t\t\t\t\t\t\t<\/span>\n\t\t\t\t\t\t\t\t\t\t\t\t<a class=\"elementor-toggle-title\" tabindex=\"0\">Gdzie mog\u0119 znale\u017a\u0107 dodatkowe materia\u0142y dotycz\u0105ce ch\u0142oniaka i bada\u0144 klinicznych?<\/a>\n\t\t\t\t\t<\/div>\n\n\t\t\t\t\t<div id=\"elementor-tab-content-2491\" class=\"elementor-tab-content elementor-clearfix\" data-tab=\"1\" role=\"region\" aria-labelledby=\"elementor-tab-title-2491\"><p>Istnieje kilka zasob\u00f3w online, aby dowiedzie\u0107 si\u0119 wi\u0119cej na temat ch\u0142oniaka i\u202fdost\u0119pnych opcji, od grup wsparcia po fundacje badawcze. Je\u015bli chcesz dowiedzie\u0107 si\u0119 wi\u0119cej, zapoznaj si\u0119 z\u202fwymienionymi poni\u017cej zasobami.<\/p><ul><li><a href=\"https:\/\/lymphoma.org\/resources\/supportservices\/lsn\/\" target=\"_blank\" rel=\"noopener\">The Lymphoma Support Network <\/a><\/li><li><a href=\"https:\/\/www.lls.org\/support-resources\" target=\"_blank\" rel=\"noopener\">Leukemia and Lymphoma Society<\/a><\/li><li><a href=\"https:\/\/www.cancercare.org\/diagnosis\/lymphoma\" target=\"_blank\" rel=\"noopener\">CancerCare<\/a><\/li><li><a href=\"http:\/\/www.cancer.org\" target=\"_blank\" rel=\"noopener\">American Cancer Society<\/a><\/li><li><a href=\"https:\/\/lymphoma.org\/\" target=\"_blank\" rel=\"noopener\">Fundacja bada\u0144 nad ch\u0142oniakiem<\/a><\/li><li><a href=\"https:\/\/lymphomacoalition.org\/\" target=\"_blank\" rel=\"noopener\">Lymphoma Coalition<\/a><\/li><li><a href=\"https:\/\/www.europeancancer.org\/patients\" target=\"_blank\" rel=\"noopener\">Pacjenci - European Cancer Organization<\/a><\/li><li><a href=\"https:\/\/cancer101.org\/\" target=\"_blank\" rel=\"noopener\">C101 \u2013 Wyj\u0105tkowy zas\u00f3b dla os\u00f3b cierpi\u0105cych na raka<\/a><\/li><\/ul><p>Rozpoznanie ch\u0142oniaka mo\u017ce by\u0107 przyt\u0142aczaj\u0105ce \u2014 wa\u017cne jest, aby znale\u017a\u0107 wsparcie. Je\u015bli potrzebujesz dodatkowych informacji na temat radzenia sobie z\u202fdepresj\u0105 i\u202fl\u0119kiem zwi\u0105zanym z\u202fdiagnoz\u0105, zapoznaj si\u0119 z\u202ftymi dodatkowymi zasobami.<\/p><ul><li><a href=\"https:\/\/nami.org\/Home\" target=\"_blank\" rel=\"noopener\">National Alliance on Mental Illness<\/a><\/li><li><a href=\"https:\/\/www.nimh.nih.gov\/\" target=\"_blank\" rel=\"noopener\">National Institute of Mental Health<\/a><\/li><li><a href=\"https:\/\/www.cancer.org\/cancer\/managing-cancer\/side-effects\/emotional-mood-changes.html\" target=\"_blank\" rel=\"noopener\">American Cancer Society<\/a><\/li><\/ul><\/div>\n\t\t\t\t<\/div>\n\t\t\t\t\t\t\t<div class=\"elementor-toggle-item\">\n\t\t\t\t\t<div id=\"elementor-tab-title-2492\" class=\"elementor-tab-title\" data-tab=\"2\" role=\"button\" aria-controls=\"elementor-tab-content-2492\" aria-expanded=\"false\">\n\t\t\t\t\t\t\t\t\t\t\t\t<span class=\"elementor-toggle-icon elementor-toggle-icon-right\" aria-hidden=\"true\">\n\t\t\t\t\t\t\t\t\t\t\t\t\t\t\t<span class=\"elementor-toggle-icon-closed\"><i class=\"fas fa-chevron-down\"><\/i><\/span>\n\t\t\t\t\t\t\t\t<span class=\"elementor-toggle-icon-opened\"><i class=\"elementor-toggle-icon-opened fas fa-chevron-up\"><\/i><\/span>\n\t\t\t\t\t\t\t\t\t\t\t\t\t<\/span>\n\t\t\t\t\t\t\t\t\t\t\t\t<a class=\"elementor-toggle-title\" tabindex=\"0\">Czym jest badanie kliniczne?<\/a>\n\t\t\t\t\t<\/div>\n\n\t\t\t\t\t<div id=\"elementor-tab-content-2492\" class=\"elementor-tab-content elementor-clearfix\" data-tab=\"2\" role=\"region\" aria-labelledby=\"elementor-tab-title-2492\"><p>Naukowe badanie kliniczne to badanie naukowe przeprowadzane na ochotnikach w\u202fcelu uzyskania odpowiedzi na okre\u015blone pytania dotycz\u0105ce zdrowia. Badania interwencyjne okre\u015blaj\u0105, czy terapie eksperymentalne lub nowe sposoby stosowania znanych terapii s\u0105 bezpieczne i skuteczne w kontrolowanych \u015brodowiskach.\u202fNaukowe badania kliniczne s\u0105 r\u00f3wnie\u017c nazywane badaniami klinicznymi.<\/p><\/div>\n\t\t\t\t<\/div>\n\t\t\t\t\t\t\t<div class=\"elementor-toggle-item\">\n\t\t\t\t\t<div id=\"elementor-tab-title-2493\" class=\"elementor-tab-title\" data-tab=\"3\" role=\"button\" aria-controls=\"elementor-tab-content-2493\" aria-expanded=\"false\">\n\t\t\t\t\t\t\t\t\t\t\t\t<span class=\"elementor-toggle-icon elementor-toggle-icon-right\" aria-hidden=\"true\">\n\t\t\t\t\t\t\t\t\t\t\t\t\t\t\t<span class=\"elementor-toggle-icon-closed\"><i class=\"fas fa-chevron-down\"><\/i><\/span>\n\t\t\t\t\t\t\t\t<span class=\"elementor-toggle-icon-opened\"><i class=\"elementor-toggle-icon-opened fas fa-chevron-up\"><\/i><\/span>\n\t\t\t\t\t\t\t\t\t\t\t\t\t<\/span>\n\t\t\t\t\t\t\t\t\t\t\t\t<a class=\"elementor-toggle-title\" tabindex=\"0\">Co to s\u0105 badania OLYMPIA?<\/a>\n\t\t\t\t\t<\/div>\n\n\t\t\t\t\t<div id=\"elementor-tab-content-2493\" class=\"elementor-tab-content elementor-clearfix\" data-tab=\"3\" role=\"region\" aria-labelledby=\"elementor-tab-title-2493\"><p>Badania OLYMPIA to naukowe badania kliniczne z udzia\u0142em os\u00f3b cierpi\u0105cych na ch\u0142oniaka. Badania OLYMPIA maj\u0105 na celu ocen\u0119 skuteczno\u015bci i\u202fbezpiecze\u0144stwa badanego leku w\u202fleczeniu ch\u0142oniaka w\u202fpor\u00f3wnaniu z innymi zatwierdzonymi metodami leczenia tego nowotworu.<\/p><p>Badania kliniczne s\u0105 niezb\u0119dne do odkrycia potencjalnych metod leczenia. \u017bycie z\u202fch\u0142oniakiem mo\u017ce sprawia\u0107 Ci wystarczaj\u0105ce trudno\u015bci bez do\u0142\u0105czania do badania klinicznego. Jednak wszyscy zaanga\u017cowani w\u202fto badanie kliniczne odgrywaj\u0105 wa\u017cn\u0105 rol\u0119 w\u202fzwi\u0119kszaniu naszej wiedzy o\u202fch\u0142oniaku, co mo\u017ce w\u202fprzysz\u0142o\u015bci pom\u00f3c innym osobom z\u202ftym schorzeniem. Ka\u017cde leczenie, kt\u00f3re istnieje dzisiaj, jest dost\u0119pne dzi\u0119ki ludziom, kt\u00f3rzy wcze\u015bniej brali udzia\u0142 w badaniach naukowych.<\/p><\/div>\n\t\t\t\t<\/div>\n\t\t\t\t\t\t\t<div class=\"elementor-toggle-item\">\n\t\t\t\t\t<div id=\"elementor-tab-title-2494\" class=\"elementor-tab-title\" data-tab=\"4\" role=\"button\" aria-controls=\"elementor-tab-content-2494\" aria-expanded=\"false\">\n\t\t\t\t\t\t\t\t\t\t\t\t<span class=\"elementor-toggle-icon elementor-toggle-icon-right\" aria-hidden=\"true\">\n\t\t\t\t\t\t\t\t\t\t\t\t\t\t\t<span class=\"elementor-toggle-icon-closed\"><i class=\"fas fa-chevron-down\"><\/i><\/span>\n\t\t\t\t\t\t\t\t<span class=\"elementor-toggle-icon-opened\"><i class=\"elementor-toggle-icon-opened fas fa-chevron-up\"><\/i><\/span>\n\t\t\t\t\t\t\t\t\t\t\t\t\t<\/span>\n\t\t\t\t\t\t\t\t\t\t\t\t<a class=\"elementor-toggle-title\" tabindex=\"0\">Czy kwalifikuj\u0119 si\u0119 do udzia\u0142u w\u202fbadaniu OLYMPIA?<\/a>\n\t\t\t\t\t<\/div>\n\n\t\t\t\t\t<div id=\"elementor-tab-content-2494\" class=\"elementor-tab-content elementor-clearfix\" data-tab=\"4\" role=\"region\" aria-labelledby=\"elementor-tab-title-2494\"><p>Kwalifikowalno\u015b\u0107 b\u0119dzie si\u0119 r\u00f3\u017cni\u0107 w\u202fzale\u017cno\u015bci od tego, do kt\u00f3rego badania OLYMPIA do\u0142\u0105czysz. Dowiedz si\u0119 wi\u0119cej o\u202fbadaniach OLYMPIA, aby sprawdzi\u0107, czy si\u0119 kwalifikujesz.<br \/><a class=\"faqbtn\" role=\"button\" href=\"\/pl-pl\/home\/#olympiaStudies\">Wi\u0119cej informacji<\/a><\/p><\/div>\n\t\t\t\t<\/div>\n\t\t\t\t\t\t\t<div class=\"elementor-toggle-item\">\n\t\t\t\t\t<div id=\"elementor-tab-title-2495\" class=\"elementor-tab-title\" data-tab=\"5\" role=\"button\" aria-controls=\"elementor-tab-content-2495\" aria-expanded=\"false\">\n\t\t\t\t\t\t\t\t\t\t\t\t<span class=\"elementor-toggle-icon elementor-toggle-icon-right\" aria-hidden=\"true\">\n\t\t\t\t\t\t\t\t\t\t\t\t\t\t\t<span class=\"elementor-toggle-icon-closed\"><i class=\"fas fa-chevron-down\"><\/i><\/span>\n\t\t\t\t\t\t\t\t<span class=\"elementor-toggle-icon-opened\"><i class=\"elementor-toggle-icon-opened fas fa-chevron-up\"><\/i><\/span>\n\t\t\t\t\t\t\t\t\t\t\t\t\t<\/span>\n\t\t\t\t\t\t\t\t\t\t\t\t<a class=\"elementor-toggle-title\" tabindex=\"0\">Jakie b\u0119d\u0105 moje obowi\u0105zki, je\u015bli wezm\u0119 udzia\u0142 w\u202fbadaniu?<\/a>\n\t\t\t\t\t<\/div>\n\n\t\t\t\t\t<div id=\"elementor-tab-content-2495\" class=\"elementor-tab-content elementor-clearfix\" data-tab=\"5\" role=\"region\" aria-labelledby=\"elementor-tab-title-2495\"><p>Je\u015bli do\u0142\u0105czysz do badania, zobowi\u0105\u017cesz si\u0119 do wykonania okre\u015blonych czynno\u015bci. Obejmuje to stawianie si\u0119 na wizyty w\u202framach badania oraz poddanie si\u0119 pewnym ocenom i\u202fprocedurom, takim jak obrazowanie, biopsje i\u202fpobrania krwi. D\u0142ugo\u015b\u0107 Twojego udzia\u0142u w\u202fbadaniu b\u0119dzie zale\u017ce\u0107 od tego, w kt\u00f3rym z\u202fbadaniu OLYMPIA we\u017amiesz udzia\u0142 i\u202fTwojej odpowiedzi na badane leki.<\/p><\/div>\n\t\t\t\t<\/div>\n\t\t\t\t\t\t\t<div class=\"elementor-toggle-item\">\n\t\t\t\t\t<div id=\"elementor-tab-title-2496\" class=\"elementor-tab-title\" data-tab=\"6\" role=\"button\" aria-controls=\"elementor-tab-content-2496\" aria-expanded=\"false\">\n\t\t\t\t\t\t\t\t\t\t\t\t<span class=\"elementor-toggle-icon elementor-toggle-icon-right\" aria-hidden=\"true\">\n\t\t\t\t\t\t\t\t\t\t\t\t\t\t\t<span class=\"elementor-toggle-icon-closed\"><i class=\"fas fa-chevron-down\"><\/i><\/span>\n\t\t\t\t\t\t\t\t<span class=\"elementor-toggle-icon-opened\"><i class=\"elementor-toggle-icon-opened fas fa-chevron-up\"><\/i><\/span>\n\t\t\t\t\t\t\t\t\t\t\t\t\t<\/span>\n\t\t\t\t\t\t\t\t\t\t\t\t<a class=\"elementor-toggle-title\" tabindex=\"0\">Jak d\u0142ugo potrwa badanie?<\/a>\n\t\t\t\t\t<\/div>\n\n\t\t\t\t\t<div id=\"elementor-tab-content-2496\" class=\"elementor-tab-content elementor-clearfix\" data-tab=\"6\" role=\"region\" aria-labelledby=\"elementor-tab-title-2496\"><p>D\u0142ugo\u015b\u0107 Twojego udzia\u0142u w\u202fbadaniu b\u0119dzie zale\u017ce\u0107 od kilku czynnik\u00f3w, w\u202ftym od rodzaju badania, w\u202fkt\u00f3rym we\u017amiesz udzia\u0142, oraz Twojej odpowiedzi na badany lek.<\/p><\/div>\n\t\t\t\t<\/div>\n\t\t\t\t\t\t\t<div class=\"elementor-toggle-item\">\n\t\t\t\t\t<div id=\"elementor-tab-title-2497\" class=\"elementor-tab-title\" data-tab=\"7\" role=\"button\" aria-controls=\"elementor-tab-content-2497\" aria-expanded=\"false\">\n\t\t\t\t\t\t\t\t\t\t\t\t<span class=\"elementor-toggle-icon elementor-toggle-icon-right\" aria-hidden=\"true\">\n\t\t\t\t\t\t\t\t\t\t\t\t\t\t\t<span class=\"elementor-toggle-icon-closed\"><i class=\"fas fa-chevron-down\"><\/i><\/span>\n\t\t\t\t\t\t\t\t<span class=\"elementor-toggle-icon-opened\"><i class=\"elementor-toggle-icon-opened fas fa-chevron-up\"><\/i><\/span>\n\t\t\t\t\t\t\t\t\t\t\t\t\t<\/span>\n\t\t\t\t\t\t\t\t\t\t\t\t<a class=\"elementor-toggle-title\" tabindex=\"0\">Jakie s\u0105 potencjalne korzy\u015bci zwi\u0105zane z\u202fdo\u0142\u0105czeniem do badania?<\/a>\n\t\t\t\t\t<\/div>\n\n\t\t\t\t\t<div id=\"elementor-tab-content-2497\" class=\"elementor-tab-content elementor-clearfix\" data-tab=\"7\" role=\"region\" aria-labelledby=\"elementor-tab-title-2497\"><p>Udzia\u0142 w\u202fbadaniu mo\u017ce umo\u017cliwi\u0107 dost\u0119p do dodatkowych bada\u0144 kontrolnych poza regularn\u0105 opiek\u0105 i\u202fspecjalist\u00f3w do spraw ch\u0142oniaka. Nie mo\u017cna zagwarantowa\u0107 odniesienia korzy\u015bci medycznych z\u202fudzia\u0142u w\u202ftym badaniu. Tw\u00f3j stan zdrowia mo\u017ce si\u0119 poprawi\u0107, pozosta\u0107 bez zmian lub ulec pogorszeniu.<\/p><\/div>\n\t\t\t\t<\/div>\n\t\t\t\t\t\t\t<div class=\"elementor-toggle-item\">\n\t\t\t\t\t<div id=\"elementor-tab-title-2498\" class=\"elementor-tab-title\" data-tab=\"8\" role=\"button\" aria-controls=\"elementor-tab-content-2498\" aria-expanded=\"false\">\n\t\t\t\t\t\t\t\t\t\t\t\t<span class=\"elementor-toggle-icon elementor-toggle-icon-right\" aria-hidden=\"true\">\n\t\t\t\t\t\t\t\t\t\t\t\t\t\t\t<span class=\"elementor-toggle-icon-closed\"><i class=\"fas fa-chevron-down\"><\/i><\/span>\n\t\t\t\t\t\t\t\t<span class=\"elementor-toggle-icon-opened\"><i class=\"elementor-toggle-icon-opened fas fa-chevron-up\"><\/i><\/span>\n\t\t\t\t\t\t\t\t\t\t\t\t\t<\/span>\n\t\t\t\t\t\t\t\t\t\t\t\t<a class=\"elementor-toggle-title\" tabindex=\"0\">Jakie s\u0105 potencjalne zagro\u017cenia zwi\u0105zane z\u202fuczestnictwem?<\/a>\n\t\t\t\t\t<\/div>\n\n\t\t\t\t\t<div id=\"elementor-tab-content-2498\" class=\"elementor-tab-content elementor-clearfix\" data-tab=\"8\" role=\"region\" aria-labelledby=\"elementor-tab-title-2498\"><p>Przyjmowanie wszystkich lek\u00f3w mo\u017ce wi\u0105za\u0107 si\u0119 z\u202fryzykiem. Otrzymasz formularz \u015bwiadomej zgody, kt\u00f3ry wyja\u015bni zagro\u017cenia obserwowane w innych badaniach klinicznych badanego leku. Istnieje r\u00f3wnie\u017c prawdopodobie\u0144stwo, \u017ce lek wp\u0142ynie na Ciebie w\u202fnieznany jeszcze spos\u00f3b. Je\u015bli wyst\u0105pi\u0105 jakiekolwiek zmiany w\u202fstanie zdrowia, niezale\u017cnie od tego, jak niezwi\u0105zane z\u202fbadaniem mog\u0105 by\u0107, nale\u017cy poinformowa\u0107 o\u202ftym lekarza prowadz\u0105cego badanie i\u202fzesp\u00f3\u0142 badawczy.<\/p><\/div>\n\t\t\t\t<\/div>\n\t\t\t\t\t\t\t<div class=\"elementor-toggle-item\">\n\t\t\t\t\t<div id=\"elementor-tab-title-2499\" class=\"elementor-tab-title\" data-tab=\"9\" role=\"button\" aria-controls=\"elementor-tab-content-2499\" aria-expanded=\"false\">\n\t\t\t\t\t\t\t\t\t\t\t\t<span class=\"elementor-toggle-icon elementor-toggle-icon-right\" aria-hidden=\"true\">\n\t\t\t\t\t\t\t\t\t\t\t\t\t\t\t<span class=\"elementor-toggle-icon-closed\"><i class=\"fas fa-chevron-down\"><\/i><\/span>\n\t\t\t\t\t\t\t\t<span class=\"elementor-toggle-icon-opened\"><i class=\"elementor-toggle-icon-opened fas fa-chevron-up\"><\/i><\/span>\n\t\t\t\t\t\t\t\t\t\t\t\t\t<\/span>\n\t\t\t\t\t\t\t\t\t\t\t\t<a class=\"elementor-toggle-title\" tabindex=\"0\">Gdzie prowadzone jest to badanie?<\/a>\n\t\t\t\t\t<\/div>\n\n\t\t\t\t\t<div id=\"elementor-tab-content-2499\" class=\"elementor-tab-content elementor-clearfix\" data-tab=\"9\" role=\"region\" aria-labelledby=\"elementor-tab-title-2499\"><p>Badania OLYMPIA odbywaj\u0105 si\u0119 w\u202fo\u015brodkach badawczych na ca\u0142ym \u015bwiecie. Dowiedz si\u0119 wi\u0119cej o\u202fbadaniach OLYMPIA, aby sprawdzi\u0107, kt\u00f3ry o\u015brodek badawczy znajduje si\u0119 najbli\u017cej Ciebie.<br \/><a class=\"faqbtn\" role=\"button\" href=\"\/pl-pl\/home\/#olympiaStudies\">Wi\u0119cej informacji<\/a><\/p><\/div>\n\t\t\t\t<\/div>\n\t\t\t\t\t\t\t\t<\/div>\n\t\t\t\t\t\t<\/div>\n\t\t\t\t<\/div>\n\t\t\t\t<div class=\"elementor-element elementor-element-4eff222 olympiafaq elementor-widget elementor-widget-toggle\" data-id=\"4eff222\" data-element_type=\"widget\" data-e-type=\"widget\" data-widget_type=\"toggle.default\">\n\t\t\t\t<div class=\"elementor-widget-container\">\n\t\t\t\t\t<style>.elementor-element-4eff222{display:none !important}<\/style>\t\t\t\t<\/div>\n\t\t\t\t<\/div>\n\t\t\t\t<div class=\"elementor-element elementor-element-aec2501 olympiafaq elementor-widget elementor-widget-toggle\" data-id=\"aec2501\" data-element_type=\"widget\" data-e-type=\"widget\" data-widget_type=\"toggle.default\">\n\t\t\t\t<div class=\"elementor-widget-container\">\n\t\t\t\t\t<style>.elementor-element-aec2501{display:none !important}<\/style>\t\t\t\t<\/div>\n\t\t\t\t<\/div>\n\t\t\t\t\t<\/div>\n\t\t<\/div>\n\t\t\t\t\t<\/div>\n\t\t<\/section>\n\t\t\t\t<section class=\"elementor-section elementor-top-section elementor-element elementor-element-dca6840 elementor-section-boxed elementor-section-height-default elementor-section-height-default\" data-id=\"dca6840\" data-element_type=\"section\" data-e-type=\"section\">\n\t\t\t\t\t\t<div class=\"elementor-container elementor-column-gap-default\">\n\t\t\t\t\t<div class=\"elementor-column elementor-col-33 elementor-top-column elementor-element elementor-element-986f8aa\" data-id=\"986f8aa\" data-element_type=\"column\" data-e-type=\"column\">\n\t\t\t<div class=\"elementor-widget-wrap elementor-element-populated\">\n\t\t\t\t\t\t<div class=\"elementor-element elementor-element-a07b5a8 elementor-widget elementor-widget-image\" data-id=\"a07b5a8\" data-element_type=\"widget\" data-e-type=\"widget\" data-widget_type=\"image.default\">\n\t\t\t\t<div class=\"elementor-widget-container\">\n\t\t\t\t\t\t\t\t\t\t\t\t\t\t\t<img decoding=\"async\" width=\"117\" height=\"133\" src=\"https:\/\/olympiastudies.com\/wp-content\/uploads\/2023\/07\/question-icon.png\" class=\"attachment-large size-large wp-image-64\" alt=\"\" \/>\t\t\t\t\t\t\t\t\t\t\t\t\t\t\t<\/div>\n\t\t\t\t<\/div>\n\t\t\t\t\t<\/div>\n\t\t<\/div>\n\t\t\t\t<div class=\"elementor-column elementor-col-66 elementor-top-column elementor-element elementor-element-5cdcd68\" data-id=\"5cdcd68\" data-element_type=\"column\" data-e-type=\"column\">\n\t\t\t<div class=\"elementor-widget-wrap elementor-element-populated\">\n\t\t\t\t\t\t<div class=\"elementor-element elementor-element-66e4487 elementor-widget elementor-widget-heading\" data-id=\"66e4487\" data-element_type=\"widget\" data-e-type=\"widget\" data-widget_type=\"heading.default\">\n\t\t\t\t<div class=\"elementor-widget-container\">\n\t\t\t\t\t<h2 class=\"elementor-heading-title elementor-size-default translation-block\">Co zrobi\u0107, je\u015bli mam inne pytania?<\/h2>\t\t\t\t<\/div>\n\t\t\t\t<\/div>\n\t\t\t\t<div class=\"elementor-element elementor-element-c677884 elementor-widget elementor-widget-text-editor\" data-id=\"c677884\" data-element_type=\"widget\" data-e-type=\"widget\" data-widget_type=\"text-editor.default\">\n\t\t\t\t<div class=\"elementor-widget-container\">\n\t\t\t\t\t\t\t\t\t<p>Je\u015bli masz wi\u0119cej pyta\u0144 dotycz\u0105cych badania klinicznego OLYMPIA, skontaktuj si\u0119 z\u202fnajbli\u017cszym o\u015brodkiem. Aby dowiedzie\u0107 si\u0119, jaki o\u015brodek znajduje si\u0119 najbli\u017cej Ciebie, skorzystaj z\u202fnaszego narz\u0119dzia do wyszukiwania o\u015brodk\u00f3w.\u202f<br \/><a class=\"faqbtn\" role=\"button\" href=\"\/pl-pl\/home\/#olympiaStudies\">Wi\u0119cej informacji<\/a><\/p>\t\t\t\t\t\t\t\t<\/div>\n\t\t\t\t<\/div>\n\t\t\t\t<div class=\"elementor-element elementor-element-d3317dd elementor-widget elementor-widget-text-editor\" data-id=\"d3317dd\" data-element_type=\"widget\" data-e-type=\"widget\" data-widget_type=\"text-editor.default\">\n\t\t\t\t<div class=\"elementor-widget-container\">\n\t\t\t\t\t<style>.elementor-element-d3317dd{display:none !important}<\/style>\t\t\t\t<\/div>\n\t\t\t\t<\/div>\n\t\t\t\t\t<\/div>\n\t\t<\/div>\n\t\t\t\t\t<\/div>\n\t\t<\/section>\n\t\t\t\t<\/div>","protected":false},"excerpt":{"rendered":"<p>FAQs FAQs Where can I find additional resources on lymphoma and clinical studies? There are several online resources to learn more about lymphoma and your options, from advocacy groups to research foundations. If you would like to learn more, please take a look at some of the resources listed below. The Lymphoma Support Network Leukemia [&hellip;]<\/p>\n","protected":false},"author":2,"featured_media":0,"parent":0,"menu_order":0,"comment_status":"closed","ping_status":"closed","template":"","meta":{"footnotes":""},"class_list":["post-14","page","type-page","status-publish","hentry"],"_links":{"self":[{"href":"https:\/\/olympiastudies.com\/pl-pl\/wp-json\/wp\/v2\/pages\/14","targetHints":{"allow":["GET"]}}],"collection":[{"href":"https:\/\/olympiastudies.com\/pl-pl\/wp-json\/wp\/v2\/pages"}],"about":[{"href":"https:\/\/olympiastudies.com\/pl-pl\/wp-json\/wp\/v2\/types\/page"}],"author":[{"embeddable":true,"href":"https:\/\/olympiastudies.com\/pl-pl\/wp-json\/wp\/v2\/users\/2"}],"replies":[{"embeddable":true,"href":"https:\/\/olympiastudies.com\/pl-pl\/wp-json\/wp\/v2\/comments?post=14"}],"version-history":[{"count":0,"href":"https:\/\/olympiastudies.com\/pl-pl\/wp-json\/wp\/v2\/pages\/14\/revisions"}],"wp:attachment":[{"href":"https:\/\/olympiastudies.com\/pl-pl\/wp-json\/wp\/v2\/media?parent=14"}],"curies":[{"name":"wp","href":"https:\/\/api.w.org\/{rel}","templated":true}]}}