{"id":12,"date":"2023-07-28T09:47:38","date_gmt":"2023-07-28T09:47:38","guid":{"rendered":"https:\/\/stgolympia.wpenginepowered.com\/?page_id=12"},"modified":"2026-03-12T14:31:55","modified_gmt":"2026-03-12T14:31:55","slug":"diversity-in-clinical-studies","status":"publish","type":"page","link":"https:\/\/olympiastudies.com\/ro-ro\/diversity-in-clinical-studies\/","title":{"rendered":"Diversitatea \u00een studiile clinice"},"content":{"rendered":"<div data-elementor-type=\"wp-page\" data-elementor-id=\"12\" class=\"elementor elementor-12\" data-elementor-post-type=\"page\">\n\t\t\t\t\t\t<section class=\"elementor-section elementor-top-section elementor-element elementor-element-65969d3 elementor-section-content-middle elementor-section-boxed elementor-section-height-default elementor-section-height-default\" data-id=\"65969d3\" data-element_type=\"section\" data-e-type=\"section\" data-settings=\"{&quot;background_background&quot;:&quot;classic&quot;}\">\n\t\t\t\t\t\t<div class=\"elementor-container elementor-column-gap-default\">\n\t\t\t\t\t<div class=\"elementor-column elementor-col-50 elementor-top-column elementor-element elementor-element-7627144\" data-id=\"7627144\" data-element_type=\"column\" data-e-type=\"column\">\n\t\t\t<div class=\"elementor-widget-wrap elementor-element-populated\">\n\t\t\t\t\t\t<div class=\"elementor-element elementor-element-0c41c73 elementor-widget elementor-widget-heading\" data-id=\"0c41c73\" data-element_type=\"widget\" data-e-type=\"widget\" data-widget_type=\"heading.default\">\n\t\t\t\t<div class=\"elementor-widget-container\">\n\t\t\t\t\t<h1 class=\"elementor-heading-title elementor-size-default\">Diversitatea \u00een studiile clinice<\/h1>\t\t\t\t<\/div>\n\t\t\t\t<\/div>\n\t\t\t\t<div class=\"elementor-element elementor-element-54cc092 elementor-widget elementor-widget-heading\" data-id=\"54cc092\" data-element_type=\"widget\" data-e-type=\"widget\" data-widget_type=\"heading.default\">\n\t\t\t\t<div class=\"elementor-widget-container\">\n\t\t\t\t\t<style>.elementor-element-54cc092{display:none !important}<\/style>\t\t\t\t<\/div>\n\t\t\t\t<\/div>\n\t\t\t\t<div class=\"elementor-element elementor-element-174e170 elementor-widget elementor-widget-text-editor\" data-id=\"174e170\" data-element_type=\"widget\" data-e-type=\"widget\" data-widget_type=\"text-editor.default\">\n\t\t\t\t<div class=\"elementor-widget-container\">\n\t\t\t\t\t\t\t\t\t<p>De ce reprezentarea este esen\u021bial\u0103 pentru a crea op\u021biuni mai bune pentru to\u021bi pacien\u021bii cu limfom<\/p>\t\t\t\t\t\t\t\t<\/div>\n\t\t\t\t<\/div>\n\t\t\t\t\t<\/div>\n\t\t<\/div>\n\t\t\t\t<div class=\"elementor-column elementor-col-50 elementor-top-column elementor-element elementor-element-500e49a\" data-id=\"500e49a\" data-element_type=\"column\" data-e-type=\"column\">\n\t\t\t<div class=\"elementor-widget-wrap elementor-element-populated\">\n\t\t\t\t\t\t<div class=\"elementor-element elementor-element-55ab6ee elementor-widget elementor-widget-image\" data-id=\"55ab6ee\" data-element_type=\"widget\" data-e-type=\"widget\" data-widget_type=\"image.default\">\n\t\t\t\t<div class=\"elementor-widget-container\">\n\t\t\t\t\t\t\t\t\t\t\t\t\t\t\t<img fetchpriority=\"high\" decoding=\"async\" width=\"567\" height=\"475\" src=\"https:\/\/olympiastudies.com\/wp-content\/uploads\/2023\/07\/DEI_header-1.png\" class=\"attachment-large size-large wp-image-84\" alt=\"\" srcset=\"https:\/\/olympiastudies.com\/wp-content\/uploads\/2023\/07\/DEI_header-1.png 567w, https:\/\/olympiastudies.com\/wp-content\/uploads\/2023\/07\/DEI_header-1-300x251.png 300w\" sizes=\"(max-width: 567px) 100vw, 567px\" \/>\t\t\t\t\t\t\t\t\t\t\t\t\t\t\t<\/div>\n\t\t\t\t<\/div>\n\t\t\t\t\t<\/div>\n\t\t<\/div>\n\t\t\t\t\t<\/div>\n\t\t<\/section>\n\t\t\t\t<section class=\"elementor-section elementor-top-section elementor-element elementor-element-99f1869 elementor-section-boxed elementor-section-height-default elementor-section-height-default\" data-id=\"99f1869\" data-element_type=\"section\" data-e-type=\"section\">\n\t\t\t\t\t\t<div class=\"elementor-container elementor-column-gap-default\">\n\t\t\t\t\t<div class=\"elementor-column elementor-col-50 elementor-top-column elementor-element elementor-element-294864d\" data-id=\"294864d\" data-element_type=\"column\" data-e-type=\"column\">\n\t\t\t<div class=\"elementor-widget-wrap elementor-element-populated\">\n\t\t\t\t\t\t<div class=\"elementor-element elementor-element-45c9de0 elementor-widget elementor-widget-image\" data-id=\"45c9de0\" data-element_type=\"widget\" data-e-type=\"widget\" data-widget_type=\"image.default\">\n\t\t\t\t<div class=\"elementor-widget-container\">\n\t\t\t\t\t\t\t\t\t\t\t\t\t\t\t<img decoding=\"async\" width=\"520\" height=\"527\" src=\"https:\/\/olympiastudies.com\/wp-content\/uploads\/2023\/07\/DEI_01.png\" class=\"attachment-large size-large wp-image-86\" alt=\"\" srcset=\"https:\/\/olympiastudies.com\/wp-content\/uploads\/2023\/07\/DEI_01.png 520w, https:\/\/olympiastudies.com\/wp-content\/uploads\/2023\/07\/DEI_01-296x300.png 296w\" sizes=\"(max-width: 520px) 100vw, 520px\" \/>\t\t\t\t\t\t\t\t\t\t\t\t\t\t\t<\/div>\n\t\t\t\t<\/div>\n\t\t\t\t\t<\/div>\n\t\t<\/div>\n\t\t\t\t<div class=\"elementor-column elementor-col-50 elementor-top-column elementor-element elementor-element-dcd87a3\" data-id=\"dcd87a3\" data-element_type=\"column\" data-e-type=\"column\">\n\t\t\t<div class=\"elementor-widget-wrap elementor-element-populated\">\n\t\t\t\t\t\t<div class=\"elementor-element elementor-element-e9dd02a elementor-widget elementor-widget-text-editor\" data-id=\"e9dd02a\" data-element_type=\"widget\" data-e-type=\"widget\" data-widget_type=\"text-editor.default\">\n\t\t\t\t<div class=\"elementor-widget-container\">\n\t\t\t\t\t\t\t\t\tDac\u0103 dumneavoastr\u0103 sau o persoan\u0103 pe care o cunoa\u0219te\u021bi a\u021bi fost diagnostica\u021bi cu limfom, este posibil s\u0103 fi auzit despre op\u021biunea reprezentat\u0103 de studiile de cercetare clinic\u0103. Studiile clinice sunt studii de cercetare care testeaz\u0103 tratamente sau dispozitive medicale noi \u0219i, de asemenea, investigheaz\u0103 modalit\u0103\u021bi noi de utilizare a tratamentelor existente. Ele reprezint\u0103 o parte important\u0103 a dezvolt\u0103rii de terapii noi pentru tratarea limfomului.\t\t\t\t\t\t\t\t<\/div>\n\t\t\t\t<\/div>\n\t\t\t\t<div class=\"elementor-element elementor-element-cd30330 elementor-widget elementor-widget-text-editor\" data-id=\"cd30330\" data-element_type=\"widget\" data-e-type=\"widget\" data-widget_type=\"text-editor.default\">\n\t\t\t\t<div class=\"elementor-widget-container\">\n\t\t\t\t\t\t\t\t\tEste important s\u0103 \u00een\u021belegem de ce diversitatea conteaz\u0103 \u00een studiile clinice despre limfom. Limfomul afecteaz\u0103 diferite popula\u021bii. Sexul, v\u00e2rsta \u0219i loca\u021bia geografic\u0103 au, toate, un impact, majoritatea cazurilor ap\u0103r\u00e2nd \u00een r\u00e2ndul b\u0103rba\u021bilor \u00een v\u00e2rst\u0103 (&gt;\u202f60\u202fde\u202fani).<sup>1, 2<\/sup>  B\u0103rba\u021bii sunt mai susceptibili de a dezvolta limfom non-Hodgkin dec\u00e2t femeile,<sup>2<\/sup> iar prezen\u021ba unor afec\u021biuni preexistente \u0219i infec\u021bii precum HIV, infec\u021bia cu virusul limfotrofic al celulelor\u202fT umane \u0219i infec\u021bia cu virusul Epstein Barr pot afecta, la r\u00e2ndul lor, probabilitatea de a dezvolta limfom.<sup>3<\/sup>\t\t\t\t\t\t\t\t<\/div>\n\t\t\t\t<\/div>\n\t\t\t\t<div class=\"elementor-element elementor-element-1555b01 elementor-widget elementor-widget-text-editor\" data-id=\"1555b01\" data-element_type=\"widget\" data-e-type=\"widget\" data-widget_type=\"text-editor.default\">\n\t\t\t\t<div class=\"elementor-widget-container\">\n\t\t\t\t\t<style>.elementor-element-1555b01{display:none !important}<\/style>\t\t\t\t<\/div>\n\t\t\t\t<\/div>\n\t\t\t\t\t<\/div>\n\t\t<\/div>\n\t\t\t\t\t<\/div>\n\t\t<\/section>\n\t\t\t\t<section class=\"elementor-section elementor-top-section elementor-element elementor-element-c0870b9 elementor-section-content-middle elementor-section-boxed elementor-section-height-default elementor-section-height-default\" data-id=\"c0870b9\" data-element_type=\"section\" data-e-type=\"section\">\n\t\t\t\t\t\t<div class=\"elementor-container elementor-column-gap-default\">\n\t\t\t\t\t<div class=\"elementor-column elementor-col-50 elementor-top-column elementor-element elementor-element-0a32869\" data-id=\"0a32869\" data-element_type=\"column\" data-e-type=\"column\">\n\t\t\t<div class=\"elementor-widget-wrap elementor-element-populated\">\n\t\t\t\t\t\t<div class=\"elementor-element elementor-element-4473d4a elementor-widget__width-initial elementor-widget elementor-widget-text-editor\" data-id=\"4473d4a\" data-element_type=\"widget\" data-e-type=\"widget\" data-widget_type=\"text-editor.default\">\n\t\t\t\t<div class=\"elementor-widget-container\">\n\t\t\t\t\t\t\t\t\t<p>\u00cen SUA, persoanele de ras\u0103 alb\u0103 sunt mai susceptibile de a dezvolta limfom non-Hodgkin dec\u00e2t afro-americanii \u0219i asiaticii americani.<sup>2<\/sup> Cu toate acestea, rezultatele sunt totu\u0219i mai grave pentru anumite tipuri de limfom \u00een r\u00e2ndul grupurilor minoritare<sup>4<\/sup> \u0219i trebuie f\u0103cute mai multe cercet\u0103ri pentru a \u00eembun\u0103t\u0103\u021bi tratamentul pentru to\u021bi pacien\u021bii.<\/p>\t\t\t\t\t\t\t\t<\/div>\n\t\t\t\t<\/div>\n\t\t\t\t<div class=\"elementor-element elementor-element-ab76bbc elementor-widget elementor-widget-text-editor\" data-id=\"ab76bbc\" data-element_type=\"widget\" data-e-type=\"widget\" data-widget_type=\"text-editor.default\">\n\t\t\t\t<div class=\"elementor-widget-container\">\n\t\t\t\t\t\t\t\t\t\u00cen r\u00e2ndul participan\u021bilor la studii clinice ar trebui s\u0103 fie incluse persoane din grupe diverse de ras\u0103, etnie, sex, v\u00e2rst\u0103 \u0219i categorii diverse de venituri \u0219i loca\u021bii geografice. C\u00e2nd studiile clinice includ un grup divers de participan\u021bi, cercet\u0103torii pot determina cu mai mult\u0103 precizie c\u00e2t de eficient este un tratament pentru diferite popula\u021bii \u0219i pot identifica poten\u021bialele reac\u021bii adverse sau complica\u021bii care pot fi unice pentru anumite popula\u021bii.\t\t\t\t\t\t\t\t<\/div>\n\t\t\t\t<\/div>\n\t\t\t\t<div class=\"elementor-element elementor-element-e80214c elementor-widget elementor-widget-text-editor\" data-id=\"e80214c\" data-element_type=\"widget\" data-e-type=\"widget\" data-widget_type=\"text-editor.default\">\n\t\t\t\t<div class=\"elementor-widget-container\">\n\t\t\t\t\t\t\t\t\tDac\u0103 sunte\u021bi interesat(\u0103) s\u0103 participa\u021bi la un studiu clinic, discuta\u021bi cu medicul dumneavoastr\u0103 despre op\u021biunile disponibile \u0219i despre importan\u021ba diversit\u0103\u021bii \u00een cercetare. \u00cempreun\u0103, putem colabora pentru dezvoltarea unor tratamente mai eficiente \u0219i mai echitabile \u00eempotriva limfomului.\t\t\t\t\t\t\t\t<\/div>\n\t\t\t\t<\/div>\n\t\t\t\t\t<\/div>\n\t\t<\/div>\n\t\t\t\t<div class=\"elementor-column elementor-col-50 elementor-top-column elementor-element elementor-element-5a630bb\" data-id=\"5a630bb\" data-element_type=\"column\" data-e-type=\"column\">\n\t\t\t<div class=\"elementor-widget-wrap elementor-element-populated\">\n\t\t\t\t\t\t<div class=\"elementor-element elementor-element-1a905b0 elementor-widget elementor-widget-image\" data-id=\"1a905b0\" data-element_type=\"widget\" data-e-type=\"widget\" data-widget_type=\"image.default\">\n\t\t\t\t<div class=\"elementor-widget-container\">\n\t\t\t\t\t\t\t\t\t\t\t\t\t\t\t<img decoding=\"async\" width=\"519\" height=\"449\" src=\"https:\/\/olympiastudies.com\/wp-content\/uploads\/2023\/07\/DEI_02.png\" class=\"attachment-large size-large wp-image-87\" alt=\"\" srcset=\"https:\/\/olympiastudies.com\/wp-content\/uploads\/2023\/07\/DEI_02.png 519w, https:\/\/olympiastudies.com\/wp-content\/uploads\/2023\/07\/DEI_02-300x260.png 300w\" sizes=\"(max-width: 519px) 100vw, 519px\" \/>\t\t\t\t\t\t\t\t\t\t\t\t\t\t\t<\/div>\n\t\t\t\t<\/div>\n\t\t\t\t\t<\/div>\n\t\t<\/div>\n\t\t\t\t\t<\/div>\n\t\t<\/section>\n\t\t\t\t<section class=\"elementor-section elementor-top-section elementor-element elementor-element-7fc85b5 elementor-section-boxed elementor-section-height-default elementor-section-height-default\" data-id=\"7fc85b5\" data-element_type=\"section\" data-e-type=\"section\" data-settings=\"{&quot;background_background&quot;:&quot;classic&quot;}\">\n\t\t\t\t\t\t<div class=\"elementor-container elementor-column-gap-default\">\n\t\t\t\t\t<div class=\"elementor-column elementor-col-50 elementor-top-column elementor-element elementor-element-808b66d\" data-id=\"808b66d\" data-element_type=\"column\" data-e-type=\"column\" data-settings=\"{&quot;background_background&quot;:&quot;classic&quot;}\">\n\t\t\t<div class=\"elementor-widget-wrap elementor-element-populated\">\n\t\t\t\t\t\t<div class=\"elementor-element elementor-element-63f3c28 elementor-widget elementor-widget-heading\" data-id=\"63f3c28\" data-element_type=\"widget\" data-e-type=\"widget\" data-widget_type=\"heading.default\">\n\t\t\t\t<div class=\"elementor-widget-container\">\n\t\t\t\t\t<h2 class=\"elementor-heading-title elementor-size-default\">Pa\u0219ii pe care \u00eei parcurgem pentru a sprijini diversitatea \u00een studiile clinice.<\/h2>\t\t\t\t<\/div>\n\t\t\t\t<\/div>\n\t\t\t\t<div class=\"elementor-element elementor-element-465e866 elementor-widget elementor-widget-button\" data-id=\"465e866\" data-element_type=\"widget\" data-e-type=\"widget\" data-widget_type=\"button.default\">\n\t\t\t\t<div class=\"elementor-widget-container\">\n\t\t\t\t\t\t\t\t\t<div class=\"elementor-button-wrapper\">\n\t\t\t\t\t<a class=\"elementor-button elementor-button-link elementor-size-sm\" href=\"https:\/\/www.regeneron.com\/downloads\/regeneron-position-ethics-clinical-studies.pdf\" target=\"_blank\" rel=\"noopener\">\n\t\t\t\t\t\t<span class=\"elementor-button-content-wrapper\">\n\t\t\t\t\t\t\t\t\t<span class=\"elementor-button-text\">Afla\u021bi mai multe<\/span>\n\t\t\t\t\t<\/span>\n\t\t\t\t\t<\/a>\n\t\t\t\t<\/div>\n\t\t\t\t\t\t\t\t<\/div>\n\t\t\t\t<\/div>\n\t\t\t\t<div class=\"elementor-element elementor-element-f2959ba elementor-widget elementor-widget-button\" data-id=\"f2959ba\" data-element_type=\"widget\" data-e-type=\"widget\" data-widget_type=\"button.default\">\n\t\t\t\t<div class=\"elementor-widget-container\">\n\t\t\t\t\t<style>.elementor-element-f2959ba{display:none !important}<\/style>\t\t\t\t<\/div>\n\t\t\t\t<\/div>\n\t\t\t\t\t<\/div>\n\t\t<\/div>\n\t\t\t\t<div class=\"elementor-column elementor-col-50 elementor-top-column elementor-element elementor-element-6a6da49\" data-id=\"6a6da49\" data-element_type=\"column\" data-e-type=\"column\">\n\t\t\t<div class=\"elementor-widget-wrap elementor-element-populated\">\n\t\t\t\t\t\t<div class=\"elementor-element elementor-element-a9e76bd elementor-widget elementor-widget-text-editor\" data-id=\"a9e76bd\" data-element_type=\"widget\" data-e-type=\"widget\" data-widget_type=\"text-editor.default\">\n\t\t\t\t<div class=\"elementor-widget-container\">\n\t\t\t\t\t\t\t\t\t<p><span style=\"white-space-collapse: preserve;\">Dac\u0103 dori\u021bi mai multe informa\u021bii privind diversitatea \u00een studiile clinice \u0219i motivele pentru care aceasta este important\u0103, v\u0103 rug\u0103m s\u0103 desc\u0103rca\u021bi bro\u0219urile de mai jos.<\/span><\/p>\t\t\t\t\t\t\t\t<\/div>\n\t\t\t\t<\/div>\n\t\t\t\t<div class=\"elementor-element elementor-element-10754d2 diversityLinks elementor-icon-list--layout-traditional elementor-list-item-link-full_width elementor-widget elementor-widget-icon-list\" data-id=\"10754d2\" data-element_type=\"widget\" data-e-type=\"widget\" data-widget_type=\"icon-list.default\">\n\t\t\t\t<div class=\"elementor-widget-container\">\n\t\t\t\t\t\t\t<ul class=\"elementor-icon-list-items\">\n\t\t\t\t\t\t\t<li class=\"elementor-icon-list-item\">\n\t\t\t\t\t\t\t\t\t\t\t<a href=\"https:\/\/olympiastudies.com\/wp-content\/uploads\/2024\/02\/A-guide-to-the-importance-of-diversity-in-clinical-trials.pdf\" target=\"_blank\">\n\n\t\t\t\t\t\t\t\t\t\t\t\t<span class=\"elementor-icon-list-icon\">\n\t\t\t\t\t\t\t<i aria-hidden=\"true\" class=\"fas fa-chevron-circle-down\"><\/i>\t\t\t\t\t\t<\/span>\n\t\t\t\t\t\t\t\t\t\t<span class=\"elementor-icon-list-text\">Ghid privind importan\u021ba diversit\u0103\u021bii \u00een studiile clinice<\/span>\n\t\t\t\t\t\t\t\t\t\t\t<\/a>\n\t\t\t\t\t\t\t\t\t<\/li>\n\t\t\t\t\t\t\t\t<li class=\"elementor-icon-list-item\">\n\t\t\t\t\t\t\t\t\t\t\t<a href=\"https:\/\/olympiastudies.com\/wp-content\/uploads\/2024\/02\/Information-about-clinical-research-participation-for-Black-and-African-American-people-.pdf\" target=\"_blank\">\n\n\t\t\t\t\t\t\t\t\t\t\t\t<span class=\"elementor-icon-list-icon\">\n\t\t\t\t\t\t\t<i aria-hidden=\"true\" class=\"fas fa-chevron-circle-down\"><\/i>\t\t\t\t\t\t<\/span>\n\t\t\t\t\t\t\t\t\t\t<span class=\"elementor-icon-list-text\">Informa\u021bii privind participarea la cercetarea clinic\u0103 pentru pacien\u021bii de culoare \u0219i afro-americani<\/span>\n\t\t\t\t\t\t\t\t\t\t\t<\/a>\n\t\t\t\t\t\t\t\t\t<\/li>\n\t\t\t\t\t\t\t\t<li class=\"elementor-icon-list-item\">\n\t\t\t\t\t\t\t\t\t\t\t<a href=\"https:\/\/olympiastudies.com\/wp-content\/uploads\/2024\/02\/An-introduction-to-clinical-trials-for-Hispanics-and-Latinos-.pdf\" target=\"_blank\">\n\n\t\t\t\t\t\t\t\t\t\t\t\t<span class=\"elementor-icon-list-icon\">\n\t\t\t\t\t\t\t<i aria-hidden=\"true\" class=\"fas fa-chevron-circle-down\"><\/i>\t\t\t\t\t\t<\/span>\n\t\t\t\t\t\t\t\t\t\t<span class=\"elementor-icon-list-text\">Introducere \u00een studiile clinice pentru pacien\u021bii hispanici \u0219i latino-americani<\/span>\n\t\t\t\t\t\t\t\t\t\t\t<\/a>\n\t\t\t\t\t\t\t\t\t<\/li>\n\t\t\t\t\t\t<\/ul>\n\t\t\t\t\t\t<\/div>\n\t\t\t\t<\/div>\n\t\t\t\t<div class=\"elementor-element elementor-element-93c7abe diversityLinks elementor-icon-list--layout-traditional elementor-list-item-link-full_width elementor-widget elementor-widget-icon-list\" data-id=\"93c7abe\" data-element_type=\"widget\" data-e-type=\"widget\" data-widget_type=\"icon-list.default\">\n\t\t\t\t<div class=\"elementor-widget-container\">\n\t\t\t\t\t<style>.elementor-element-93c7abe{display:none !important}<\/style>\t\t\t\t<\/div>\n\t\t\t\t<\/div>\n\t\t\t\t\t<\/div>\n\t\t<\/div>\n\t\t\t\t\t<\/div>\n\t\t<\/section>\n\t\t\t\t<section class=\"elementor-section elementor-top-section elementor-element elementor-element-972ed3f citations elementor-section-boxed elementor-section-height-default elementor-section-height-default\" data-id=\"972ed3f\" data-element_type=\"section\" data-e-type=\"section\">\n\t\t\t\t\t\t<div class=\"elementor-container elementor-column-gap-default\">\n\t\t\t\t\t<div class=\"elementor-column elementor-col-100 elementor-top-column elementor-element elementor-element-a7a47ea\" data-id=\"a7a47ea\" data-element_type=\"column\" data-e-type=\"column\">\n\t\t\t<div class=\"elementor-widget-wrap elementor-element-populated\">\n\t\t\t\t\t\t<div class=\"elementor-element elementor-element-cd9da40 elementor-widget elementor-widget-text-editor\" data-id=\"cd9da40\" data-element_type=\"widget\" data-e-type=\"widget\" data-widget_type=\"text-editor.default\">\n\t\t\t\t<div class=\"elementor-widget-container\">\n\t\t\t\t\t\t\t\t\t<strong>Referin\u021be<\/strong>\t\t\t\t\t\t\t\t<\/div>\n\t\t\t\t<\/div>\n\t\t\t\t<div class=\"elementor-element elementor-element-286b906 citations elementor-widget elementor-widget-text-editor\" data-id=\"286b906\" data-element_type=\"widget\" data-e-type=\"widget\" data-widget_type=\"text-editor.default\">\n\t\t\t\t<div class=\"elementor-widget-container\">\n\t\t\t\t\t\t\t\t\t<ol><li>Bray, F., Ferlay, J., Soerjomataram, I., Siegel, R. L., Torre, L. A., &amp; Jemal, A. (2018). Global cancer statistics 2018: GLOBOCAN estimates of incidence and mortality worldwide for 36 cancers in 185 countries. <em>CA: a cancer journal for clinicians, 68(6), 394\u2013424.<\/em> <a href=\"https:\/\/doi.org\/10.3322\/caac.21492 \" target=\"_blank\" rel=\"noopener\">https:\/\/doi.org\/10.3322\/caac.21492<\/a><br \/><br \/><\/li><li>American Cancer Society. Non-Hodgkin Lymphoma Risk Factors. Accesat la data de 16\u202fmai\u202f2023 la <a href=\"https:\/\/www.cancer.org\/cancer\/types\/non-hodgkin-lymphoma\/causes-risks-prevention\/risk-factors.html \" target=\"_blank\" rel=\"noopener\">https:\/\/www.cancer.org\/cancer\/types\/non-hodgkin-lymphoma\/causes-risks-prevention\/risk-factors.html<\/a><br \/><br \/><\/li><li>Centers for Disease Control and Prevention. Lymphoma. Accesat la data de 16\u202fmai\u202f2023 la <a href=\"https:\/\/www.cdc.gov\/cancer\/lymphoma\/index.htm \" target=\"_blank\" rel=\"noopener\">https:\/\/www.cdc.gov\/cancer\/lymphoma\/index.htm<\/a><br \/><br \/><\/li><li>MacDougall, K., Day, S., Hall, S., Zhao, D., Pandey, M., Ibrahimi, S., Khawandanah, M., Chakrabarty, J.H., Asch, A., Nipp, R., Al-Juhaishi, T. (2023). Impact of Race and Age and their Interactions on Survival Outcomes in Patients With Diffuse Large B-Cell Lymphoma. <em>Clinical Lymphoma, Myeloma and Leukemia, 23<\/em>(5), 379\u2013384. <a href=\"https:\/\/doi.org\/10.1016\/j.clml.2023.01.015 \" target=\"_blank\" rel=\"noopener\">https:\/\/doi.org\/10.1016\/j.clml.2023.01.015<\/a><\/li><\/ol>\t\t\t\t\t\t\t\t<\/div>\n\t\t\t\t<\/div>\n\t\t\t\t<div class=\"elementor-element elementor-element-a6993c2 citations elementor-widget elementor-widget-text-editor\" data-id=\"a6993c2\" data-element_type=\"widget\" data-e-type=\"widget\" data-widget_type=\"text-editor.default\">\n\t\t\t\t<div class=\"elementor-widget-container\">\n\t\t\t\t\t<style>.elementor-element-a6993c2{display:none !important}<\/style>\t\t\t\t<\/div>\n\t\t\t\t<\/div>\n\t\t\t\t\t<\/div>\n\t\t<\/div>\n\t\t\t\t\t<\/div>\n\t\t<\/section>\n\t\t\t\t<\/div>","protected":false},"excerpt":{"rendered":"<p>Diversity in clinical studies Why representation is essential for creating better options for everyone with lymphoma If you or someone you know has been diagnosed with lymphoma, you may have heard about clinical research studies as an option. Clinical studies are research studies that test new treatments or medical devices, as well as investigate new [&hellip;]<\/p>\n","protected":false},"author":2,"featured_media":0,"parent":0,"menu_order":0,"comment_status":"closed","ping_status":"closed","template":"","meta":{"footnotes":""},"class_list":["post-12","page","type-page","status-publish","hentry"],"_links":{"self":[{"href":"https:\/\/olympiastudies.com\/ro-ro\/wp-json\/wp\/v2\/pages\/12","targetHints":{"allow":["GET"]}}],"collection":[{"href":"https:\/\/olympiastudies.com\/ro-ro\/wp-json\/wp\/v2\/pages"}],"about":[{"href":"https:\/\/olympiastudies.com\/ro-ro\/wp-json\/wp\/v2\/types\/page"}],"author":[{"embeddable":true,"href":"https:\/\/olympiastudies.com\/ro-ro\/wp-json\/wp\/v2\/users\/2"}],"replies":[{"embeddable":true,"href":"https:\/\/olympiastudies.com\/ro-ro\/wp-json\/wp\/v2\/comments?post=12"}],"version-history":[{"count":0,"href":"https:\/\/olympiastudies.com\/ro-ro\/wp-json\/wp\/v2\/pages\/12\/revisions"}],"wp:attachment":[{"href":"https:\/\/olympiastudies.com\/ro-ro\/wp-json\/wp\/v2\/media?parent=12"}],"curies":[{"name":"wp","href":"https:\/\/api.w.org\/{rel}","templated":true}]}}