{"id":14,"date":"2023-07-28T09:48:16","date_gmt":"2023-07-28T09:48:16","guid":{"rendered":"https:\/\/stgolympia.wpenginepowered.com\/?page_id=14"},"modified":"2026-03-12T14:47:38","modified_gmt":"2026-03-12T14:47:38","slug":"faqs","status":"publish","type":"page","link":"https:\/\/olympiastudies.com\/ro-ro\/faqs\/","title":{"rendered":"\u00centreb\u0103ri frecvente"},"content":{"rendered":"<div data-elementor-type=\"wp-page\" data-elementor-id=\"14\" class=\"elementor elementor-14\" data-elementor-post-type=\"page\">\n\t\t\t\t\t\t<section class=\"elementor-section elementor-top-section elementor-element elementor-element-c1025a4 headerDivider elementor-section-height-min-height elementor-section-boxed elementor-section-height-default elementor-section-items-middle\" data-id=\"c1025a4\" data-element_type=\"section\" data-e-type=\"section\" data-settings=\"{&quot;background_background&quot;:&quot;classic&quot;}\">\n\t\t\t\t\t\t\t<div class=\"elementor-background-overlay\"><\/div>\n\t\t\t\t\t\t\t<div class=\"elementor-container elementor-column-gap-no\">\n\t\t\t\t\t<div class=\"elementor-column elementor-col-33 elementor-top-column elementor-element elementor-element-59953f9 elementor-hidden-desktop elementor-hidden-tablet\" data-id=\"59953f9\" data-element_type=\"column\" data-e-type=\"column\">\n\t\t\t<div class=\"elementor-widget-wrap elementor-element-populated\">\n\t\t\t\t\t\t<div class=\"elementor-element elementor-element-3a03e36 elementor-widget elementor-widget-heading\" data-id=\"3a03e36\" data-element_type=\"widget\" data-e-type=\"widget\" data-widget_type=\"heading.default\">\n\t\t\t\t<div class=\"elementor-widget-container\">\n\t\t\t\t\t<h2 class=\"elementor-heading-title elementor-size-default\">\u00centreb\u0103ri frecvente<\/h2>\t\t\t\t<\/div>\n\t\t\t\t<\/div>\n\t\t\t\t\t<\/div>\n\t\t<\/div>\n\t\t\t\t<div class=\"elementor-column elementor-col-33 elementor-top-column elementor-element elementor-element-2a4135b\" data-id=\"2a4135b\" data-element_type=\"column\" data-e-type=\"column\">\n\t\t\t<div class=\"elementor-widget-wrap\">\n\t\t\t\t\t\t\t<\/div>\n\t\t<\/div>\n\t\t\t\t<div class=\"elementor-column elementor-col-33 elementor-top-column elementor-element elementor-element-9292bd9\" data-id=\"9292bd9\" data-element_type=\"column\" data-e-type=\"column\" data-settings=\"{&quot;background_background&quot;:&quot;classic&quot;}\">\n\t\t\t<div class=\"elementor-widget-wrap\">\n\t\t\t\t\t\t\t<\/div>\n\t\t<\/div>\n\t\t\t\t\t<\/div>\n\t\t<\/section>\n\t\t\t\t<section class=\"elementor-section elementor-top-section elementor-element elementor-element-d307362 elementor-section-height-min-height header1 elementor-section-boxed elementor-section-height-default elementor-section-items-middle\" data-id=\"d307362\" data-element_type=\"section\" data-e-type=\"section\" data-settings=\"{&quot;background_background&quot;:&quot;classic&quot;}\">\n\t\t\t\t\t\t\t<div class=\"elementor-background-overlay\"><\/div>\n\t\t\t\t\t\t\t<div class=\"elementor-container elementor-column-gap-no\">\n\t\t\t\t\t<div class=\"elementor-column elementor-col-50 elementor-top-column elementor-element elementor-element-72aaadd\" data-id=\"72aaadd\" data-element_type=\"column\" data-e-type=\"column\">\n\t\t\t<div class=\"elementor-widget-wrap elementor-element-populated\">\n\t\t\t\t\t\t<div class=\"elementor-element elementor-element-32448f9 elementor-hidden-mobile elementor-widget elementor-widget-heading\" data-id=\"32448f9\" data-element_type=\"widget\" data-e-type=\"widget\" data-widget_type=\"heading.default\">\n\t\t\t\t<div class=\"elementor-widget-container\">\n\t\t\t\t\t<h2 class=\"elementor-heading-title elementor-size-default\">\u00centreb\u0103ri frecvente<\/h2>\t\t\t\t<\/div>\n\t\t\t\t<\/div>\n\t\t\t\t\t<\/div>\n\t\t<\/div>\n\t\t\t\t<div class=\"elementor-column elementor-col-50 elementor-top-column elementor-element elementor-element-c9d0515\" data-id=\"c9d0515\" data-element_type=\"column\" data-e-type=\"column\" data-settings=\"{&quot;background_background&quot;:&quot;classic&quot;}\">\n\t\t\t<div class=\"elementor-widget-wrap\">\n\t\t\t\t\t\t\t<\/div>\n\t\t<\/div>\n\t\t\t\t\t<\/div>\n\t\t<\/section>\n\t\t\t\t<section class=\"elementor-section elementor-top-section elementor-element elementor-element-3b6ebec elementor-section-boxed elementor-section-height-default elementor-section-height-default\" data-id=\"3b6ebec\" data-element_type=\"section\" data-e-type=\"section\">\n\t\t\t\t\t\t<div class=\"elementor-container elementor-column-gap-default\">\n\t\t\t\t\t<div class=\"elementor-column elementor-col-100 elementor-top-column elementor-element elementor-element-559d089\" data-id=\"559d089\" data-element_type=\"column\" data-e-type=\"column\">\n\t\t\t<div class=\"elementor-widget-wrap elementor-element-populated\">\n\t\t\t\t\t\t<div class=\"elementor-element elementor-element-700530c olympiafaq elementor-widget elementor-widget-toggle\" data-id=\"700530c\" data-element_type=\"widget\" data-e-type=\"widget\" data-widget_type=\"toggle.default\">\n\t\t\t\t<div class=\"elementor-widget-container\">\n\t\t\t\t\t<style>.elementor-element-700530c{display:none !important}<\/style>\t\t\t\t<\/div>\n\t\t\t\t<\/div>\n\t\t\t\t<div class=\"elementor-element elementor-element-eda5769 olympiafaq elementor-widget elementor-widget-toggle\" data-id=\"eda5769\" data-element_type=\"widget\" data-e-type=\"widget\" data-widget_type=\"toggle.default\">\n\t\t\t\t<div class=\"elementor-widget-container\">\n\t\t\t\t\t\t\t<div class=\"elementor-toggle\">\n\t\t\t\t\t\t\t<div class=\"elementor-toggle-item\">\n\t\t\t\t\t<div id=\"elementor-tab-title-2491\" class=\"elementor-tab-title\" data-tab=\"1\" role=\"button\" aria-controls=\"elementor-tab-content-2491\" aria-expanded=\"false\">\n\t\t\t\t\t\t\t\t\t\t\t\t<span class=\"elementor-toggle-icon elementor-toggle-icon-right\" aria-hidden=\"true\">\n\t\t\t\t\t\t\t\t\t\t\t\t\t\t\t<span class=\"elementor-toggle-icon-closed\"><i class=\"fas fa-chevron-down\"><\/i><\/span>\n\t\t\t\t\t\t\t\t<span class=\"elementor-toggle-icon-opened\"><i class=\"elementor-toggle-icon-opened fas fa-chevron-up\"><\/i><\/span>\n\t\t\t\t\t\t\t\t\t\t\t\t\t<\/span>\n\t\t\t\t\t\t\t\t\t\t\t\t<a class=\"elementor-toggle-title\" tabindex=\"0\">Unde pot g\u0103si resurse suplimentare despre limfom \u0219i studiile clinice?<\/a>\n\t\t\t\t\t<\/div>\n\n\t\t\t\t\t<div id=\"elementor-tab-content-2491\" class=\"elementor-tab-content elementor-clearfix\" data-tab=\"1\" role=\"region\" aria-labelledby=\"elementor-tab-title-2491\"><p>Exist\u0103 multiple resurse online pentru a afla mai multe despre limfom \u0219i despre op\u021biunile pe care le ave\u021bi la dispozi\u021bie, de la grupuri de advocacy la funda\u021bii de cercetare. Dac\u0103 dori\u021bi s\u0103 afla\u021bi mai multe, v\u0103 invit\u0103m s\u0103 consulta\u021bi o parte din resursele enumerate mai jos.<\/p><ul><li><a href=\"https:\/\/lymphoma.org\/resources\/supportservices\/lsn\/\" target=\"_blank\" rel=\"noopener\">Lymphoma Support Network (Re\u021beaua de sprijin pentru pacien\u021bii cu limfom) <\/a><\/li><li><a href=\"https:\/\/www.lls.org\/support-resources\" target=\"_blank\" rel=\"noopener\">Leukemia and Lymphoma Society<\/a><\/li><li><a href=\"https:\/\/www.cancercare.org\/diagnosis\/lymphoma\" target=\"_blank\" rel=\"noopener\">CancerCare<\/a><\/li><li><a href=\"http:\/\/www.cancer.org\" target=\"_blank\" rel=\"noopener\">American Cancer Society<\/a><\/li><li><a href=\"https:\/\/lymphoma.org\/\" target=\"_blank\" rel=\"noopener\">Lymphoma Research Foundation<\/a><\/li><li><a href=\"https:\/\/lymphomacoalition.org\/\" target=\"_blank\" rel=\"noopener\">Lymphoma Coalition<\/a><\/li><li><a href=\"https:\/\/www.europeancancer.org\/patients\" target=\"_blank\" rel=\"noopener\">Patients &#8211; European Cancer Organisation<\/a><\/li><li><a href=\"https:\/\/cancer101.org\/\" target=\"_blank\" rel=\"noopener\">C101 \u2013 O resurs\u0103 unic\u0103 pentru persoanele care sufer\u0103 de cancer<\/a><\/li><\/ul><p>Diagnosticul de limfom poate fi cople\u0219itor \u2013 este important s\u0103 g\u0103si\u021bi sprijin. Dac\u0103 dori\u021bi informa\u021bii suplimentare privind tratarea depresiei \u0219i a anxiet\u0103\u021bii asociate cu diagnosticul dumneavoastr\u0103, v\u0103 invit\u0103m s\u0103 consulta\u021bi aceste resurse suplimentare.<\/p><ul><li><a href=\"https:\/\/nami.org\/Home\" target=\"_blank\" rel=\"noopener\">National Alliance on Mental Illness<\/a><\/li><li><a href=\"https:\/\/www.nimh.nih.gov\/\" target=\"_blank\" rel=\"noopener\">National Institute of Mental Health<\/a><\/li><li><a href=\"https:\/\/www.cancer.org\/cancer\/managing-cancer\/side-effects\/emotional-mood-changes.html\" target=\"_blank\" rel=\"noopener\">American Cancer Society<\/a><\/li><\/ul><\/div>\n\t\t\t\t<\/div>\n\t\t\t\t\t\t\t<div class=\"elementor-toggle-item\">\n\t\t\t\t\t<div id=\"elementor-tab-title-2492\" class=\"elementor-tab-title\" data-tab=\"2\" role=\"button\" aria-controls=\"elementor-tab-content-2492\" aria-expanded=\"false\">\n\t\t\t\t\t\t\t\t\t\t\t\t<span class=\"elementor-toggle-icon elementor-toggle-icon-right\" aria-hidden=\"true\">\n\t\t\t\t\t\t\t\t\t\t\t\t\t\t\t<span class=\"elementor-toggle-icon-closed\"><i class=\"fas fa-chevron-down\"><\/i><\/span>\n\t\t\t\t\t\t\t\t<span class=\"elementor-toggle-icon-opened\"><i class=\"elementor-toggle-icon-opened fas fa-chevron-up\"><\/i><\/span>\n\t\t\t\t\t\t\t\t\t\t\t\t\t<\/span>\n\t\t\t\t\t\t\t\t\t\t\t\t<a class=\"elementor-toggle-title\" tabindex=\"0\">Ce este un studiu de cercetare clinic\u0103?<\/a>\n\t\t\t\t\t<\/div>\n\n\t\t\t\t\t<div id=\"elementor-tab-content-2492\" class=\"elementor-tab-content elementor-clearfix\" data-tab=\"2\" role=\"region\" aria-labelledby=\"elementor-tab-title-2492\"><p>Un studiu de cercetare clinic\u0103 este o investiga\u021bie \u0219tiin\u021bific\u0103 efectuat\u0103 cu participan\u021bi voluntari umani pentru a r\u0103spunde la \u00eentreb\u0103ri specifice legate de s\u0103n\u0103tate. Studiile interven\u021bionale determin\u0103 dac\u0103 tratamentele experimentale sau modalit\u0103\u021bile noi de utilizare a terapiilor cunoscute sunt sigure \u0219i eficiente \u00een medii controlate.\u202fStudiile de cercetare clinic\u0103 sunt denumite \u0219i studii clinice interven\u021bionale.<\/p><\/div>\n\t\t\t\t<\/div>\n\t\t\t\t\t\t\t<div class=\"elementor-toggle-item\">\n\t\t\t\t\t<div id=\"elementor-tab-title-2493\" class=\"elementor-tab-title\" data-tab=\"3\" role=\"button\" aria-controls=\"elementor-tab-content-2493\" aria-expanded=\"false\">\n\t\t\t\t\t\t\t\t\t\t\t\t<span class=\"elementor-toggle-icon elementor-toggle-icon-right\" aria-hidden=\"true\">\n\t\t\t\t\t\t\t\t\t\t\t\t\t\t\t<span class=\"elementor-toggle-icon-closed\"><i class=\"fas fa-chevron-down\"><\/i><\/span>\n\t\t\t\t\t\t\t\t<span class=\"elementor-toggle-icon-opened\"><i class=\"elementor-toggle-icon-opened fas fa-chevron-up\"><\/i><\/span>\n\t\t\t\t\t\t\t\t\t\t\t\t\t<\/span>\n\t\t\t\t\t\t\t\t\t\t\t\t<a class=\"elementor-toggle-title\" tabindex=\"0\">Ce sunt studiile OLYMPIA?<\/a>\n\t\t\t\t\t<\/div>\n\n\t\t\t\t\t<div id=\"elementor-tab-content-2493\" class=\"elementor-tab-content elementor-clearfix\" data-tab=\"3\" role=\"region\" aria-labelledby=\"elementor-tab-title-2493\"><p>Studiile OLYMPIA sunt studii de cercetare clinic\u0103 pentru persoanele cu limfom. Studiile OLYMPIA urm\u0103resc s\u0103 evalueze eficacitatea \u0219i siguran\u021ba unui medicament pentru investiga\u021bie clinic\u0103 \u00een tratarea limfomului \u00een compara\u021bie cu alte tratamente deja aprobate pentru tratarea limfomului.<\/p><p>Studiile clinice sunt esen\u021biale pentru investigarea poten\u021bialelor tratamente. Via\u021ba cu diagnosticul de limfom poate fi cople\u0219itoare \u0219i pute\u021bi sim\u021bi c\u0103 ave\u021bi destule de f\u0103cut \u0219i f\u0103r\u0103 a v\u0103 mai implica \u00eentr-un studiu clinic. Cu toate acestea, to\u021bi cei implica\u021bi \u00een aceste studii clinice joac\u0103 un rol important \u00een \u00eembog\u0103\u021birea cuno\u0219tin\u021belor noastre despre limfom, ceea ce ar putea ajuta alte persoane cu aceast\u0103 afec\u021biune \u00een viitor. Fiecare tratament care exist\u0103 \u00een prezent este disponibil gra\u021bie persoanelor care au participat anterior la studii de cercetare.<\/p><\/div>\n\t\t\t\t<\/div>\n\t\t\t\t\t\t\t<div class=\"elementor-toggle-item\">\n\t\t\t\t\t<div id=\"elementor-tab-title-2494\" class=\"elementor-tab-title\" data-tab=\"4\" role=\"button\" aria-controls=\"elementor-tab-content-2494\" aria-expanded=\"false\">\n\t\t\t\t\t\t\t\t\t\t\t\t<span class=\"elementor-toggle-icon elementor-toggle-icon-right\" aria-hidden=\"true\">\n\t\t\t\t\t\t\t\t\t\t\t\t\t\t\t<span class=\"elementor-toggle-icon-closed\"><i class=\"fas fa-chevron-down\"><\/i><\/span>\n\t\t\t\t\t\t\t\t<span class=\"elementor-toggle-icon-opened\"><i class=\"elementor-toggle-icon-opened fas fa-chevron-up\"><\/i><\/span>\n\t\t\t\t\t\t\t\t\t\t\t\t\t<\/span>\n\t\t\t\t\t\t\t\t\t\t\t\t<a class=\"elementor-toggle-title\" tabindex=\"0\">Sunt eligibil(\u0103) s\u0103 particip la studiile OLYMPIA?<\/a>\n\t\t\t\t\t<\/div>\n\n\t\t\t\t\t<div id=\"elementor-tab-content-2494\" class=\"elementor-tab-content elementor-clearfix\" data-tab=\"4\" role=\"region\" aria-labelledby=\"elementor-tab-title-2494\"><p>Eligibilitatea va fi diferit\u0103 \u00een func\u021bie de studiul OLYMPIA la care v\u0103 ve\u021bi \u00eenscrie. Afla\u021bi mai multe despre studiile OLYMPIA pentru a vedea dac\u0103 a\u021bi putea fi eligibil(\u0103).<br \/><a class=\"faqbtn\" role=\"button\" href=\"\/ro-ro\/home\/#olympiaStudies\">Afla\u021bi mai multe<\/a><\/p><\/div>\n\t\t\t\t<\/div>\n\t\t\t\t\t\t\t<div class=\"elementor-toggle-item\">\n\t\t\t\t\t<div id=\"elementor-tab-title-2495\" class=\"elementor-tab-title\" data-tab=\"5\" role=\"button\" aria-controls=\"elementor-tab-content-2495\" aria-expanded=\"false\">\n\t\t\t\t\t\t\t\t\t\t\t\t<span class=\"elementor-toggle-icon elementor-toggle-icon-right\" aria-hidden=\"true\">\n\t\t\t\t\t\t\t\t\t\t\t\t\t\t\t<span class=\"elementor-toggle-icon-closed\"><i class=\"fas fa-chevron-down\"><\/i><\/span>\n\t\t\t\t\t\t\t\t<span class=\"elementor-toggle-icon-opened\"><i class=\"elementor-toggle-icon-opened fas fa-chevron-up\"><\/i><\/span>\n\t\t\t\t\t\t\t\t\t\t\t\t\t<\/span>\n\t\t\t\t\t\t\t\t\t\t\t\t<a class=\"elementor-toggle-title\" tabindex=\"0\">Care sunt responsabilit\u0103\u021bile mele dac\u0103 particip?<\/a>\n\t\t\t\t\t<\/div>\n\n\t\t\t\t\t<div id=\"elementor-tab-content-2495\" class=\"elementor-tab-content elementor-clearfix\" data-tab=\"5\" role=\"region\" aria-labelledby=\"elementor-tab-title-2495\"><p>Dac\u0103 participa\u021bi la studiu, sunt anumite lucruri pe care trebuie s\u0103 le face\u021bi, inclusiv s\u0103 v\u0103 prezenta\u021bi la vizitele de studiu, s\u0103 vi se fac\u0103 anumite evalu\u0103ri \u0219i s\u0103 fi\u021bi supus(\u0103) anumitor proceduri, cum ar fi scan\u0103ri imagistice, biopsii \u0219i recolt\u0103ri de s\u00e2nge. Durata particip\u0103rii dumneavoastr\u0103 va depinde de studiul OLYMPIA la care ve\u021bi participa \u0219i de r\u0103spunsul dumneavoastr\u0103 la medicamentele de studiu.<\/p><\/div>\n\t\t\t\t<\/div>\n\t\t\t\t\t\t\t<div class=\"elementor-toggle-item\">\n\t\t\t\t\t<div id=\"elementor-tab-title-2496\" class=\"elementor-tab-title\" data-tab=\"6\" role=\"button\" aria-controls=\"elementor-tab-content-2496\" aria-expanded=\"false\">\n\t\t\t\t\t\t\t\t\t\t\t\t<span class=\"elementor-toggle-icon elementor-toggle-icon-right\" aria-hidden=\"true\">\n\t\t\t\t\t\t\t\t\t\t\t\t\t\t\t<span class=\"elementor-toggle-icon-closed\"><i class=\"fas fa-chevron-down\"><\/i><\/span>\n\t\t\t\t\t\t\t\t<span class=\"elementor-toggle-icon-opened\"><i class=\"elementor-toggle-icon-opened fas fa-chevron-up\"><\/i><\/span>\n\t\t\t\t\t\t\t\t\t\t\t\t\t<\/span>\n\t\t\t\t\t\t\t\t\t\t\t\t<a class=\"elementor-toggle-title\" tabindex=\"0\">C\u00e2t dureaz\u0103 studiul?<\/a>\n\t\t\t\t\t<\/div>\n\n\t\t\t\t\t<div id=\"elementor-tab-content-2496\" class=\"elementor-tab-content elementor-clearfix\" data-tab=\"6\" role=\"region\" aria-labelledby=\"elementor-tab-title-2496\"><p>Durata particip\u0103rii dumneavoastr\u0103 va depinde de mai mul\u021bi factori, inclusiv de studiul la care ve\u021bi participa \u0219i de r\u0103spunsul dumneavoastr\u0103 la medicamentul de studiu.<\/p><\/div>\n\t\t\t\t<\/div>\n\t\t\t\t\t\t\t<div class=\"elementor-toggle-item\">\n\t\t\t\t\t<div id=\"elementor-tab-title-2497\" class=\"elementor-tab-title\" data-tab=\"7\" role=\"button\" aria-controls=\"elementor-tab-content-2497\" aria-expanded=\"false\">\n\t\t\t\t\t\t\t\t\t\t\t\t<span class=\"elementor-toggle-icon elementor-toggle-icon-right\" aria-hidden=\"true\">\n\t\t\t\t\t\t\t\t\t\t\t\t\t\t\t<span class=\"elementor-toggle-icon-closed\"><i class=\"fas fa-chevron-down\"><\/i><\/span>\n\t\t\t\t\t\t\t\t<span class=\"elementor-toggle-icon-opened\"><i class=\"elementor-toggle-icon-opened fas fa-chevron-up\"><\/i><\/span>\n\t\t\t\t\t\t\t\t\t\t\t\t\t<\/span>\n\t\t\t\t\t\t\t\t\t\t\t\t<a class=\"elementor-toggle-title\" tabindex=\"0\">Care sunt poten\u021bialele beneficii ale particip\u0103rii?<\/a>\n\t\t\t\t\t<\/div>\n\n\t\t\t\t\t<div id=\"elementor-tab-content-2497\" class=\"elementor-tab-content elementor-clearfix\" data-tab=\"7\" role=\"region\" aria-labelledby=\"elementor-tab-title-2497\"><p>Pute\u021bi beneficia de controale medicale suplimentare pe l\u00e2ng\u0103 \u00eengrijirile de rutin\u0103 pe care le primi\u021bi \u0219i pute\u021bi avea acces la speciali\u0219ti \u00een limfom. Nu exist\u0103 garan\u021bii c\u0103 ve\u021bi avea beneficii medicale ca urmare a particip\u0103rii la acest studiu. Starea dumneavoastr\u0103 se poate ameliora, poate r\u0103m\u00e2ne neschimbat\u0103 ori se poate agrava.<\/p><\/div>\n\t\t\t\t<\/div>\n\t\t\t\t\t\t\t<div class=\"elementor-toggle-item\">\n\t\t\t\t\t<div id=\"elementor-tab-title-2498\" class=\"elementor-tab-title\" data-tab=\"8\" role=\"button\" aria-controls=\"elementor-tab-content-2498\" aria-expanded=\"false\">\n\t\t\t\t\t\t\t\t\t\t\t\t<span class=\"elementor-toggle-icon elementor-toggle-icon-right\" aria-hidden=\"true\">\n\t\t\t\t\t\t\t\t\t\t\t\t\t\t\t<span class=\"elementor-toggle-icon-closed\"><i class=\"fas fa-chevron-down\"><\/i><\/span>\n\t\t\t\t\t\t\t\t<span class=\"elementor-toggle-icon-opened\"><i class=\"elementor-toggle-icon-opened fas fa-chevron-up\"><\/i><\/span>\n\t\t\t\t\t\t\t\t\t\t\t\t\t<\/span>\n\t\t\t\t\t\t\t\t\t\t\t\t<a class=\"elementor-toggle-title\" tabindex=\"0\">Care sunt riscurile poten\u021biale ale particip\u0103rii?<\/a>\n\t\t\t\t\t<\/div>\n\n\t\t\t\t\t<div id=\"elementor-tab-content-2498\" class=\"elementor-tab-content elementor-clearfix\" data-tab=\"8\" role=\"region\" aria-labelledby=\"elementor-tab-title-2498\"><p>Ca \u00een cazul tuturor medicamentelor, exist\u0103 posibile riscuri atunci c\u00e2nd le lua\u021bi. Vi se va furniza un Formular de consim\u021b\u0103m\u00e2nt informat, care va explica riscurile care au fost observate \u00een alte studii clinice de cercetare a medicamentului pentru investiga\u021bie clinic\u0103. De asemenea, este posibil ca medicamentul s\u0103 v\u0103 afecteze \u00een moduri necunoscute. Dac\u0103 prezenta\u021bi orice modificare a st\u0103rii dumneavoastr\u0103 de s\u0103n\u0103tate, oric\u00e2t de lipsit\u0103 de leg\u0103tur\u0103 vi s-ar p\u0103rea, trebuie s\u0103 informa\u021bi medicul \u0219i echipa de studiu despre acest lucru.<\/p><\/div>\n\t\t\t\t<\/div>\n\t\t\t\t\t\t\t<div class=\"elementor-toggle-item\">\n\t\t\t\t\t<div id=\"elementor-tab-title-2499\" class=\"elementor-tab-title\" data-tab=\"9\" role=\"button\" aria-controls=\"elementor-tab-content-2499\" aria-expanded=\"false\">\n\t\t\t\t\t\t\t\t\t\t\t\t<span class=\"elementor-toggle-icon elementor-toggle-icon-right\" aria-hidden=\"true\">\n\t\t\t\t\t\t\t\t\t\t\t\t\t\t\t<span class=\"elementor-toggle-icon-closed\"><i class=\"fas fa-chevron-down\"><\/i><\/span>\n\t\t\t\t\t\t\t\t<span class=\"elementor-toggle-icon-opened\"><i class=\"elementor-toggle-icon-opened fas fa-chevron-up\"><\/i><\/span>\n\t\t\t\t\t\t\t\t\t\t\t\t\t<\/span>\n\t\t\t\t\t\t\t\t\t\t\t\t<a class=\"elementor-toggle-title\" tabindex=\"0\">Unde are loc studiul?<\/a>\n\t\t\t\t\t<\/div>\n\n\t\t\t\t\t<div id=\"elementor-tab-content-2499\" class=\"elementor-tab-content elementor-clearfix\" data-tab=\"9\" role=\"region\" aria-labelledby=\"elementor-tab-title-2499\"><p>Studiile OLYMPIA se desf\u0103\u0219oar\u0103 \u00een centre de studii din \u00eentreaga lume. Afla\u021bi mai multe despre studiile OLYMPIA pentru a vedea care centru de studii este cel mai aproape de dumneavoastr\u0103.<br \/><a class=\"faqbtn\" role=\"button\" href=\"\/ro-ro\/home\/#olympiaStudies\">Afla\u021bi mai multe<\/a><\/p><\/div>\n\t\t\t\t<\/div>\n\t\t\t\t\t\t\t\t<\/div>\n\t\t\t\t\t\t<\/div>\n\t\t\t\t<\/div>\n\t\t\t\t<div class=\"elementor-element elementor-element-4eff222 olympiafaq elementor-widget elementor-widget-toggle\" data-id=\"4eff222\" data-element_type=\"widget\" data-e-type=\"widget\" data-widget_type=\"toggle.default\">\n\t\t\t\t<div class=\"elementor-widget-container\">\n\t\t\t\t\t<style>.elementor-element-4eff222{display:none !important}<\/style>\t\t\t\t<\/div>\n\t\t\t\t<\/div>\n\t\t\t\t<div class=\"elementor-element elementor-element-aec2501 olympiafaq elementor-widget elementor-widget-toggle\" data-id=\"aec2501\" data-element_type=\"widget\" data-e-type=\"widget\" data-widget_type=\"toggle.default\">\n\t\t\t\t<div class=\"elementor-widget-container\">\n\t\t\t\t\t<style>.elementor-element-aec2501{display:none !important}<\/style>\t\t\t\t<\/div>\n\t\t\t\t<\/div>\n\t\t\t\t\t<\/div>\n\t\t<\/div>\n\t\t\t\t\t<\/div>\n\t\t<\/section>\n\t\t\t\t<section class=\"elementor-section elementor-top-section elementor-element elementor-element-dca6840 elementor-section-boxed elementor-section-height-default elementor-section-height-default\" data-id=\"dca6840\" data-element_type=\"section\" data-e-type=\"section\">\n\t\t\t\t\t\t<div class=\"elementor-container elementor-column-gap-default\">\n\t\t\t\t\t<div class=\"elementor-column elementor-col-33 elementor-top-column elementor-element elementor-element-986f8aa\" data-id=\"986f8aa\" data-element_type=\"column\" data-e-type=\"column\">\n\t\t\t<div class=\"elementor-widget-wrap elementor-element-populated\">\n\t\t\t\t\t\t<div class=\"elementor-element elementor-element-a07b5a8 elementor-widget elementor-widget-image\" data-id=\"a07b5a8\" data-element_type=\"widget\" data-e-type=\"widget\" data-widget_type=\"image.default\">\n\t\t\t\t<div class=\"elementor-widget-container\">\n\t\t\t\t\t\t\t\t\t\t\t\t\t\t\t<img decoding=\"async\" width=\"117\" height=\"133\" src=\"https:\/\/olympiastudies.com\/wp-content\/uploads\/2023\/07\/question-icon.png\" class=\"attachment-large size-large wp-image-64\" alt=\"\" \/>\t\t\t\t\t\t\t\t\t\t\t\t\t\t\t<\/div>\n\t\t\t\t<\/div>\n\t\t\t\t\t<\/div>\n\t\t<\/div>\n\t\t\t\t<div class=\"elementor-column elementor-col-66 elementor-top-column elementor-element elementor-element-5cdcd68\" data-id=\"5cdcd68\" data-element_type=\"column\" data-e-type=\"column\">\n\t\t\t<div class=\"elementor-widget-wrap elementor-element-populated\">\n\t\t\t\t\t\t<div class=\"elementor-element elementor-element-66e4487 elementor-widget elementor-widget-heading\" data-id=\"66e4487\" data-element_type=\"widget\" data-e-type=\"widget\" data-widget_type=\"heading.default\">\n\t\t\t\t<div class=\"elementor-widget-container\">\n\t\t\t\t\t<h2 class=\"elementor-heading-title elementor-size-default\">Ce fac dac\u0103 am alte \u00eentreb\u0103ri? <br><span><\/span><\/h2>\t\t\t\t<\/div>\n\t\t\t\t<\/div>\n\t\t\t\t<div class=\"elementor-element elementor-element-c677884 elementor-widget elementor-widget-text-editor\" data-id=\"c677884\" data-element_type=\"widget\" data-e-type=\"widget\" data-widget_type=\"text-editor.default\">\n\t\t\t\t<div class=\"elementor-widget-container\">\n\t\t\t\t\t\t\t\t\t<p>Dac\u0103 ave\u021bi mai multe \u00eentreb\u0103ri despre studiile OLYMPIA, v\u0103 rug\u0103m s\u0103 contacta\u021bi centrul aflat cel mai aproape de dumneavoastr\u0103. Afla\u021bi care centru este cel mai apropiat utiliz\u00e2nd instrumentul nostru de c\u0103utare a centrelor.\u202f<br \/><a class=\"faqbtn\" role=\"button\" href=\"\/ro-ro\/home\/#olympiaStudies\">Afla\u021bi mai multe<\/a><\/p>\t\t\t\t\t\t\t\t<\/div>\n\t\t\t\t<\/div>\n\t\t\t\t<div class=\"elementor-element elementor-element-d3317dd elementor-widget elementor-widget-text-editor\" data-id=\"d3317dd\" data-element_type=\"widget\" data-e-type=\"widget\" data-widget_type=\"text-editor.default\">\n\t\t\t\t<div class=\"elementor-widget-container\">\n\t\t\t\t\t<style>.elementor-element-d3317dd{display:none !important}<\/style>\t\t\t\t<\/div>\n\t\t\t\t<\/div>\n\t\t\t\t\t<\/div>\n\t\t<\/div>\n\t\t\t\t\t<\/div>\n\t\t<\/section>\n\t\t\t\t<\/div>","protected":false},"excerpt":{"rendered":"<p>FAQs FAQs Where can I find additional resources on lymphoma and clinical studies? There are several online resources to learn more about lymphoma and your options, from advocacy groups to research foundations. If you would like to learn more, please take a look at some of the resources listed below. The Lymphoma Support Network Leukemia [&hellip;]<\/p>\n","protected":false},"author":2,"featured_media":0,"parent":0,"menu_order":0,"comment_status":"closed","ping_status":"closed","template":"","meta":{"footnotes":""},"class_list":["post-14","page","type-page","status-publish","hentry"],"_links":{"self":[{"href":"https:\/\/olympiastudies.com\/ro-ro\/wp-json\/wp\/v2\/pages\/14","targetHints":{"allow":["GET"]}}],"collection":[{"href":"https:\/\/olympiastudies.com\/ro-ro\/wp-json\/wp\/v2\/pages"}],"about":[{"href":"https:\/\/olympiastudies.com\/ro-ro\/wp-json\/wp\/v2\/types\/page"}],"author":[{"embeddable":true,"href":"https:\/\/olympiastudies.com\/ro-ro\/wp-json\/wp\/v2\/users\/2"}],"replies":[{"embeddable":true,"href":"https:\/\/olympiastudies.com\/ro-ro\/wp-json\/wp\/v2\/comments?post=14"}],"version-history":[{"count":0,"href":"https:\/\/olympiastudies.com\/ro-ro\/wp-json\/wp\/v2\/pages\/14\/revisions"}],"wp:attachment":[{"href":"https:\/\/olympiastudies.com\/ro-ro\/wp-json\/wp\/v2\/media?parent=14"}],"curies":[{"name":"wp","href":"https:\/\/api.w.org\/{rel}","templated":true}]}}